{"id":197791,"date":"2024-07-23T23:07:24","date_gmt":"2024-07-23T23:07:24","guid":{"rendered":"https:\/\/aldeco.pt\/staging\/product\/almofada-inspiration-baltic-bay-45x45-ox\/"},"modified":"2024-08-06T11:12:47","modified_gmt":"2024-08-06T11:12:47","slug":"almofada-inspiration-baltic-bay-45x45-ox","status":"publish","type":"product","link":"https:\/\/staging.aldeco.pt\/pt-pt\/product\/almofada-inspiration-baltic-bay-45x45-ox\/","title":{"rendered":"ALMOFADA INSPIRATION BALTIC BAY 45&#215;45 OX"},"content":{"rendered":"<p>Inspiration \u00e9 um tecido muito especial com um toque suave e elevado Martindale. Inspirada nas fibras de penas de p\u00e1ssaros e leitos de rios esta almofada decorativa quadrada tem 1 cm de oxford em toda a volta. Esta almofada tem fecho oculto e est\u00e1 dispon\u00edvel em diversas combina\u00e7\u00f5es de cores, com ou sem enchimento.<\/p>\n","protected":false},"excerpt":{"rendered":"<p>Inspiration \u00e9 um tecido muito especial com um toque suave e elevado Martindale. inspirada nas fibras de penas de p\u00e1ssaros e leitos de rios esta almofada decorativa quadrada tem 1 cm de oxford em toda a volta. Esta almofada tem fecho oculto e est\u00e1 dispon\u00edvel em diversas combina\u00e7\u00f5es de cores, com ou sem enchimento. <\/p>\n<h2>Almofada Inspiration, inspirada nas fibras de penas de p\u00e1ssaros e leitos de rios esta almofada decorativa quadrada tem 1 cm de oxford em toda a volta.<\/h2>\n<p><img fetchpriority=\"high\" decoding=\"async\" class=\"alignnone wp-image-197363 size-medium\" src=\"https:\/\/aldeco.pt\/staging\/wp-content\/uploads\/2024\/07\/CUSHION-INSPIRATION-BALTIC-BAY-45x45-OX-300x241.jpg\" alt=\"Almofada Inspiration Baltic Bay - Aldeco\" width=\"300\" height=\"241\"><\/p>\n<p><a href=\"https:\/\/aldeco.pt\/staging\/product\/cushion-inspiration-baltic-bay-45x45-ox\/?attribute_pa_aldeco-color=07-baltic-bay\">https:\/\/aldeco.pt\/staging\/product\/cushion-inspiration-baltic-bay-45&#215;45-ox\/?attribute_pa_aldeco-color=07-baltic-bay<\/a><a href=\"https:\/\/www.instagram.com\/aldeco_interiorfabrics\/\">https:\/\/www.instagram.com\/aldeco_interiorfabrics\/<\/a><\/p>\n","protected":false},"featured_media":197364,"template":"","meta":[],"product_brand":[],"product_cat":[6145],"product_tag":[],"class_list":{"0":"post-197791","1":"product","2":"type-product","3":"status-publish","4":"has-post-thumbnail","6":"product_cat-aldeco-2-pt-pt-2","7":"pa_composition-ext-46-vi-35-co-19-pl-pt-pt","8":"pa_line-almofadas","9":"pa_range-chenile","12":"first","13":"instock","14":"purchasable","15":"product-type-variable"},"acf":[],"_links":{"self":[{"href":"https:\/\/staging.aldeco.pt\/pt-pt\/wp-json\/wp\/v2\/product\/197791","targetHints":{"allow":["GET"]}}],"collection":[{"href":"https:\/\/staging.aldeco.pt\/pt-pt\/wp-json\/wp\/v2\/product"}],"about":[{"href":"https:\/\/staging.aldeco.pt\/pt-pt\/wp-json\/wp\/v2\/types\/product"}],"version-history":[{"count":1,"href":"https:\/\/staging.aldeco.pt\/pt-pt\/wp-json\/wp\/v2\/product\/197791\/revisions"}],"predecessor-version":[{"id":197982,"href":"https:\/\/staging.aldeco.pt\/pt-pt\/wp-json\/wp\/v2\/product\/197791\/revisions\/197982"}],"wp:featuredmedia":[{"embeddable":true,"href":"https:\/\/staging.aldeco.pt\/pt-pt\/wp-json\/wp\/v2\/media\/197364"}],"wp:attachment":[{"href":"https:\/\/staging.aldeco.pt\/pt-pt\/wp-json\/wp\/v2\/media?parent=197791"}],"wp:term":[{"taxonomy":"product_brand","embeddable":true,"href":"https:\/\/staging.aldeco.pt\/pt-pt\/wp-json\/wp\/v2\/product_brand?post=197791"},{"taxonomy":"product_cat","embeddable":true,"href":"https:\/\/staging.aldeco.pt\/pt-pt\/wp-json\/wp\/v2\/product_cat?post=197791"},{"taxonomy":"product_tag","embeddable":true,"href":"https:\/\/staging.aldeco.pt\/pt-pt\/wp-json\/wp\/v2\/product_tag?post=197791"}],"curies":[{"name":"wp","href":"https:\/\/api.w.org\/{rel}","templated":true}]}}