{"id":197787,"date":"2024-07-23T23:05:20","date_gmt":"2024-07-23T23:05:20","guid":{"rendered":"https:\/\/aldeco.pt\/staging\/product\/almofad-guilty-peacock-blue-45x45-p\/"},"modified":"2024-10-08T16:17:06","modified_gmt":"2024-10-08T16:17:06","slug":"almofad-guilty-peacock-blue-45x45-p","status":"publish","type":"product","link":"https:\/\/staging.aldeco.pt\/pt-pt\/product\/almofad-guilty-peacock-blue-45x45-p\/","title":{"rendered":"ALMOFAD GUILTY PEACOCK BLUE 45&#215;45 P"},"content":{"rendered":"<p>Elegante almofada decorativa quadrada com vivo em veludo Si\u00e9ge. Guilty \u00e9 um tecido muito especial pela sua beleza e complexidade, pois a sua constru\u00e7\u00e3o \u00e9 em moir\u00e9 jacquard , com uma vibrante ilustra\u00e7\u00e3o em estilo de pinceladas profundas, Inspirada nas penas do sedutor pav\u00e3o. Esta almofada tem fecho oculto e est\u00e1 dispon\u00edvel em diversas combina\u00e7\u00f5es de cores, com ou sem enchimento.<\/p>\n","protected":false},"excerpt":{"rendered":"<p>Elegante almofada decorativa quadrada com vivo em veludo Si\u00e9ge. Guilty \u00e9 um tecido muito especial pela sua beleza e complexidade, pois a sua constru\u00e7\u00e3o \u00e9 em moir\u00e9 jacquard , com uma vibrante ilustra\u00e7\u00e3o em estilo de pinceladas profundas, Inspirada nas penas do sedutor pav\u00e3o. Esta almofada tem fecho oculto e est\u00e1 dispon\u00edvel em diversas combina\u00e7\u00f5es de cores, com ou sem enchimento.<\/p>\n<h2>Almofada Guilty, elegante almofada decorativa retangular com vivo em veludo Sucesso.<\/h2>\n<p><img fetchpriority=\"high\" decoding=\"async\" class=\"alignnone wp-image-197352 size-medium\" src=\"https:\/\/aldeco.pt\/staging\/wp-content\/uploads\/2024\/07\/CUSHION-GUILTY-PEACOCK-BLUE-45x45-P-300x241.jpg\" alt=\"Almofada Guilty Peacock Blue - Aldeco\" width=\"300\" height=\"241\" \/><\/p>\n<p><a href=\"https:\/\/aldeco.pt\/staging\/product\/cushion-guilty-peacock-blue-45x45-p\/?attribute_pa_aldeco-color=03-peacock-blue\">https:\/\/aldeco.pt\/staging\/product\/cushion-guilty-peacock-blue-45&#215;45-p\/?attribute_pa_aldeco-color=03-peacock-blue<\/a><a href=\"https:\/\/www.instagram.com\/aldeco_interiorfabrics\/\">https:\/\/www.instagram.com\/aldeco_interiorfabrics\/<\/a><\/p>\n","protected":false},"featured_media":197353,"template":"","meta":[],"product_brand":[],"product_cat":[6145],"product_tag":[],"class_list":{"0":"post-197787","1":"product","2":"type-product","3":"status-publish","4":"has-post-thumbnail","6":"product_cat-aldeco-2-pt-pt-2","7":"pa_composition-ext-58-co-42-vi-pt-pt","8":"pa_line-almofadas","9":"pa_range-estampado","10":"pa_range-jacquard-pt-pt","13":"first","14":"instock","15":"purchasable","16":"product-type-variable"},"acf":[],"_links":{"self":[{"href":"https:\/\/staging.aldeco.pt\/pt-pt\/wp-json\/wp\/v2\/product\/197787","targetHints":{"allow":["GET"]}}],"collection":[{"href":"https:\/\/staging.aldeco.pt\/pt-pt\/wp-json\/wp\/v2\/product"}],"about":[{"href":"https:\/\/staging.aldeco.pt\/pt-pt\/wp-json\/wp\/v2\/types\/product"}],"version-history":[{"count":2,"href":"https:\/\/staging.aldeco.pt\/pt-pt\/wp-json\/wp\/v2\/product\/197787\/revisions"}],"predecessor-version":[{"id":202251,"href":"https:\/\/staging.aldeco.pt\/pt-pt\/wp-json\/wp\/v2\/product\/197787\/revisions\/202251"}],"wp:featuredmedia":[{"embeddable":true,"href":"https:\/\/staging.aldeco.pt\/pt-pt\/wp-json\/wp\/v2\/media\/197353"}],"wp:attachment":[{"href":"https:\/\/staging.aldeco.pt\/pt-pt\/wp-json\/wp\/v2\/media?parent=197787"}],"wp:term":[{"taxonomy":"product_brand","embeddable":true,"href":"https:\/\/staging.aldeco.pt\/pt-pt\/wp-json\/wp\/v2\/product_brand?post=197787"},{"taxonomy":"product_cat","embeddable":true,"href":"https:\/\/staging.aldeco.pt\/pt-pt\/wp-json\/wp\/v2\/product_cat?post=197787"},{"taxonomy":"product_tag","embeddable":true,"href":"https:\/\/staging.aldeco.pt\/pt-pt\/wp-json\/wp\/v2\/product_tag?post=197787"}],"curies":[{"name":"wp","href":"https:\/\/api.w.org\/{rel}","templated":true}]}}