{"id":197775,"date":"2024-07-23T23:04:48","date_gmt":"2024-07-23T23:04:48","guid":{"rendered":"https:\/\/aldeco.pt\/staging\/product\/almofada-gorgeous-aquarelle-50x30-ox\/"},"modified":"2024-08-06T11:13:06","modified_gmt":"2024-08-06T11:13:06","slug":"almofada-gorgeous-aquarelle-50x30-ox","status":"publish","type":"product","link":"https:\/\/staging.aldeco.pt\/pt-pt\/product\/almofada-gorgeous-aquarelle-50x30-ox\/","title":{"rendered":"ALMOFADA GORGEOUS AQUARELLE 50&#215;30 OX"},"content":{"rendered":"<p>Almofada Gorgeous, A almofada decorativa quadrada surpreende-nos com um desenho geom\u00e9trico. Quase como uma desconstru\u00e7\u00e3o dos veios da madeira. Esta almofada tem 1 cm de Oxford a toda a volta e fecho oculto e est\u00e1 dispon\u00edvel em diversas combina\u00e7\u00f5es de cores, com ou sem enchimento.<\/p>\n","protected":false},"excerpt":{"rendered":"<p>Almofada Gorgeous, A almofada decorativa quadrada surpreende-nos com um desenho geom\u00e9trico. Quase como uma desconstru\u00e7\u00e3o dos veios da madeira. Esta almofada tem 1 cm de Oxford a toda a volta e fecho oculto e est\u00e1 dispon\u00edvel em diversas combina\u00e7\u00f5es de cores, com ou sem enchimento. <\/p>\n<h2>Almofada Gorgeous, A almofada decorativa quadrada surpreende-nos com um desenho geom\u00e9trico. Quase como uma desconstru\u00e7\u00e3o dos veios da madeira.<\/h2>\n<p><img fetchpriority=\"high\" decoding=\"async\" class=\"alignnone wp-image-197320 size-medium\" src=\"https:\/\/aldeco.pt\/staging\/wp-content\/uploads\/2024\/07\/CUSHION-GORGEOUS-AQUARELLE-50x30-OX-300x241.jpg\" alt=\"Almofada Gorgeous Aquarelle - Aldeco\" width=\"300\" height=\"241\"><\/p>\n<p><a href=\"https:\/\/aldeco.pt\/staging\/product\/cushion-gorgeous-aquarelle-50x30-ox\/?attribute_pa_aldeco-color=05-aquarelle\">https:\/\/aldeco.pt\/staging\/product\/cushion-gorgeous-aquarelle-50&#215;30-ox\/?attribute_pa_aldeco-color=05-aquarelle<\/a><a href=\"https:\/\/www.instagram.com\/aldeco_interiorfabrics\/\">https:\/\/www.instagram.com\/aldeco_interiorfabrics\/<\/a><\/p>\n","protected":false},"featured_media":197321,"template":"","meta":[],"product_brand":[],"product_cat":[6145],"product_tag":[],"class_list":{"0":"post-197775","1":"product","2":"type-product","3":"status-publish","4":"has-post-thumbnail","6":"product_cat-aldeco-2-pt-pt-2","7":"pa_composition-ext-51-vi-25-li-24-pl-pt-pt","8":"pa_line-almofadas","9":"pa_range-jacquard-pt-pt","12":"first","13":"instock","14":"purchasable","15":"product-type-variable"},"acf":[],"_links":{"self":[{"href":"https:\/\/staging.aldeco.pt\/pt-pt\/wp-json\/wp\/v2\/product\/197775","targetHints":{"allow":["GET"]}}],"collection":[{"href":"https:\/\/staging.aldeco.pt\/pt-pt\/wp-json\/wp\/v2\/product"}],"about":[{"href":"https:\/\/staging.aldeco.pt\/pt-pt\/wp-json\/wp\/v2\/types\/product"}],"version-history":[{"count":1,"href":"https:\/\/staging.aldeco.pt\/pt-pt\/wp-json\/wp\/v2\/product\/197775\/revisions"}],"predecessor-version":[{"id":198011,"href":"https:\/\/staging.aldeco.pt\/pt-pt\/wp-json\/wp\/v2\/product\/197775\/revisions\/198011"}],"wp:featuredmedia":[{"embeddable":true,"href":"https:\/\/staging.aldeco.pt\/pt-pt\/wp-json\/wp\/v2\/media\/197321"}],"wp:attachment":[{"href":"https:\/\/staging.aldeco.pt\/pt-pt\/wp-json\/wp\/v2\/media?parent=197775"}],"wp:term":[{"taxonomy":"product_brand","embeddable":true,"href":"https:\/\/staging.aldeco.pt\/pt-pt\/wp-json\/wp\/v2\/product_brand?post=197775"},{"taxonomy":"product_cat","embeddable":true,"href":"https:\/\/staging.aldeco.pt\/pt-pt\/wp-json\/wp\/v2\/product_cat?post=197775"},{"taxonomy":"product_tag","embeddable":true,"href":"https:\/\/staging.aldeco.pt\/pt-pt\/wp-json\/wp\/v2\/product_tag?post=197775"}],"curies":[{"name":"wp","href":"https:\/\/api.w.org\/{rel}","templated":true}]}}