{"id":197773,"date":"2024-07-23T23:04:44","date_gmt":"2024-07-23T23:04:44","guid":{"rendered":"https:\/\/aldeco.pt\/staging\/product\/almofada-gorgeous-amazon-green-45x45-p\/"},"modified":"2024-08-06T11:13:06","modified_gmt":"2024-08-06T11:13:06","slug":"almofada-gorgeous-amazon-green-45x45-p","status":"publish","type":"product","link":"https:\/\/staging.aldeco.pt\/pt-pt\/product\/almofada-gorgeous-amazon-green-45x45-p\/","title":{"rendered":"ALMOFADA GORGEOUS AMAZON GREEN 45&#215;45 P"},"content":{"rendered":"<p>Almofada Gorgeous, A almofada decorativa quadrada surpreende-nos com um desenho geom\u00e9trico. Quase como uma desconstru\u00e7\u00e3o dos veios da madeira. Esta almofada tem vivo em Si\u00e9ge Velvet e fecho oculto e est\u00e1 dispon\u00edvel em diversas combina\u00e7\u00f5es de cores, com ou sem enchimento.<\/p>\n","protected":false},"excerpt":{"rendered":"<p>Almofada Gorgeous, A almofada decorativa quadrada surpreende-nos com um desenho geom\u00e9trico. Quase como uma desconstru\u00e7\u00e3o dos veios da madeira. Esta almofada tem vivo em Si\u00e9ge Velvet e fecho oculto e est\u00e1 dispon\u00edvel em diversas combina\u00e7\u00f5es de cores, com ou sem enchimento. <\/p>\n<h2>Almofada Gorgeous, A almofada decorativa quadrada surpreende-nos com um desenho geom\u00e9trico. Quase como uma desconstru\u00e7\u00e3o dos veios da madeira.<\/h2>\n<p><img fetchpriority=\"high\" decoding=\"async\" class=\"alignnone wp-image-197314 size-medium\" src=\"https:\/\/aldeco.pt\/staging\/wp-content\/uploads\/2024\/07\/CUSHION-GORGEOUS-AMAZON-GREEN-45x45-P-300x241.jpg\" alt=\"Almofada Gorgeous Amazon Green - Aldeco\" width=\"300\" height=\"241\"><\/p>\n<p><a href=\"https:\/\/aldeco.pt\/staging\/product\/cushion-gorgeous-amazon-green-45x45-p\/?attribute_pa_aldeco-color=04-amazon-green\">https:\/\/aldeco.pt\/staging\/product\/cushion-gorgeous-amazon-green-45&#215;45-p\/?attribute_pa_aldeco-color=04-amazon-green<\/a><a href=\"https:\/\/www.instagram.com\/aldeco_interiorfabrics\/\">https:\/\/www.instagram.com\/aldeco_interiorfabrics\/<\/a><\/p>\n","protected":false},"featured_media":197315,"template":"","meta":[],"product_brand":[],"product_cat":[6145],"product_tag":[],"class_list":{"0":"post-197773","1":"product","2":"type-product","3":"status-publish","4":"has-post-thumbnail","6":"product_cat-aldeco-2-pt-pt-2","7":"pa_composition-ext-51-vi-25-li-24-pl-pt-pt","8":"pa_line-almofadas","9":"pa_range-jacquard-pt-pt","12":"first","13":"instock","14":"purchasable","15":"product-type-variable"},"acf":[],"_links":{"self":[{"href":"https:\/\/staging.aldeco.pt\/pt-pt\/wp-json\/wp\/v2\/product\/197773","targetHints":{"allow":["GET"]}}],"collection":[{"href":"https:\/\/staging.aldeco.pt\/pt-pt\/wp-json\/wp\/v2\/product"}],"about":[{"href":"https:\/\/staging.aldeco.pt\/pt-pt\/wp-json\/wp\/v2\/types\/product"}],"version-history":[{"count":1,"href":"https:\/\/staging.aldeco.pt\/pt-pt\/wp-json\/wp\/v2\/product\/197773\/revisions"}],"predecessor-version":[{"id":198012,"href":"https:\/\/staging.aldeco.pt\/pt-pt\/wp-json\/wp\/v2\/product\/197773\/revisions\/198012"}],"wp:featuredmedia":[{"embeddable":true,"href":"https:\/\/staging.aldeco.pt\/pt-pt\/wp-json\/wp\/v2\/media\/197315"}],"wp:attachment":[{"href":"https:\/\/staging.aldeco.pt\/pt-pt\/wp-json\/wp\/v2\/media?parent=197773"}],"wp:term":[{"taxonomy":"product_brand","embeddable":true,"href":"https:\/\/staging.aldeco.pt\/pt-pt\/wp-json\/wp\/v2\/product_brand?post=197773"},{"taxonomy":"product_cat","embeddable":true,"href":"https:\/\/staging.aldeco.pt\/pt-pt\/wp-json\/wp\/v2\/product_cat?post=197773"},{"taxonomy":"product_tag","embeddable":true,"href":"https:\/\/staging.aldeco.pt\/pt-pt\/wp-json\/wp\/v2\/product_tag?post=197773"}],"curies":[{"name":"wp","href":"https:\/\/api.w.org\/{rel}","templated":true}]}}