{"id":197771,"date":"2024-07-23T23:02:25","date_gmt":"2024-07-23T23:02:25","guid":{"rendered":"https:\/\/aldeco.pt\/staging\/product\/almofada-ever-lasting-natural-nude-45x45-p\/"},"modified":"2024-08-06T11:13:58","modified_gmt":"2024-08-06T11:13:58","slug":"almofada-ever-lasting-natural-nude-45x45-p","status":"publish","type":"product","link":"https:\/\/staging.aldeco.pt\/pt-pt\/product\/almofada-ever-lasting-natural-nude-45x45-p\/","title":{"rendered":"ALMOFADA EVER LASTING NATURAL NUDE 45&#215;45 P"},"content":{"rendered":"<p>Almofada decorativa quadrada elegante em tecido chenille retardante de cham com vivo em veludo Si\u00e9ge. Ever Lasting FR tem um design ondulante inspirado em formas naturais como penas de aves e tricot formando um zig zag elegante e fluido. Esta almofada tem fecho oculto e est\u00e1 dispon\u00edvel em diversas combina\u00e7\u00f5es de cores, com ou sem enchimento.<\/p>\n","protected":false},"excerpt":{"rendered":"<p>Almofada decorativa quadrada elegante em tecido chenille retardante de cham com vivo em veludo Si\u00e9ge. Ever Lasting FR tem um design ondulante inspirado em formas naturais como penas de aves e tricot formando um zig zag elegante e fluido. Esta almofada tem fecho oculto e est\u00e1 dispon\u00edvel em diversas combina\u00e7\u00f5es de cores, com ou sem enchimento. <\/p>\n<h2>Almofada Ever Lasting FR tem um design ondulado inspirado em formas naturais como penas de p\u00e1ssaros e tric\u00f4 formando um ziguezague fluido.<\/h2>\n<p><img fetchpriority=\"high\" decoding=\"async\" class=\"alignnone wp-image-197309 size-medium\" src=\"https:\/\/aldeco.pt\/staging\/wp-content\/uploads\/2024\/07\/CUSHION-EVER-LASTING-NATURAL-NUDE-45x45-P-300x241.jpg\" alt=\"Almofada Ever Lasting Natural Nude - Aldeco\" width=\"300\" height=\"241\"><\/p>\n<p><a href=\"https:\/\/aldeco.pt\/staging\/product\/cushion-ever-lasting-natural-nude-45x45-p\/?attribute_pa_aldeco-color=02-natural-nude\">https:\/\/aldeco.pt\/staging\/product\/cushion-ever-lasting-natural-nude-45&#215;45-p\/?attribute_pa_aldeco-color=02-natural-nude<\/a><a href=\"https:\/\/www.instagram.com\/aldeco_interiorfabrics\/\">https:\/\/www.instagram.com\/aldeco_interiorfabrics\/<\/a><\/p>\n","protected":false},"featured_media":197310,"template":"","meta":[],"product_brand":[],"product_cat":[6145],"product_tag":[],"class_list":{"0":"post-197771","1":"product","2":"type-product","3":"status-publish","4":"has-post-thumbnail","6":"product_cat-aldeco-2-pt-pt-2","7":"pa_composition-ext-46-vi-29-co-25-pl-pt-pt","8":"pa_line-almofadas","9":"pa_range-chenile","12":"first","13":"instock","14":"purchasable","15":"product-type-variable"},"acf":[],"_links":{"self":[{"href":"https:\/\/staging.aldeco.pt\/pt-pt\/wp-json\/wp\/v2\/product\/197771","targetHints":{"allow":["GET"]}}],"collection":[{"href":"https:\/\/staging.aldeco.pt\/pt-pt\/wp-json\/wp\/v2\/product"}],"about":[{"href":"https:\/\/staging.aldeco.pt\/pt-pt\/wp-json\/wp\/v2\/types\/product"}],"version-history":[{"count":1,"href":"https:\/\/staging.aldeco.pt\/pt-pt\/wp-json\/wp\/v2\/product\/197771\/revisions"}],"predecessor-version":[{"id":198019,"href":"https:\/\/staging.aldeco.pt\/pt-pt\/wp-json\/wp\/v2\/product\/197771\/revisions\/198019"}],"wp:featuredmedia":[{"embeddable":true,"href":"https:\/\/staging.aldeco.pt\/pt-pt\/wp-json\/wp\/v2\/media\/197310"}],"wp:attachment":[{"href":"https:\/\/staging.aldeco.pt\/pt-pt\/wp-json\/wp\/v2\/media?parent=197771"}],"wp:term":[{"taxonomy":"product_brand","embeddable":true,"href":"https:\/\/staging.aldeco.pt\/pt-pt\/wp-json\/wp\/v2\/product_brand?post=197771"},{"taxonomy":"product_cat","embeddable":true,"href":"https:\/\/staging.aldeco.pt\/pt-pt\/wp-json\/wp\/v2\/product_cat?post=197771"},{"taxonomy":"product_tag","embeddable":true,"href":"https:\/\/staging.aldeco.pt\/pt-pt\/wp-json\/wp\/v2\/product_tag?post=197771"}],"curies":[{"name":"wp","href":"https:\/\/api.w.org\/{rel}","templated":true}]}}