{"id":197769,"date":"2024-07-23T23:02:20","date_gmt":"2024-07-23T23:02:20","guid":{"rendered":"https:\/\/aldeco.pt\/staging\/product\/almofada-dots-cherry-blossom-50x30-p\/"},"modified":"2024-10-03T09:48:52","modified_gmt":"2024-10-03T09:48:52","slug":"almofada-dots-cherry-blossom-50x30-p","status":"publish","type":"product","link":"https:\/\/staging.aldeco.pt\/pt-pt\/product\/almofada-dots-cherry-blossom-50x30-p\/","title":{"rendered":"ALMOFADA DOTS CHERRY BLOSSOM 50&#215;30 P"},"content":{"rendered":"<p>Divirta-se com Dots uma linda almofada decorativa retangular com micro motivo jacquard com elementos coloridos. Esta almofada tem vivo Si\u00e9ge Velvet na cor correspondente e fecho oculto e est\u00e1 dispon\u00edvel em diversas combina\u00e7\u00f5es de cores, com ou sem enchimento.<\/p>\n","protected":false},"excerpt":{"rendered":"<p>Divirta-se com Dots uma linda almofada decorativa retangular com micro motivo jacquard com elementos coloridos. Esta almofada tem vivo Si\u00e9ge Velvet na cor correspondente e fecho oculto e est\u00e1 dispon\u00edvel em diversas combina\u00e7\u00f5es de cores, com ou sem enchimento.<\/p>\n<h2>Almofada Dots, uma linda almofada decorativa retangular com micro motivo jacquard com elementos coloridos.<\/h2>\n<p><img fetchpriority=\"high\" decoding=\"async\" class=\"alignnone wp-image-197304 size-medium\" src=\"https:\/\/aldeco.pt\/staging\/wp-content\/uploads\/2024\/07\/CUSHION-DOTS-CHERRY-BLOSSOM-50x30-P-300x241.jpg\" alt=\"Almofada Dots Cherry Blossom - Aldeco\" width=\"300\" height=\"241\" \/><\/p>\n<p><a href=\"https:\/\/aldeco.pt\/staging\/product\/cushion-dots-cherry-blossom-50x30-p\/?attribute_pa_aldeco-color=02-cherry-blossom\">https:\/\/aldeco.pt\/staging\/product\/cushion-dots-cherry-blossom-50&#215;30-p\/?attribute_pa_aldeco-color=02-cherry-blossom<\/a><a href=\"https:\/\/www.instagram.com\/aldeco_interiorfabrics\/\">https:\/\/www.instagram.com\/aldeco_interiorfabrics\/<\/a><\/p>\n","protected":false},"featured_media":197305,"template":"","meta":[],"product_brand":[],"product_cat":[6145],"product_tag":[],"class_list":{"0":"post-197769","1":"product","2":"type-product","3":"status-publish","4":"has-post-thumbnail","6":"product_cat-aldeco-2-pt-pt-2","7":"pa_composition-ext-36-vi-29-pl-18-co-17-li-pt-pt","8":"pa_line-almofadas","9":"pa_range-jacquard-pt-pt","12":"first","13":"instock","14":"purchasable","15":"product-type-variable"},"acf":[],"_links":{"self":[{"href":"https:\/\/staging.aldeco.pt\/pt-pt\/wp-json\/wp\/v2\/product\/197769","targetHints":{"allow":["GET"]}}],"collection":[{"href":"https:\/\/staging.aldeco.pt\/pt-pt\/wp-json\/wp\/v2\/product"}],"about":[{"href":"https:\/\/staging.aldeco.pt\/pt-pt\/wp-json\/wp\/v2\/types\/product"}],"version-history":[{"count":2,"href":"https:\/\/staging.aldeco.pt\/pt-pt\/wp-json\/wp\/v2\/product\/197769\/revisions"}],"predecessor-version":[{"id":201939,"href":"https:\/\/staging.aldeco.pt\/pt-pt\/wp-json\/wp\/v2\/product\/197769\/revisions\/201939"}],"wp:featuredmedia":[{"embeddable":true,"href":"https:\/\/staging.aldeco.pt\/pt-pt\/wp-json\/wp\/v2\/media\/197305"}],"wp:attachment":[{"href":"https:\/\/staging.aldeco.pt\/pt-pt\/wp-json\/wp\/v2\/media?parent=197769"}],"wp:term":[{"taxonomy":"product_brand","embeddable":true,"href":"https:\/\/staging.aldeco.pt\/pt-pt\/wp-json\/wp\/v2\/product_brand?post=197769"},{"taxonomy":"product_cat","embeddable":true,"href":"https:\/\/staging.aldeco.pt\/pt-pt\/wp-json\/wp\/v2\/product_cat?post=197769"},{"taxonomy":"product_tag","embeddable":true,"href":"https:\/\/staging.aldeco.pt\/pt-pt\/wp-json\/wp\/v2\/product_tag?post=197769"}],"curies":[{"name":"wp","href":"https:\/\/api.w.org\/{rel}","templated":true}]}}