{"id":197757,"date":"2024-07-23T22:59:47","date_gmt":"2024-07-23T22:59:47","guid":{"rendered":"https:\/\/aldeco.pt\/staging\/product\/almofada-celebration-cherry-blossom-45x45-p\/"},"modified":"2024-10-07T14:47:41","modified_gmt":"2024-10-07T14:47:41","slug":"almofada-celebration-cherry-blossom-45x45-p","status":"publish","type":"product","link":"https:\/\/staging.aldeco.pt\/pt-pt\/product\/almofada-celebration-cherry-blossom-45x45-p\/","title":{"rendered":"ALMOFADA CELEBRATION CHERRY BLOSSOM 45&#215;45 P"},"content":{"rendered":"<p>Almofada decorativa quadrada no tecido jacquard Celebration. Celebration \u00e9 uma vers\u00e3o com risca do nosso design Blessed, tamb\u00e9m com efeito zig-zag. Ambos podem ser combinados de diversas formas, devido \u00e0s riscas multicoloridas de Celebration. Todas as cores das riscas est\u00e3o dispon\u00edveis no tecido Blessed. Esta almofada tem vivo Si\u00e9ge Velvet para aquele toque especial e fecho de correr oculto e est\u00e1 dispon\u00edvel em diversas combina\u00e7\u00f5es de cores, com ou sem enchimento.<\/p>\n","protected":false},"excerpt":{"rendered":"<p>Almofada decorativa quadrada no tecido jacquard Celebration. Celebration \u00e9 uma vers\u00e3o com risca do nosso design Blessed, tamb\u00e9m com efeito zig-zag. Ambos podem ser combinados de diversas formas, devido \u00e0s riscas multicoloridas de Celebration. Todas as cores das riscas est\u00e3o dispon\u00edveis no tecido Blessed. Esta almofada tem vivo Si\u00e9ge Velvet para aquele toque especial e fecho de correr oculto e est\u00e1 dispon\u00edvel em diversas combina\u00e7\u00f5es de cores, com ou sem enchimento.<\/p>\n<h2>Almofada Celebration \u00e9 uma vers\u00e3o com risca do nosso design Blessed, tamb\u00e9m com efeito zig-zag.<\/h2>\n<p><img fetchpriority=\"high\" decoding=\"async\" class=\"alignnone wp-image-197270 size-medium\" src=\"https:\/\/aldeco.pt\/staging\/wp-content\/uploads\/2024\/07\/CUSHION-CELEBRATION-CHERRY-BLOSSOM-45x45-P-300x241.jpg\" alt=\"Almofada Celebration Cherry Blossom - Aldeco\" width=\"300\" height=\"241\" \/><\/p>\n<p><a href=\"https:\/\/aldeco.pt\/staging\/product\/cushion-celebration-cherry-blossom-45x45-p\/?attribute_pa_aldeco-color=03-cherry-blossom\">https:\/\/aldeco.pt\/staging\/product\/cushion-celebration-cherry-blossom-45&#215;45-p\/?attribute_pa_aldeco-color=03-cherry-blossom<\/a><a href=\"https:\/\/www.instagram.com\/aldeco_interiorfabrics\/\">https:\/\/www.instagram.com\/aldeco_interiorfabrics\/<\/a><\/p>\n","protected":false},"featured_media":197271,"template":"","meta":[],"product_brand":[],"product_cat":[6145],"product_tag":[],"class_list":{"0":"post-197757","1":"product","2":"type-product","3":"status-publish","4":"has-post-thumbnail","6":"product_cat-aldeco-2-pt-pt-2","7":"pa_composition-ext-46-vi-22-li-20-co-12-pl-pt-pt","8":"pa_line-almofadas","9":"pa_range-jacquard-pt-pt","12":"first","13":"instock","14":"purchasable","15":"product-type-variable"},"acf":[],"_links":{"self":[{"href":"https:\/\/staging.aldeco.pt\/pt-pt\/wp-json\/wp\/v2\/product\/197757","targetHints":{"allow":["GET"]}}],"collection":[{"href":"https:\/\/staging.aldeco.pt\/pt-pt\/wp-json\/wp\/v2\/product"}],"about":[{"href":"https:\/\/staging.aldeco.pt\/pt-pt\/wp-json\/wp\/v2\/types\/product"}],"version-history":[{"count":2,"href":"https:\/\/staging.aldeco.pt\/pt-pt\/wp-json\/wp\/v2\/product\/197757\/revisions"}],"predecessor-version":[{"id":202143,"href":"https:\/\/staging.aldeco.pt\/pt-pt\/wp-json\/wp\/v2\/product\/197757\/revisions\/202143"}],"wp:featuredmedia":[{"embeddable":true,"href":"https:\/\/staging.aldeco.pt\/pt-pt\/wp-json\/wp\/v2\/media\/197271"}],"wp:attachment":[{"href":"https:\/\/staging.aldeco.pt\/pt-pt\/wp-json\/wp\/v2\/media?parent=197757"}],"wp:term":[{"taxonomy":"product_brand","embeddable":true,"href":"https:\/\/staging.aldeco.pt\/pt-pt\/wp-json\/wp\/v2\/product_brand?post=197757"},{"taxonomy":"product_cat","embeddable":true,"href":"https:\/\/staging.aldeco.pt\/pt-pt\/wp-json\/wp\/v2\/product_cat?post=197757"},{"taxonomy":"product_tag","embeddable":true,"href":"https:\/\/staging.aldeco.pt\/pt-pt\/wp-json\/wp\/v2\/product_tag?post=197757"}],"curies":[{"name":"wp","href":"https:\/\/api.w.org\/{rel}","templated":true}]}}