{"id":197697,"date":"2024-07-23T22:56:31","date_gmt":"2024-07-23T22:56:31","guid":{"rendered":"https:\/\/aldeco.pt\/staging\/product\/almofada-blooming-natural-sunshine-45x45-p\/"},"modified":"2024-08-06T11:14:44","modified_gmt":"2024-08-06T11:14:44","slug":"almofada-blooming-natural-sunshine-45x45-p","status":"publish","type":"product","link":"https:\/\/staging.aldeco.pt\/pt-pt\/product\/almofada-blooming-natural-sunshine-45x45-p\/","title":{"rendered":"ALMOFADA BLOOMING NATURAL SUNSHINE 45&#215;45 P"},"content":{"rendered":"<p>Blooming est\u00e1 dispon\u00edvel numa fant\u00e1stica almofada decorativa em cetim de algod\u00e3o mercerizado. Este incr\u00edvel desenho tropical com alegres tucanos \u00e9 confecionado numa base de alt\u00edssima qualidade com vivo Si\u00e9ge Velvet numa cor a coordenar.  Esta almofada tem fecho oculto e est\u00e1 dispon\u00edvel em diversas combina\u00e7\u00f5es de cores, com ou sem enchimento.<\/p>\n","protected":false},"excerpt":{"rendered":"<p>Blooming est\u00e1 dispon\u00edvel numa fant\u00e1stica almofada decorativa em cetim de algod\u00e3o mercerizado. Este incr\u00edvel desenho tropical com alegres tucanos \u00e9 confecionado numa base de alt\u00edssima qualidade com vivo Si\u00e9ge Velvet numa cor a coordenar.  Esta almofada tem fecho oculto e est\u00e1 dispon\u00edvel em diversas combina\u00e7\u00f5es de cores, com ou sem enchimento. <\/p>\n<h2>Almofada Blooming, este incr\u00edvel desenho tropical com alegres tucanos \u00e9 confecionado numa base de alt\u00edssima qualidade com vivo Si\u00e9ge Velvet numa cor a coordenar.<\/h2>\n<p><img fetchpriority=\"high\" decoding=\"async\" class=\"alignnone wp-image-197228 size-medium\" src=\"https:\/\/aldeco.pt\/staging\/wp-content\/uploads\/2024\/07\/CUSHION-BLOOMING-NATURAL-SUNSHINE-45x45-P-300x241.jpg\" alt=\"Almofada Blooming Natural Sunshine - Aldeco\" width=\"300\" height=\"241\"><\/p>\n<p><a href=\"https:\/\/aldeco.pt\/staging\/product\/cushion-blooming-natural-sunshine-45x45-p\/?attribute_pa_aldeco-color=02-natural-sunlight\">https:\/\/aldeco.pt\/staging\/product\/cushion-blooming-natural-sunshine-45&#215;45-p\/?attribute_pa_aldeco-color=02-natural-sunlight<\/a><a href=\"https:\/\/www.instagram.com\/aldeco_interiorfabrics\/\">https:\/\/www.instagram.com\/aldeco_interiorfabrics\/<\/a><\/p>\n","protected":false},"featured_media":197229,"template":"","meta":[],"product_brand":[],"product_cat":[6145],"product_tag":[],"class_list":{"0":"post-197697","1":"product","2":"type-product","3":"status-publish","4":"has-post-thumbnail","6":"product_cat-aldeco-2-pt-pt-2","7":"pa_composition-ext-100-co-pt-pt","8":"pa_line-almofadas","9":"pa_range-cetim","10":"pa_range-estampado","13":"first","14":"instock","15":"purchasable","16":"product-type-variable"},"acf":[],"_links":{"self":[{"href":"https:\/\/staging.aldeco.pt\/pt-pt\/wp-json\/wp\/v2\/product\/197697","targetHints":{"allow":["GET"]}}],"collection":[{"href":"https:\/\/staging.aldeco.pt\/pt-pt\/wp-json\/wp\/v2\/product"}],"about":[{"href":"https:\/\/staging.aldeco.pt\/pt-pt\/wp-json\/wp\/v2\/types\/product"}],"version-history":[{"count":1,"href":"https:\/\/staging.aldeco.pt\/pt-pt\/wp-json\/wp\/v2\/product\/197697\/revisions"}],"predecessor-version":[{"id":198065,"href":"https:\/\/staging.aldeco.pt\/pt-pt\/wp-json\/wp\/v2\/product\/197697\/revisions\/198065"}],"wp:featuredmedia":[{"embeddable":true,"href":"https:\/\/staging.aldeco.pt\/pt-pt\/wp-json\/wp\/v2\/media\/197229"}],"wp:attachment":[{"href":"https:\/\/staging.aldeco.pt\/pt-pt\/wp-json\/wp\/v2\/media?parent=197697"}],"wp:term":[{"taxonomy":"product_brand","embeddable":true,"href":"https:\/\/staging.aldeco.pt\/pt-pt\/wp-json\/wp\/v2\/product_brand?post=197697"},{"taxonomy":"product_cat","embeddable":true,"href":"https:\/\/staging.aldeco.pt\/pt-pt\/wp-json\/wp\/v2\/product_cat?post=197697"},{"taxonomy":"product_tag","embeddable":true,"href":"https:\/\/staging.aldeco.pt\/pt-pt\/wp-json\/wp\/v2\/product_tag?post=197697"}],"curies":[{"name":"wp","href":"https:\/\/api.w.org\/{rel}","templated":true}]}}