{"id":197685,"date":"2024-07-23T23:08:47","date_gmt":"2024-07-23T23:08:47","guid":{"rendered":"https:\/\/aldeco.pt\/staging\/product\/almofada-leopard-sexy-black-40x40\/"},"modified":"2024-10-03T11:56:45","modified_gmt":"2024-10-03T11:56:45","slug":"almofada-leopard-sexy-black-40x40","status":"publish","type":"product","link":"https:\/\/staging.aldeco.pt\/pt-pt\/product\/almofada-leopard-sexy-black-40x40\/","title":{"rendered":"ALMOFADA LEOPARD SEXY BLACK 40&#215;40"},"content":{"rendered":"<p>Almofada quadrada decorativa com motivo animal. Leopard \u00e9 um fabuloso tecido, com um desenho jacquard em chenille e cetim, com padr\u00e3o leopardo. Esta almofada tem fecho oculto e est\u00e1 dispon\u00edvel em diversas combina\u00e7\u00f5es de cores, com ou sem enchimento.<\/p>\n","protected":false},"excerpt":{"rendered":"<p>Almofada quadrada decorativa com motivo animal. Leopard \u00e9 um fabuloso tecido, com um desenho jacquard em chenille e cetim, com padr\u00e3o leopardo. Esta almofada tem fecho oculto e est\u00e1 dispon\u00edvel em diversas combina\u00e7\u00f5es de cores, com ou sem enchimento.<\/p>\n<h2>Almofada Leopard \u00e9 um fabuloso tecido, com um desenho jacquard em chenille e cetim, com padr\u00e3o leopardo. Esta almofada tem fecho oculto e est\u00e1 dispon\u00edvel em diversas combina\u00e7\u00f5es de cores, com ou sem enchimento.<\/h2>\n<p><img fetchpriority=\"high\" decoding=\"async\" class=\"alignnone wp-image-195422 size-medium\" src=\"https:\/\/aldeco.pt\/staging\/wp-content\/uploads\/2024\/07\/CUSHION-LEOPARD-SEXY-BLACK-40x40-2-300x241.jpg\" alt=\"Almofada Leopard Sexy Black - Aldeco\" width=\"300\" height=\"241\" \/><\/p>\n<p><a href=\"https:\/\/aldeco.pt\/staging\/product\/cushion-leopard-sexy-black-40x40\/?attribute_pa_aldeco-color=09-sexy-black\">https:\/\/aldeco.pt\/staging\/product\/cushion-leopard-sexy-black-40&#215;40\/?attribute_pa_aldeco-color=09-sexy-black<\/a><a href=\"https:\/\/www.instagram.com\/aldeco_interiorfabrics\/\">https:\/\/www.instagram.com\/aldeco_interiorfabrics\/<\/a><\/p>\n","protected":false},"featured_media":195423,"template":"","meta":[],"product_brand":[],"product_cat":[6145],"product_tag":[],"class_list":{"0":"post-197685","1":"product","2":"type-product","3":"status-publish","4":"has-post-thumbnail","6":"product_cat-aldeco-2-pt-pt-2","7":"pa_composition-ext-45-co-31-vi-24-pl-pt-pt","8":"pa_line-almofadas","9":"pa_range-chenile","10":"pa_range-jacquard-pt-pt","13":"first","14":"instock","15":"purchasable","16":"product-type-variable"},"acf":[],"_links":{"self":[{"href":"https:\/\/staging.aldeco.pt\/pt-pt\/wp-json\/wp\/v2\/product\/197685","targetHints":{"allow":["GET"]}}],"collection":[{"href":"https:\/\/staging.aldeco.pt\/pt-pt\/wp-json\/wp\/v2\/product"}],"about":[{"href":"https:\/\/staging.aldeco.pt\/pt-pt\/wp-json\/wp\/v2\/types\/product"}],"version-history":[{"count":2,"href":"https:\/\/staging.aldeco.pt\/pt-pt\/wp-json\/wp\/v2\/product\/197685\/revisions"}],"predecessor-version":[{"id":201978,"href":"https:\/\/staging.aldeco.pt\/pt-pt\/wp-json\/wp\/v2\/product\/197685\/revisions\/201978"}],"wp:featuredmedia":[{"embeddable":true,"href":"https:\/\/staging.aldeco.pt\/pt-pt\/wp-json\/wp\/v2\/media\/195423"}],"wp:attachment":[{"href":"https:\/\/staging.aldeco.pt\/pt-pt\/wp-json\/wp\/v2\/media?parent=197685"}],"wp:term":[{"taxonomy":"product_brand","embeddable":true,"href":"https:\/\/staging.aldeco.pt\/pt-pt\/wp-json\/wp\/v2\/product_brand?post=197685"},{"taxonomy":"product_cat","embeddable":true,"href":"https:\/\/staging.aldeco.pt\/pt-pt\/wp-json\/wp\/v2\/product_cat?post=197685"},{"taxonomy":"product_tag","embeddable":true,"href":"https:\/\/staging.aldeco.pt\/pt-pt\/wp-json\/wp\/v2\/product_tag?post=197685"}],"curies":[{"name":"wp","href":"https:\/\/api.w.org\/{rel}","templated":true}]}}