{"id":197675,"date":"2024-07-23T23:20:24","date_gmt":"2024-07-23T23:20:24","guid":{"rendered":"https:\/\/aldeco.pt\/staging\/product\/almofada-siege-velvet-col-0176-pure-yellow-50x50-p\/"},"modified":"2024-10-03T10:59:53","modified_gmt":"2024-10-03T10:59:53","slug":"almofada-siege-velvet-col-0176-pure-yellow-50x50-p","status":"publish","type":"product","link":"https:\/\/staging.aldeco.pt\/pt-pt\/product\/almofada-siege-velvet-col-0176-pure-yellow-50x50-p\/","title":{"rendered":"ALMOFADA SI\u00c9GE VELVET COL 0176 PURE YELLOW 50&#215;50 P"},"content":{"rendered":"<p>Almofada decorativa quadrada macia com Veludo Si\u00e9ge. O best-seller da Aldeco, Si\u00e9ge, \u00e9 um veludo lindo e macio com alta resist\u00eancia \u00e0 abras\u00e3o. Esta almofada tem fecho oculto, vivo e est\u00e1 dispon\u00edvel em diversas combina\u00e7\u00f5es de cores, com ou sem enchimento.<\/p>\n","protected":false},"excerpt":{"rendered":"<p>Almofada decorativa quadrada macia com Veludo Si\u00e9ge. O best-seller da Aldeco, Si\u00e9ge, \u00e9 um veludo lindo e macio com alta resist\u00eancia \u00e0 abras\u00e3o. Esta almofada tem fecho oculto, vivo e est\u00e1 dispon\u00edvel em diversas combina\u00e7\u00f5es de cores, com ou sem enchimento.<\/p>\n<h2>Almofada decorativa quadrada macia com Veludo Si\u00e9ge. O best-seller da Aldeco, Si\u00e9ge, \u00e9 um veludo lindo e macio com alta resist\u00eancia \u00e0 abras\u00e3o.<\/h2>\n<p><img fetchpriority=\"high\" decoding=\"async\" class=\"alignnone wp-image-197175 size-medium\" src=\"https:\/\/aldeco.pt\/staging\/wp-content\/uploads\/2024\/07\/CUSHION-SIEGE-VELVET-COL-0176-PURE-YELLOW-50x50-P-300x241.jpg\" alt=\"Almofadad Si\u00e9ge Velvet Pure Yellow - Aldeco\" width=\"300\" height=\"241\" \/><\/p>\n<p><a href=\"https:\/\/aldeco.pt\/staging\/product\/cushion-siege-velvet-col-0176-pure-yellow-50x50-p\/?attribute_pa_aldeco-color=0176-pure-yellow\">https:\/\/aldeco.pt\/staging\/product\/cushion-siege-velvet-col-0176-pure-yellow-50&#215;50-p\/?attribute_pa_aldeco-color=0176-pure-yellow<\/a><a href=\"https:\/\/www.instagram.com\/aldeco_interiorfabrics\/\">https:\/\/www.instagram.com\/aldeco_interiorfabrics\/<\/a><\/p>\n","protected":false},"featured_media":197176,"template":"","meta":[],"product_brand":[],"product_cat":[6145],"product_tag":[],"class_list":{"0":"post-197675","1":"product","2":"type-product","3":"status-publish","4":"has-post-thumbnail","6":"product_cat-aldeco-2-pt-pt-2","7":"pa_composition-ext-composicao-geral-100-co-pile-100-co","8":"pa_line-almofadas","9":"pa_range-veludo","12":"first","13":"instock","14":"purchasable","15":"product-type-variable"},"acf":[],"_links":{"self":[{"href":"https:\/\/staging.aldeco.pt\/pt-pt\/wp-json\/wp\/v2\/product\/197675","targetHints":{"allow":["GET"]}}],"collection":[{"href":"https:\/\/staging.aldeco.pt\/pt-pt\/wp-json\/wp\/v2\/product"}],"about":[{"href":"https:\/\/staging.aldeco.pt\/pt-pt\/wp-json\/wp\/v2\/types\/product"}],"version-history":[{"count":2,"href":"https:\/\/staging.aldeco.pt\/pt-pt\/wp-json\/wp\/v2\/product\/197675\/revisions"}],"predecessor-version":[{"id":201953,"href":"https:\/\/staging.aldeco.pt\/pt-pt\/wp-json\/wp\/v2\/product\/197675\/revisions\/201953"}],"wp:featuredmedia":[{"embeddable":true,"href":"https:\/\/staging.aldeco.pt\/pt-pt\/wp-json\/wp\/v2\/media\/197176"}],"wp:attachment":[{"href":"https:\/\/staging.aldeco.pt\/pt-pt\/wp-json\/wp\/v2\/media?parent=197675"}],"wp:term":[{"taxonomy":"product_brand","embeddable":true,"href":"https:\/\/staging.aldeco.pt\/pt-pt\/wp-json\/wp\/v2\/product_brand?post=197675"},{"taxonomy":"product_cat","embeddable":true,"href":"https:\/\/staging.aldeco.pt\/pt-pt\/wp-json\/wp\/v2\/product_cat?post=197675"},{"taxonomy":"product_tag","embeddable":true,"href":"https:\/\/staging.aldeco.pt\/pt-pt\/wp-json\/wp\/v2\/product_tag?post=197675"}],"curies":[{"name":"wp","href":"https:\/\/api.w.org\/{rel}","templated":true}]}}