{"id":197671,"date":"2024-07-23T23:23:59","date_gmt":"2024-07-23T23:23:59","guid":{"rendered":"https:\/\/aldeco.pt\/staging\/product\/almofada-tribe-01-natural-linen-45x30-p\/"},"modified":"2024-10-03T13:50:25","modified_gmt":"2024-10-03T13:50:25","slug":"almofada-tribe-01-natural-linen-45x30-p","status":"publish","type":"product","link":"https:\/\/staging.aldeco.pt\/pt-pt\/product\/almofada-tribe-01-natural-linen-45x30-p\/","title":{"rendered":"ALMOFADA TRIBE 01 NATURAL LINEN 45&#215;30 P"},"content":{"rendered":"<p>Almofada decorativa retangular com TRIBE, estrutura jacquard com aspecto alinhado. \u00c9 a base dos veludos jacquard Sperky e Decoup\u00e8. Est\u00e1 dispon\u00edvel em uma \u00fanica cor natural. Esta almofada tem fecho oculto, vivo e est\u00e1 dispon\u00edvel com ou sem enchimento.<\/p>\n","protected":false},"excerpt":{"rendered":"<p>Almofada decorativa retangular com TRIBE, estrutura jacquard com aspecto alinhado. \u00c9 a base dos veludos jacquard Sperky e Decoup\u00e8. Almofada decorativa retangular com TRIBE, estrutura jacquard com aspecto alinhado.<\/p>\n<h2>Almofada TRIBE, estrutura jacquard com aspecto alinhado \u00c9 a base dos veludos jacquard Sperky e Decoup\u00e8. Est\u00e1 dispon\u00edvel em uma \u00fanica cor natural. Esta almofada tem fecho oculto, vivo e est\u00e1 dispon\u00edvel com ou sem enchimento.<\/h2>\n<p><img fetchpriority=\"high\" decoding=\"async\" class=\"alignnone wp-image-195981 size-medium\" src=\"https:\/\/aldeco.pt\/staging\/wp-content\/uploads\/2024\/07\/CUSHION-TRIBE-01-NATURAL-LINEN-45x30-P-300x241.jpg\" alt=\"Almofada Tribe 01 Natural Linen - Aldeco\" width=\"300\" height=\"241\" \/><\/p>\n<p><a href=\"https:\/\/aldeco.pt\/staging\/product\/cushion-tribe-01-natural-linen-45x30-p\/?attribute_pa_aldeco-color=01-natural-linen\">https:\/\/aldeco.pt\/staging\/product\/cushion-tribe-01-natural-linen-45&#215;30-p\/?attribute_pa_aldeco-color=01-natural-linen<\/a><a href=\"https:\/\/www.instagram.com\/aldeco_interiorfabrics\/\">https:\/\/www.instagram.com\/aldeco_interiorfabrics\/<\/a><\/p>\n","protected":false},"featured_media":195982,"template":"","meta":[],"product_brand":[],"product_cat":[6145],"product_tag":[],"class_list":{"0":"post-197671","1":"product","2":"type-product","3":"status-publish","4":"has-post-thumbnail","6":"product_cat-aldeco-2-pt-pt-2","7":"pa_composition-ext-62-vi-20-pl-13co-5-li-pt-pt","8":"pa_line-almofadas","11":"first","12":"instock","13":"purchasable","14":"product-type-variable"},"acf":[],"_links":{"self":[{"href":"https:\/\/staging.aldeco.pt\/pt-pt\/wp-json\/wp\/v2\/product\/197671","targetHints":{"allow":["GET"]}}],"collection":[{"href":"https:\/\/staging.aldeco.pt\/pt-pt\/wp-json\/wp\/v2\/product"}],"about":[{"href":"https:\/\/staging.aldeco.pt\/pt-pt\/wp-json\/wp\/v2\/types\/product"}],"version-history":[{"count":3,"href":"https:\/\/staging.aldeco.pt\/pt-pt\/wp-json\/wp\/v2\/product\/197671\/revisions"}],"predecessor-version":[{"id":201994,"href":"https:\/\/staging.aldeco.pt\/pt-pt\/wp-json\/wp\/v2\/product\/197671\/revisions\/201994"}],"wp:featuredmedia":[{"embeddable":true,"href":"https:\/\/staging.aldeco.pt\/pt-pt\/wp-json\/wp\/v2\/media\/195982"}],"wp:attachment":[{"href":"https:\/\/staging.aldeco.pt\/pt-pt\/wp-json\/wp\/v2\/media?parent=197671"}],"wp:term":[{"taxonomy":"product_brand","embeddable":true,"href":"https:\/\/staging.aldeco.pt\/pt-pt\/wp-json\/wp\/v2\/product_brand?post=197671"},{"taxonomy":"product_cat","embeddable":true,"href":"https:\/\/staging.aldeco.pt\/pt-pt\/wp-json\/wp\/v2\/product_cat?post=197671"},{"taxonomy":"product_tag","embeddable":true,"href":"https:\/\/staging.aldeco.pt\/pt-pt\/wp-json\/wp\/v2\/product_tag?post=197671"}],"curies":[{"name":"wp","href":"https:\/\/api.w.org\/{rel}","templated":true}]}}