{"id":197665,"date":"2024-07-23T23:21:13","date_gmt":"2024-07-23T23:21:13","guid":{"rendered":"https:\/\/aldeco.pt\/staging\/product\/almofada-sperky-velvet-linen-black-50x50-p\/"},"modified":"2024-10-04T11:45:45","modified_gmt":"2024-10-04T11:45:45","slug":"almofada-sperky-velvet-linen-black-50x50-p","status":"publish","type":"product","link":"https:\/\/staging.aldeco.pt\/pt-pt\/product\/almofada-sperky-velvet-linen-black-50x50-p\/","title":{"rendered":"ALMOFADA SPERKY VELVET LINEN BLACK 50&#215;50 P"},"content":{"rendered":"<p>Almofada decorativa quadrada em veludo. SPERKY VELVET is a jacquard velvet with an elegant linen ground and a very natural feel. O p\u00ealo tem uma apar\u00eancia de impress\u00e3o digital com grandes curvas abstratas que evocam tanto a arte moderna quanto as tradicionais tatuagens mahori. Esta almofada tem fecho oculto, vivo em Tribe e est\u00e1 dispon\u00edvel em diversas combina\u00e7\u00f5es de cores, com ou sem enchimento.<\/p>\n","protected":false},"excerpt":{"rendered":"<p>Almofada decorativa quadrada em veludo. SPERKY VELVET is a jacquard velvet with an elegant linen ground and a very natural feel. O p\u00ealo tem uma apar\u00eancia de impress\u00e3o digital com grandes curvas abstratas que evocam tanto a arte moderna quanto as tradicionais tatuagens mahori. Esta almofada tem fecho oculto, vivo em Tribe e est\u00e1 dispon\u00edvel em diversas combina\u00e7\u00f5es de cores, com ou sem enchimento.<\/p>\n<h2>Almofada SPERKY VELVET \u00e9 um veludo jacquard com um elegante fundo de linho e um toque muito natural. O p\u00ealo tem uma apar\u00eancia de impress\u00e3o digital com grandes curvas abstratas que evocam tanto a arte moderna quanto as tradicionais tatuagens mahori. Esta almofada tem fecho oculto, vivo em Tribe e est\u00e1 dispon\u00edvel em diversas combina\u00e7\u00f5es de cores, com ou sem enchimento.<\/h2>\n<p><img fetchpriority=\"high\" decoding=\"async\" class=\"alignnone wp-image-195965 size-medium\" src=\"https:\/\/aldeco.pt\/staging\/wp-content\/uploads\/2024\/07\/CUSHION-SPERKY-VELVET-LINEN-BLACK-50x50-P-300x241.jpg\" alt=\"Almofada Sperky Velvet Linen Black - Aldeco\" width=\"300\" height=\"241\" \/><\/p>\n<p><a href=\"https:\/\/aldeco.pt\/staging\/product\/cushion-sperky-velvet-linen-black-50x50-p\/?attribute_pa_aldeco-color=03-linen-black\">https:\/\/aldeco.pt\/staging\/product\/cushion-sperky-velvet-linen-black-50&#215;50-p\/?attribute_pa_aldeco-color=03-linen-black<\/a><a href=\"https:\/\/www.instagram.com\/aldeco_interiorfabrics\/\">https:\/\/www.instagram.com\/aldeco_interiorfabrics\/<\/a><\/p>\n<p>&nbsp;<\/p>\n","protected":false},"featured_media":195966,"template":"","meta":[],"product_brand":[],"product_cat":[6145],"product_tag":[],"class_list":{"0":"post-197665","1":"product","2":"type-product","3":"status-publish","4":"has-post-thumbnail","6":"product_cat-aldeco-2-pt-pt-2","7":"pa_composition-ext-70-vi-16-pl-10-co-4-li-pt-pt","8":"pa_line-almofadas","9":"pa_range-veludo","12":"first","13":"instock","14":"purchasable","15":"product-type-variable"},"acf":[],"_links":{"self":[{"href":"https:\/\/staging.aldeco.pt\/pt-pt\/wp-json\/wp\/v2\/product\/197665","targetHints":{"allow":["GET"]}}],"collection":[{"href":"https:\/\/staging.aldeco.pt\/pt-pt\/wp-json\/wp\/v2\/product"}],"about":[{"href":"https:\/\/staging.aldeco.pt\/pt-pt\/wp-json\/wp\/v2\/types\/product"}],"version-history":[{"count":2,"href":"https:\/\/staging.aldeco.pt\/pt-pt\/wp-json\/wp\/v2\/product\/197665\/revisions"}],"predecessor-version":[{"id":202047,"href":"https:\/\/staging.aldeco.pt\/pt-pt\/wp-json\/wp\/v2\/product\/197665\/revisions\/202047"}],"wp:featuredmedia":[{"embeddable":true,"href":"https:\/\/staging.aldeco.pt\/pt-pt\/wp-json\/wp\/v2\/media\/195966"}],"wp:attachment":[{"href":"https:\/\/staging.aldeco.pt\/pt-pt\/wp-json\/wp\/v2\/media?parent=197665"}],"wp:term":[{"taxonomy":"product_brand","embeddable":true,"href":"https:\/\/staging.aldeco.pt\/pt-pt\/wp-json\/wp\/v2\/product_brand?post=197665"},{"taxonomy":"product_cat","embeddable":true,"href":"https:\/\/staging.aldeco.pt\/pt-pt\/wp-json\/wp\/v2\/product_cat?post=197665"},{"taxonomy":"product_tag","embeddable":true,"href":"https:\/\/staging.aldeco.pt\/pt-pt\/wp-json\/wp\/v2\/product_tag?post=197665"}],"curies":[{"name":"wp","href":"https:\/\/api.w.org\/{rel}","templated":true}]}}