{"id":197657,"date":"2024-07-23T23:20:39","date_gmt":"2024-07-23T23:20:39","guid":{"rendered":"https:\/\/aldeco.pt\/staging\/product\/almofada-spatia-water-repellent-fr-dove-ball-35\/"},"modified":"2024-08-06T21:35:30","modified_gmt":"2024-08-06T21:35:30","slug":"almofada-spatia-water-repellent-fr-dove-ball-35","status":"publish","type":"product","link":"https:\/\/staging.aldeco.pt\/pt-pt\/product\/almofada-spatia-water-repellent-fr-dove-ball-35\/","title":{"rendered":"ALMOFADA SPATIA WATER REPELLENT FR Dove Ball 35"},"content":{"rendered":"<p>Adicione um elemento divertido e igualmente luxuoso ao seu sof\u00e1 ou cama com a almofada decorativa em forma de bola Apresentando Spatia Water Repellent FR, tecido chenille com toque macio, acabamento hidrorrepelente e certificado Fire Retardant. A sua textura \u00e9 simplesmente irresist\u00edvel. Esta almofada muito trendy com fecho oculto est\u00e1 dispon\u00edvel em diversas combina\u00e7\u00f5es de cores, com ou sem enchimento.<\/p>\n","protected":false},"excerpt":{"rendered":"<p>Adicione um elemento divertido e igualmente luxuoso ao seu sof\u00e1 ou cama com a almofada decorativa em forma de bola Apresentando Spatia Water Repellent FR, tecido chenille com toque macio, acabamento hidrorrepelente e certificado Fire Retardant. A sua textura \u00e9 simplesmente irresist\u00edvel. Esta almofada muito trendy com fecho oculto est\u00e1 dispon\u00edvel em diversas combina\u00e7\u00f5es de cores, com ou sem enchimento. <\/p>\n<h2>Almofada Spatia Water Repellent FR, tecido chenille com toque macio, acabamento hidrorrepelente e certificado Fire Retardant. A sua textura \u00e9 simplesmente irresist\u00edvel. Esta almofada muito trendy com fecho oculto est\u00e1 dispon\u00edvel em diversas combina\u00e7\u00f5es de cores, com ou sem enchimento.<\/h2>\n<p><img fetchpriority=\"high\" decoding=\"async\" class=\"alignnone wp-image-195566 size-medium\" src=\"https:\/\/aldeco.pt\/staging\/wp-content\/uploads\/2024\/07\/CUSHION-SPATIA-WATER-REPELLENT-FR-Dove-Ball-35-300x241.jpg\" alt=\"Almofada Spatia Water Repellent FR Dove - Aldeco\" width=\"300\" height=\"241\"><\/p>\n<p><a href=\"https:\/\/aldeco.pt\/staging\/product\/cushion-spatia-water-repellent-fr-dove-ball-35\/?attribute_pa_aldeco-color=03-dove\">https:\/\/aldeco.pt\/staging\/product\/cushion-spatia-water-repellent-fr-dove-ball-35\/?attribute_pa_aldeco-color=03-dove<\/a><a href=\"https:\/\/www.instagram.com\/aldeco_interiorfabrics\/\">https:\/\/www.instagram.com\/aldeco_interiorfabrics\/<\/a><\/p>\n","protected":false},"featured_media":195567,"template":"","meta":[],"product_brand":[],"product_cat":[6145],"product_tag":[],"class_list":{"0":"post-197657","1":"product","2":"type-product","3":"status-publish","4":"has-post-thumbnail","6":"product_cat-aldeco-2-pt-pt-2","7":"pa_composition-ext-100-pl-pt-pt","8":"pa_line-almofadas","9":"pa_range-chenile","12":"first","13":"instock","14":"purchasable","15":"product-type-variable"},"acf":[],"_links":{"self":[{"href":"https:\/\/staging.aldeco.pt\/pt-pt\/wp-json\/wp\/v2\/product\/197657","targetHints":{"allow":["GET"]}}],"collection":[{"href":"https:\/\/staging.aldeco.pt\/pt-pt\/wp-json\/wp\/v2\/product"}],"about":[{"href":"https:\/\/staging.aldeco.pt\/pt-pt\/wp-json\/wp\/v2\/types\/product"}],"version-history":[{"count":1,"href":"https:\/\/staging.aldeco.pt\/pt-pt\/wp-json\/wp\/v2\/product\/197657\/revisions"}],"predecessor-version":[{"id":197918,"href":"https:\/\/staging.aldeco.pt\/pt-pt\/wp-json\/wp\/v2\/product\/197657\/revisions\/197918"}],"wp:featuredmedia":[{"embeddable":true,"href":"https:\/\/staging.aldeco.pt\/pt-pt\/wp-json\/wp\/v2\/media\/195567"}],"wp:attachment":[{"href":"https:\/\/staging.aldeco.pt\/pt-pt\/wp-json\/wp\/v2\/media?parent=197657"}],"wp:term":[{"taxonomy":"product_brand","embeddable":true,"href":"https:\/\/staging.aldeco.pt\/pt-pt\/wp-json\/wp\/v2\/product_brand?post=197657"},{"taxonomy":"product_cat","embeddable":true,"href":"https:\/\/staging.aldeco.pt\/pt-pt\/wp-json\/wp\/v2\/product_cat?post=197657"},{"taxonomy":"product_tag","embeddable":true,"href":"https:\/\/staging.aldeco.pt\/pt-pt\/wp-json\/wp\/v2\/product_tag?post=197657"}],"curies":[{"name":"wp","href":"https:\/\/api.w.org\/{rel}","templated":true}]}}