{"id":197644,"date":"2024-07-23T23:19:10","date_gmt":"2024-07-23T23:19:10","guid":{"rendered":"https:\/\/aldeco.pt\/staging\/product\/almofada-samoa-fr-col-03-golden-linen-50x50-p\/"},"modified":"2024-10-03T11:40:54","modified_gmt":"2024-10-03T11:40:54","slug":"almofada-samoa-fr-col-03-golden-linen-50x50-p","status":"publish","type":"product","link":"https:\/\/staging.aldeco.pt\/pt-pt\/product\/almofada-samoa-fr-col-03-golden-linen-50x50-p\/","title":{"rendered":"ALMOFADA SAMOA FR COL 03 GOLDEN LINEN 50&#215;50 P"},"content":{"rendered":"<p>Almofada decorativa quadrada com linho panam\u00e1, SAMOA FR \u00e9 um tecido de linho muito pesado. Tem uma estrutura muito grossa e apar\u00eancia natural. Esta almofada tem fecho oculto, vivo e est\u00e1 dispon\u00edvel em diversas combina\u00e7\u00f5es de cores, com ou sem enchimento.<\/p>\n","protected":false},"excerpt":{"rendered":"<p>Almofada decorativa quadrada com linho panam\u00e1, SAMOA FR \u00e9 um tecido de linho muito pesado. Tem uma estrutura muito grossa e apar\u00eancia natural. Esta almofada tem fecho oculto, vivo e est\u00e1 dispon\u00edvel em diversas combina\u00e7\u00f5es de cores, com ou sem enchimento.<\/p>\n<h2>Almofada SAMOA FR \u00e9 um tecido de linho muito pesado. Tem uma estrutura muito grossa e apar\u00eancia natural. Esta almofada tem fecho oculto, vivo e est\u00e1 dispon\u00edvel em diversas combina\u00e7\u00f5es de cores, com ou sem enchimento.<\/h2>\n<p><img fetchpriority=\"high\" decoding=\"async\" class=\"alignnone wp-image-195911 size-medium\" src=\"https:\/\/aldeco.pt\/staging\/wp-content\/uploads\/2024\/07\/CUSHION-SAMOA-FR-COL-03-GOLDEN-LINEN-50x50-P-300x241.jpg\" alt=\"Almofada Samoa FR Golden Linen - Aldeco\" width=\"300\" height=\"241\" \/><\/p>\n<p><a href=\"https:\/\/aldeco.pt\/staging\/product\/cushion-samoa-fr-col-03-golden-linen-50x50-p\/?attribute_pa_aldeco-color=03-golden-linen\">https:\/\/aldeco.pt\/staging\/product\/cushion-samoa-fr-col-03-golden-linen-50&#215;50-p\/?attribute_pa_aldeco-color=03-golden-linen<\/a><a href=\"https:\/\/www.instagram.com\/aldeco_interiorfabrics\/\">https:\/\/www.instagram.com\/aldeco_interiorfabrics\/<\/a><\/p>\n","protected":false},"featured_media":195912,"template":"","meta":[],"product_brand":[],"product_cat":[6145],"product_tag":[],"class_list":{"0":"post-197644","1":"product","2":"type-product","3":"status-publish","4":"has-post-thumbnail","6":"product_cat-aldeco-2-pt-pt-2","7":"pa_composition-ext-90-li-10-ny-pt-pt","8":"pa_line-almofadas","9":"pa_range-liso","12":"first","13":"instock","14":"purchasable","15":"product-type-variable"},"acf":[],"_links":{"self":[{"href":"https:\/\/staging.aldeco.pt\/pt-pt\/wp-json\/wp\/v2\/product\/197644","targetHints":{"allow":["GET"]}}],"collection":[{"href":"https:\/\/staging.aldeco.pt\/pt-pt\/wp-json\/wp\/v2\/product"}],"about":[{"href":"https:\/\/staging.aldeco.pt\/pt-pt\/wp-json\/wp\/v2\/types\/product"}],"version-history":[{"count":2,"href":"https:\/\/staging.aldeco.pt\/pt-pt\/wp-json\/wp\/v2\/product\/197644\/revisions"}],"predecessor-version":[{"id":201971,"href":"https:\/\/staging.aldeco.pt\/pt-pt\/wp-json\/wp\/v2\/product\/197644\/revisions\/201971"}],"wp:featuredmedia":[{"embeddable":true,"href":"https:\/\/staging.aldeco.pt\/pt-pt\/wp-json\/wp\/v2\/media\/195912"}],"wp:attachment":[{"href":"https:\/\/staging.aldeco.pt\/pt-pt\/wp-json\/wp\/v2\/media?parent=197644"}],"wp:term":[{"taxonomy":"product_brand","embeddable":true,"href":"https:\/\/staging.aldeco.pt\/pt-pt\/wp-json\/wp\/v2\/product_brand?post=197644"},{"taxonomy":"product_cat","embeddable":true,"href":"https:\/\/staging.aldeco.pt\/pt-pt\/wp-json\/wp\/v2\/product_cat?post=197644"},{"taxonomy":"product_tag","embeddable":true,"href":"https:\/\/staging.aldeco.pt\/pt-pt\/wp-json\/wp\/v2\/product_tag?post=197644"}],"curies":[{"name":"wp","href":"https:\/\/api.w.org\/{rel}","templated":true}]}}