{"id":197635,"date":"2024-07-23T23:16:28","date_gmt":"2024-07-23T23:16:28","guid":{"rendered":"https:\/\/aldeco.pt\/staging\/product\/almofada-puka-puka-fr-charcoal-50x50-p\/"},"modified":"2024-08-06T11:11:04","modified_gmt":"2024-08-06T11:11:04","slug":"almofada-puka-puka-fr-charcoal-50x50-p","status":"publish","type":"product","link":"https:\/\/staging.aldeco.pt\/pt-pt\/product\/almofada-puka-puka-fr-charcoal-50x50-p\/","title":{"rendered":"ALMOFADA PUKA PUKA FR CHARCOAL 50&#215;50 P"},"content":{"rendered":"<p>Almofada decorativa quadrada com tecido PUKA PUKA IN\/OUTDOOR FR, \u00e9 produzido com polipropileno reciclado e poli\u00e9ster reciclado de acordo com GLOBAL RECYCLED STANDARD. \u00c9 um tecido panam\u00e1 adequado tanto para ambientes interiores quanto exteriores, feito a partir de res\u00edduos da produ\u00e7\u00e3o de tecido n\u00e3o tecido usado para fazer m\u00e1scaras e fraldas (sobras de materiais secund\u00e1rios, materiais n\u00e3o conformes), e de res\u00edduos ou sobras da produ\u00e7\u00e3o de fios de poli\u00e9ster. Este \u00e9 um produto sustent\u00e1vel que se enquadra na nossa categoria AldECO. Esta almofada tem fecho oculto, vivo e est\u00e1 dispon\u00edvel em diversas combina\u00e7\u00f5es de cores, com ou sem enchimento.<\/p>\n","protected":false},"excerpt":{"rendered":"<p>Almofada decorativa quadrada com tecido PUKA PUKA IN\/OUTDOOR FR, \u00e9 produzido com polipropileno reciclado e poli\u00e9ster reciclado de acordo com GLOBAL RECYCLED STANDARD. \u00c9 um tecido panam\u00e1 adequado tanto para ambientes interiores quanto exteriores, feito a partir de res\u00edduos da produ\u00e7\u00e3o de tecido n\u00e3o tecido usado para fazer m\u00e1scaras e fraldas (sobras de materiais secund\u00e1rios, materiais n\u00e3o conformes), e de res\u00edduos ou sobras da produ\u00e7\u00e3o de fios de poli\u00e9ster. Este \u00e9 um produto sustent\u00e1vel que se enquadra na nossa categoria AldECO. Esta almofada tem fecho oculto, vivo e est\u00e1 dispon\u00edvel em diversas combina\u00e7\u00f5es de cores, com ou sem enchimento. <\/p>\n<h2>Almofada PUKA PUKA IN\/OUTDOOR FR, \u00e9 produzido com polipropileno reciclado e poli\u00e9ster reciclado de acordo com GLOBAL RECYCLED STANDARD. \u00c9 um tecido panam\u00e1 adequado tanto para ambientes interiores quanto exteriores, feito a partir de res\u00edduos da produ\u00e7\u00e3o de tecido n\u00e3o tecido usado para fazer m\u00e1scaras e fraldas (sobras de materiais secund\u00e1rios, materiais n\u00e3o conformes), e de res\u00edduos ou sobras da produ\u00e7\u00e3o de fios de poli\u00e9ster. Este \u00e9 um produto sustent\u00e1vel que se enquadra na nossa categoria AldECO. Esta almofada tem fecho oculto, vivo e est\u00e1 dispon\u00edvel em diversas combina\u00e7\u00f5es de cores, com ou sem enchimento.<\/h2>\n<p><img fetchpriority=\"high\" decoding=\"async\" class=\"alignnone wp-image-195884 size-medium\" src=\"https:\/\/aldeco.pt\/staging\/wp-content\/uploads\/2024\/07\/CUSHION-PUKA-PUKA-FR-CHARCOAL-50x50-P-300x241.jpg\" alt=\"Almofada Puka Puka FR Charcoal - Aldeco\" width=\"300\" height=\"241\"><\/p>\n<p><a href=\"https:\/\/aldeco.pt\/staging\/product\/cushion-puka-puka-fr-charcoal-50x50-p\/?attribute_pa_aldeco-color=17-charcoal\">https:\/\/aldeco.pt\/staging\/product\/cushion-puka-puka-fr-charcoal-50&#215;50-p\/?attribute_pa_aldeco-color=17-charcoal<\/a><a href=\"https:\/\/www.instagram.com\/aldeco_interiorfabrics\/\">https:\/\/www.instagram.com\/aldeco_interiorfabrics\/<\/a><\/p>\n","protected":false},"featured_media":195885,"template":"","meta":[],"product_brand":[],"product_cat":[6145],"product_tag":[],"class_list":{"0":"post-197635","1":"product","2":"type-product","3":"status-publish","4":"has-post-thumbnail","6":"product_cat-aldeco-2-pt-pt-2","7":"pa_composition-ext-100-rolef-pt-pt","8":"pa_line-almofadas","9":"pa_range-liso","12":"first","13":"instock","14":"purchasable","15":"product-type-variable"},"acf":[],"_links":{"self":[{"href":"https:\/\/staging.aldeco.pt\/pt-pt\/wp-json\/wp\/v2\/product\/197635","targetHints":{"allow":["GET"]}}],"collection":[{"href":"https:\/\/staging.aldeco.pt\/pt-pt\/wp-json\/wp\/v2\/product"}],"about":[{"href":"https:\/\/staging.aldeco.pt\/pt-pt\/wp-json\/wp\/v2\/types\/product"}],"version-history":[{"count":1,"href":"https:\/\/staging.aldeco.pt\/pt-pt\/wp-json\/wp\/v2\/product\/197635\/revisions"}],"predecessor-version":[{"id":197945,"href":"https:\/\/staging.aldeco.pt\/pt-pt\/wp-json\/wp\/v2\/product\/197635\/revisions\/197945"}],"wp:featuredmedia":[{"embeddable":true,"href":"https:\/\/staging.aldeco.pt\/pt-pt\/wp-json\/wp\/v2\/media\/195885"}],"wp:attachment":[{"href":"https:\/\/staging.aldeco.pt\/pt-pt\/wp-json\/wp\/v2\/media?parent=197635"}],"wp:term":[{"taxonomy":"product_brand","embeddable":true,"href":"https:\/\/staging.aldeco.pt\/pt-pt\/wp-json\/wp\/v2\/product_brand?post=197635"},{"taxonomy":"product_cat","embeddable":true,"href":"https:\/\/staging.aldeco.pt\/pt-pt\/wp-json\/wp\/v2\/product_cat?post=197635"},{"taxonomy":"product_tag","embeddable":true,"href":"https:\/\/staging.aldeco.pt\/pt-pt\/wp-json\/wp\/v2\/product_tag?post=197635"}],"curies":[{"name":"wp","href":"https:\/\/api.w.org\/{rel}","templated":true}]}}