{"id":197629,"date":"2024-07-23T23:16:07","date_gmt":"2024-07-23T23:16:07","guid":{"rendered":"https:\/\/aldeco.pt\/staging\/product\/almofada-paysage-de-reve-terracotta-dream-45x30-s\/"},"modified":"2024-10-07T11:54:59","modified_gmt":"2024-10-07T11:54:59","slug":"almofada-paysage-de-reve-terracotta-dream-45x30-s","status":"publish","type":"product","link":"https:\/\/staging.aldeco.pt\/pt-pt\/product\/almofada-paysage-de-reve-terracotta-dream-45x30-s\/","title":{"rendered":"ALMOFADA PAYSAGE DE R\u00caVE TERRACOTTA DREAM 45&#215;30 S"},"content":{"rendered":"<p>Almofada decorativa retangular com PAYSAGE DE R\u00caVE, um tecido de algod\u00e3o estampado com um aspecto alinhado muito natural. \u00c9 inspirado nas paisagens da Polin\u00e9sia Francesa e na obra de Gaugin, com o uso de cores s\u00f3lidas num fundo degrad\u00ea. A flora presente \u00e9 ex\u00f3tica com folhas grandes e pinceladas limpas, quase como um toile de jouy. Esta almofada tem fecho oculto sirgaria de edi\u00e7\u00e3o limitada e est\u00e1 dispon\u00edvel em diversas combina\u00e7\u00f5es de cores, com ou sem enchimento.<\/p>\n","protected":false},"excerpt":{"rendered":"<p>Almofada decorativa retangular com PAYSAGE DE R\u00caVE, um tecido de algod\u00e3o estampado com um aspecto alinhado muito natural. \u00c9 inspirado nas paisagens da Polin\u00e9sia Francesa e na obra de Gaugin, com o uso de cores s\u00f3lidas num fundo degrad\u00ea. A flora presente \u00e9 ex\u00f3tica com folhas grandes e pinceladas limpas, quase como um toile de jouy. Esta almofada tem fecho oculto sirgaria de edi\u00e7\u00e3o limitada e est\u00e1 dispon\u00edvel em diversas combina\u00e7\u00f5es de cores, com ou sem enchimento.<\/p>\n<h2>Almofada PAYSAGE DE R\u00caVE, um tecido de algod\u00e3o estampado com um aspecto alinhado muito natural. \u00c9 inspirado nas paisagens da Polin\u00e9sia Francesa e na obra de Gaugin, com o uso de cores s\u00f3lidas num fundo degrad\u00ea. A flora presente \u00e9 ex\u00f3tica com folhas grandes e pinceladas limpas, quase como um toile de jouy. Esta almofada tem fecho oculto sirgaria de edi\u00e7\u00e3o limitada e est\u00e1 dispon\u00edvel em diversas combina\u00e7\u00f5es de cores, com ou sem enchimento.<\/h2>\n<p><img fetchpriority=\"high\" decoding=\"async\" class=\"alignnone wp-image-195868 size-medium\" src=\"https:\/\/aldeco.pt\/staging\/wp-content\/uploads\/2024\/07\/CUSHION-PAYSAGE-DE-REVE-TERRACOTTA-DREAM-45x30-S-300x241.jpg\" alt=\"Almofada Paysage de R\u00eave Terracotta - Aldeco\" width=\"300\" height=\"241\" \/><\/p>\n<p><a href=\"https:\/\/aldeco.pt\/staging\/product\/cushion-paysage-de-reve-terracotta-dream-45x30-s\/?attribute_pa_aldeco-color=03-terracotta-dream\">https:\/\/aldeco.pt\/staging\/product\/cushion-paysage-de-reve-terracotta-dream-45&#215;30-s\/?attribute_pa_aldeco-color=03-terracotta-dream<\/a><a href=\"https:\/\/www.instagram.com\/aldeco_interiorfabrics\/\">https:\/\/www.instagram.com\/aldeco_interiorfabrics\/<\/a><\/p>\n","protected":false},"featured_media":195869,"template":"","meta":[],"product_brand":[],"product_cat":[6145],"product_tag":[],"class_list":{"0":"post-197629","1":"product","2":"type-product","3":"status-publish","4":"has-post-thumbnail","6":"product_cat-aldeco-2-pt-pt-2","7":"pa_composition-ext-100-co-pt-pt","8":"pa_line-almofadas","11":"first","12":"instock","13":"purchasable","14":"product-type-variable"},"acf":[],"_links":{"self":[{"href":"https:\/\/staging.aldeco.pt\/pt-pt\/wp-json\/wp\/v2\/product\/197629","targetHints":{"allow":["GET"]}}],"collection":[{"href":"https:\/\/staging.aldeco.pt\/pt-pt\/wp-json\/wp\/v2\/product"}],"about":[{"href":"https:\/\/staging.aldeco.pt\/pt-pt\/wp-json\/wp\/v2\/types\/product"}],"version-history":[{"count":2,"href":"https:\/\/staging.aldeco.pt\/pt-pt\/wp-json\/wp\/v2\/product\/197629\/revisions"}],"predecessor-version":[{"id":202130,"href":"https:\/\/staging.aldeco.pt\/pt-pt\/wp-json\/wp\/v2\/product\/197629\/revisions\/202130"}],"wp:featuredmedia":[{"embeddable":true,"href":"https:\/\/staging.aldeco.pt\/pt-pt\/wp-json\/wp\/v2\/media\/195869"}],"wp:attachment":[{"href":"https:\/\/staging.aldeco.pt\/pt-pt\/wp-json\/wp\/v2\/media?parent=197629"}],"wp:term":[{"taxonomy":"product_brand","embeddable":true,"href":"https:\/\/staging.aldeco.pt\/pt-pt\/wp-json\/wp\/v2\/product_brand?post=197629"},{"taxonomy":"product_cat","embeddable":true,"href":"https:\/\/staging.aldeco.pt\/pt-pt\/wp-json\/wp\/v2\/product_cat?post=197629"},{"taxonomy":"product_tag","embeddable":true,"href":"https:\/\/staging.aldeco.pt\/pt-pt\/wp-json\/wp\/v2\/product_tag?post=197629"}],"curies":[{"name":"wp","href":"https:\/\/api.w.org\/{rel}","templated":true}]}}