{"id":197627,"date":"2024-07-23T23:16:03","date_gmt":"2024-07-23T23:16:03","guid":{"rendered":"https:\/\/aldeco.pt\/staging\/product\/almofada-paysage-de-reve-eden-garden-50x50-p\/"},"modified":"2024-10-07T11:55:31","modified_gmt":"2024-10-07T11:55:31","slug":"almofada-paysage-de-reve-eden-garden-50x50-p","status":"publish","type":"product","link":"https:\/\/staging.aldeco.pt\/pt-pt\/product\/almofada-paysage-de-reve-eden-garden-50x50-p\/","title":{"rendered":"ALMOFADA PAYSAGE DE R\u00caVE EDEN GARDEN 50&#215;50 P"},"content":{"rendered":"<p>Almofada decorativa retangular com PAYSAGE DE R\u00caVE, um tecido de algod\u00e3o estampado com um aspecto alinhado muito natural. \u00c9 inspirado nas paisagens da Polin\u00e9sia Francesa e na obra de Gaugin, com o uso de cores s\u00f3lidas num fundo degrad\u00ea. A flora presente \u00e9 ex\u00f3tica com folhas grandes e pinceladas limpas, quase como um toile de jouy. Esta almofada tem fecho oculto, vivo em linho SAMOA e est\u00e1 dispon\u00edvel em diversas combina\u00e7\u00f5es de cores, com ou sem enchimento.<\/p>\n","protected":false},"excerpt":{"rendered":"<p>Almofada decorativa retangular com PAYSAGE DE R\u00caVE, um tecido de algod\u00e3o estampado com um aspecto alinhado muito natural. \u00c9 inspirado nas paisagens da Polin\u00e9sia Francesa e na obra de Gaugin, com o uso de cores s\u00f3lidas num fundo degrad\u00ea. A flora presente \u00e9 ex\u00f3tica com folhas grandes e pinceladas limpas, quase como um toile de jouy. Esta almofada tem fecho oculto, vivo em linho SAMOA e est\u00e1 dispon\u00edvel em diversas combina\u00e7\u00f5es de cores, com ou sem enchimento.<\/p>\n<h2>Almofada PAYSAGE DE R\u00caVE, um tecido de algod\u00e3o estampado com um aspecto alinhado muito natural. \u00c9 inspirado nas paisagens da Polin\u00e9sia Francesa e na obra de Gaugin, com o uso de cores s\u00f3lidas num fundo degrad\u00ea. A flora presente \u00e9 ex\u00f3tica com folhas grandes e pinceladas limpas, quase como um toile de jouy. Esta almofada tem fecho oculto, vivo em linho SAMOA e est\u00e1 dispon\u00edvel em diversas combina\u00e7\u00f5es de cores, com ou sem enchimento.<\/h2>\n<p><img fetchpriority=\"high\" decoding=\"async\" class=\"alignnone wp-image-195858 size-medium\" src=\"https:\/\/aldeco.pt\/staging\/wp-content\/uploads\/2024\/07\/CUSHION-PAYSAGE-DE-REVE-EDEN-GARDEN-50x50-P-300x241.jpg\" alt=\"Almofada Paysage de R\u00eave Eden Garden - Aldeco\" width=\"300\" height=\"241\" \/><\/p>\n<p><a href=\"https:\/\/aldeco.pt\/staging\/product\/cushion-paysage-de-reve-eden-garden-50x50-p\/?attribute_pa_aldeco-color=04-eden-garden\">https:\/\/aldeco.pt\/staging\/product\/cushion-paysage-de-reve-eden-garden-50&#215;50-p\/?attribute_pa_aldeco-color=04-eden-garden<\/a><a href=\"https:\/\/www.instagram.com\/aldeco_interiorfabrics\/\">https:\/\/www.instagram.com\/aldeco_interiorfabrics\/<\/a><\/p>\n","protected":false},"featured_media":195859,"template":"","meta":[],"product_brand":[],"product_cat":[6145],"product_tag":[],"class_list":{"0":"post-197627","1":"product","2":"type-product","3":"status-publish","4":"has-post-thumbnail","6":"product_cat-aldeco-2-pt-pt-2","7":"pa_composition-ext-100-co-pt-pt","8":"pa_line-almofadas","11":"first","12":"instock","13":"purchasable","14":"product-type-variable"},"acf":[],"_links":{"self":[{"href":"https:\/\/staging.aldeco.pt\/pt-pt\/wp-json\/wp\/v2\/product\/197627","targetHints":{"allow":["GET"]}}],"collection":[{"href":"https:\/\/staging.aldeco.pt\/pt-pt\/wp-json\/wp\/v2\/product"}],"about":[{"href":"https:\/\/staging.aldeco.pt\/pt-pt\/wp-json\/wp\/v2\/types\/product"}],"version-history":[{"count":2,"href":"https:\/\/staging.aldeco.pt\/pt-pt\/wp-json\/wp\/v2\/product\/197627\/revisions"}],"predecessor-version":[{"id":202131,"href":"https:\/\/staging.aldeco.pt\/pt-pt\/wp-json\/wp\/v2\/product\/197627\/revisions\/202131"}],"wp:featuredmedia":[{"embeddable":true,"href":"https:\/\/staging.aldeco.pt\/pt-pt\/wp-json\/wp\/v2\/media\/195859"}],"wp:attachment":[{"href":"https:\/\/staging.aldeco.pt\/pt-pt\/wp-json\/wp\/v2\/media?parent=197627"}],"wp:term":[{"taxonomy":"product_brand","embeddable":true,"href":"https:\/\/staging.aldeco.pt\/pt-pt\/wp-json\/wp\/v2\/product_brand?post=197627"},{"taxonomy":"product_cat","embeddable":true,"href":"https:\/\/staging.aldeco.pt\/pt-pt\/wp-json\/wp\/v2\/product_cat?post=197627"},{"taxonomy":"product_tag","embeddable":true,"href":"https:\/\/staging.aldeco.pt\/pt-pt\/wp-json\/wp\/v2\/product_tag?post=197627"}],"curies":[{"name":"wp","href":"https:\/\/api.w.org\/{rel}","templated":true}]}}