{"id":197619,"date":"2024-07-23T23:12:12","date_gmt":"2024-07-23T23:12:12","guid":{"rendered":"https:\/\/aldeco.pt\/staging\/product\/almofada-mako-velvet-natural-white-50x50-s\/"},"modified":"2024-10-02T13:51:16","modified_gmt":"2024-10-02T13:51:16","slug":"almofada-mako-velvet-natural-white-50x50-s","status":"publish","type":"product","link":"https:\/\/staging.aldeco.pt\/pt-pt\/product\/almofada-mako-velvet-natural-white-50x50-s\/","title":{"rendered":"ALMOFADA MAK\u00d2 VELVET NATURAL WHITE 50&#215;50 S"},"content":{"rendered":"<p>Descubra a suavidade pura com esta almofada decorativa quadrada com sirgaria de edi\u00e7\u00e3o limitada. MAK\u00d2 VELVET \u00e9 um veludo jacquard muito especial com uma textura abstrata semelhante ao padr\u00e3o astrakan. \u00c9 100% feito de algod\u00e3o Mak\u00f2, um material natural de alt\u00edssima qualidade oriundo do Egito. Estes fios preciosos s\u00e3o feitos de fibras extralongas (com 33 mm e mais) e definem-se pela sua suavidade e respirabilidade. Mak\u00f2 Velvet tem p\u00ealo longo e consist\u00eancia delicada, por\u00e9m resistente. Este requintado veludo est\u00e1 dispon\u00edvel numa \u00fanica cor devido \u00e0 sua eleg\u00e2ncia. Esta almofada tem fecho oculto e est\u00e1 dispon\u00edvel em diversas combina\u00e7\u00f5es de cores, com ou sem enchimento.<\/p>\n","protected":false},"excerpt":{"rendered":"<p>Descubra a suavidade pura com esta almofada decorativa quadrada com sirgaria de edi\u00e7\u00e3o limitada. MAK\u00d2 VELVET \u00e9 um veludo jacquard muito especial com uma textura abstrata semelhante ao padr\u00e3o astrakan. \u00c9 100% feito de algod\u00e3o Mak\u00f2, um material natural de alt\u00edssima qualidade oriundo do Egito. Estes fios preciosos s\u00e3o feitos de fibras extralongas (com 33 mm e mais) e definem-se pela sua suavidade e respirabilidade. Mak\u00f2 Velvet tem p\u00ealo longo e consist\u00eancia delicada, por\u00e9m resistente. Este requintado veludo est\u00e1 dispon\u00edvel numa \u00fanica cor devido \u00e0 sua eleg\u00e2ncia. Esta almofada tem fecho oculto e est\u00e1 dispon\u00edvel em diversas combina\u00e7\u00f5es de cores, com ou sem enchimento.<\/p>\n<h2>Almofada MAK\u00d2 VELVET \u00e9 um veludo jacquard muito especial com uma textura abstrata semelhante ao padr\u00e3o astrakan. \u00c9 100% feito de algod\u00e3o Mak\u00f2, um material natural de alt\u00edssima qualidade oriundo do Egito. Estes fios preciosos s\u00e3o feitos de fibras extralongas (com 33 mm e mais) e definem-se pela sua suavidade e respirabilidade. Mak\u00f2 Velvet tem p\u00ealo longo e consist\u00eancia delicada, por\u00e9m resistente. Este requintado veludo est\u00e1 dispon\u00edvel numa \u00fanica cor devido \u00e0 sua eleg\u00e2ncia. Esta almofada tem fecho oculto e est\u00e1 dispon\u00edvel em diversas combina\u00e7\u00f5es de cores, com ou sem enchimento.<\/h2>\n<p><img fetchpriority=\"high\" decoding=\"async\" class=\"alignnone wp-image-195833 size-medium\" src=\"https:\/\/aldeco.pt\/staging\/wp-content\/uploads\/2024\/07\/CUSHION-MAKO-VELVET-NATURAL-WHITE-50x50-S-300x241.jpg\" alt=\"Almofada Mak\u00f2 Velvet Natural White - Aldeco\" width=\"300\" height=\"241\" \/><\/p>\n<p><a href=\"https:\/\/aldeco.pt\/staging\/product\/cushion-mako-velvet-natural-white-50x50-s\/?attribute_pa_aldeco-color=01-natural-white\">https:\/\/aldeco.pt\/staging\/product\/cushion-mako-velvet-natural-white-50&#215;50-s\/?attribute_pa_aldeco-color=01-natural-white<\/a><a href=\"https:\/\/www.instagram.com\/aldeco_interiorfabrics\/\">https:\/\/www.instagram.com\/aldeco_interiorfabrics\/<\/a><\/p>\n","protected":false},"featured_media":195834,"template":"","meta":[],"product_brand":[],"product_cat":[6145],"product_tag":[],"class_list":{"0":"post-197619","1":"product","2":"type-product","3":"status-publish","4":"has-post-thumbnail","6":"product_cat-aldeco-2-pt-pt-2","7":"pa_composition-ext-100-co-pt-pt","8":"pa_line-almofadas","9":"pa_range-veludo","12":"first","13":"instock","14":"purchasable","15":"product-type-variable"},"acf":[],"_links":{"self":[{"href":"https:\/\/staging.aldeco.pt\/pt-pt\/wp-json\/wp\/v2\/product\/197619","targetHints":{"allow":["GET"]}}],"collection":[{"href":"https:\/\/staging.aldeco.pt\/pt-pt\/wp-json\/wp\/v2\/product"}],"about":[{"href":"https:\/\/staging.aldeco.pt\/pt-pt\/wp-json\/wp\/v2\/types\/product"}],"version-history":[{"count":2,"href":"https:\/\/staging.aldeco.pt\/pt-pt\/wp-json\/wp\/v2\/product\/197619\/revisions"}],"predecessor-version":[{"id":201850,"href":"https:\/\/staging.aldeco.pt\/pt-pt\/wp-json\/wp\/v2\/product\/197619\/revisions\/201850"}],"wp:featuredmedia":[{"embeddable":true,"href":"https:\/\/staging.aldeco.pt\/pt-pt\/wp-json\/wp\/v2\/media\/195834"}],"wp:attachment":[{"href":"https:\/\/staging.aldeco.pt\/pt-pt\/wp-json\/wp\/v2\/media?parent=197619"}],"wp:term":[{"taxonomy":"product_brand","embeddable":true,"href":"https:\/\/staging.aldeco.pt\/pt-pt\/wp-json\/wp\/v2\/product_brand?post=197619"},{"taxonomy":"product_cat","embeddable":true,"href":"https:\/\/staging.aldeco.pt\/pt-pt\/wp-json\/wp\/v2\/product_cat?post=197619"},{"taxonomy":"product_tag","embeddable":true,"href":"https:\/\/staging.aldeco.pt\/pt-pt\/wp-json\/wp\/v2\/product_tag?post=197619"}],"curies":[{"name":"wp","href":"https:\/\/api.w.org\/{rel}","templated":true}]}}