{"id":197607,"date":"2024-07-23T23:06:24","date_gmt":"2024-07-23T23:06:24","guid":{"rendered":"https:\/\/aldeco.pt\/staging\/product\/almofada-hope-velvet-easy-clean-fr-dark-forest-50x50-p\/"},"modified":"2024-08-06T11:12:54","modified_gmt":"2024-08-06T11:12:54","slug":"almofada-hope-velvet-easy-clean-fr-dark-forest-50x50-p","status":"publish","type":"product","link":"https:\/\/staging.aldeco.pt\/pt-pt\/product\/almofada-hope-velvet-easy-clean-fr-dark-forest-50x50-p\/","title":{"rendered":"ALMOFADA HOPE VELVET EASY CLEAN FR DARK FOREST 50&#215;50 P"},"content":{"rendered":"<p>Almofada decorativa quadrada em veludo macio. HOPE VELVET \u00e9 um tecido de veludo reciclado com apar\u00eancia de algod\u00e3o produzido a partir de um novo fio de olefina sustent\u00e1vel e Better Cotton\u2122. \u00c9 o primeiro produzido a partir de res\u00edduos t\u00eaxteis convertidos e n\u00e3o utiliza \u00e1gua durante o processo de produ\u00e7\u00e3o. Hope Velvet passou no Recycled Blended Claim Standard e possui tratamento de f\u00e1cil limpeza para melhor desempenho, mantendo uma sensa\u00e7\u00e3o natural e macia. Esta almofada tem fecho oculto e vivo e est\u00e1 dispon\u00edvel em diversas combina\u00e7\u00f5es de cores, com ou sem enchimento.<\/p>\n","protected":false},"excerpt":{"rendered":"<p>Almofada decorativa quadrada em veludo macio. HOPE VELVET \u00e9 um tecido de veludo reciclado com apar\u00eancia de algod\u00e3o produzido a partir de um novo fio de olefina sustent\u00e1vel e Better Cotton\u2122. \u00c9 o primeiro produzido a partir de res\u00edduos t\u00eaxteis convertidos e n\u00e3o utiliza \u00e1gua durante o processo de produ\u00e7\u00e3o. Hope Velvet passou no Recycled Blended Claim Standard e possui tratamento de f\u00e1cil limpeza para melhor desempenho, mantendo uma sensa\u00e7\u00e3o natural e macia. Esta almofada tem fecho oculto e vivo e est\u00e1 dispon\u00edvel em diversas combina\u00e7\u00f5es de cores, com ou sem enchimento. <\/p>\n<h2>Almofada HOPE VELVET \u00e9 um tecido de veludo reciclado com aspecto de algod\u00e3o produzido a partir de um novo fio de olefina sustent\u00e1vel e Better Cotton\u2122. \u00c9 o primeiro produzido a partir de res\u00edduos t\u00eaxteis convertidos e n\u00e3o utiliza \u00e1gua durante o processo de produ\u00e7\u00e3o. HOPE VELVET \u00e9 um tecido de veludo reciclado com aspecto de algod\u00e3o produzido a partir de um novo fio de olefina sustent\u00e1vel e Better Cotton\u2122. Esta almofada tem fecho oculto e vivo e est\u00e1 dispon\u00edvel em diversas combina\u00e7\u00f5es de cores, com ou sem enchimento.<\/h2>\n<p><img fetchpriority=\"high\" decoding=\"async\" class=\"alignnone wp-image-195798 size-medium\" src=\"https:\/\/aldeco.pt\/staging\/wp-content\/uploads\/2024\/07\/CUSHION-HOPE-VELVET-EASY-CLEAN-FR-DARK-FOREST-50x50-P-300x241.jpg\" alt=\"Almofada Hope Velvet Easy Clean FR Dark Forest - Aldeco\" width=\"300\" height=\"241\"><\/p>\n<p><a href=\"https:\/\/aldeco.pt\/staging\/product\/cushion-hope-velvet-easy-clean-fr-dark-forest-50x50-p\/?attribute_pa_aldeco-color=15-dark-forest\">https:\/\/aldeco.pt\/staging\/product\/cushion-hope-velvet-easy-clean-fr-dark-forest-50&#215;50-p\/?attribute_pa_aldeco-color=15-dark-forest<\/a><a href=\"https:\/\/www.instagram.com\/aldeco_interiorfabrics\/\">https:\/\/www.instagram.com\/aldeco_interiorfabrics\/<\/a><\/p>\n","protected":false},"featured_media":195799,"template":"","meta":[],"product_brand":[],"product_cat":[6145],"product_tag":[],"class_list":{"0":"post-197607","1":"product","2":"type-product","3":"status-publish","4":"has-post-thumbnail","6":"product_cat-aldeco-2-pt-pt-2","7":"pa_composition-ext-31-co-38-pl-31-rpl-pt-pt","8":"pa_line-almofadas","9":"pa_range-veludo","12":"first","13":"instock","14":"purchasable","15":"product-type-variable"},"acf":[],"_links":{"self":[{"href":"https:\/\/staging.aldeco.pt\/pt-pt\/wp-json\/wp\/v2\/product\/197607","targetHints":{"allow":["GET"]}}],"collection":[{"href":"https:\/\/staging.aldeco.pt\/pt-pt\/wp-json\/wp\/v2\/product"}],"about":[{"href":"https:\/\/staging.aldeco.pt\/pt-pt\/wp-json\/wp\/v2\/types\/product"}],"version-history":[{"count":1,"href":"https:\/\/staging.aldeco.pt\/pt-pt\/wp-json\/wp\/v2\/product\/197607\/revisions"}],"predecessor-version":[{"id":197990,"href":"https:\/\/staging.aldeco.pt\/pt-pt\/wp-json\/wp\/v2\/product\/197607\/revisions\/197990"}],"wp:featuredmedia":[{"embeddable":true,"href":"https:\/\/staging.aldeco.pt\/pt-pt\/wp-json\/wp\/v2\/media\/195799"}],"wp:attachment":[{"href":"https:\/\/staging.aldeco.pt\/pt-pt\/wp-json\/wp\/v2\/media?parent=197607"}],"wp:term":[{"taxonomy":"product_brand","embeddable":true,"href":"https:\/\/staging.aldeco.pt\/pt-pt\/wp-json\/wp\/v2\/product_brand?post=197607"},{"taxonomy":"product_cat","embeddable":true,"href":"https:\/\/staging.aldeco.pt\/pt-pt\/wp-json\/wp\/v2\/product_cat?post=197607"},{"taxonomy":"product_tag","embeddable":true,"href":"https:\/\/staging.aldeco.pt\/pt-pt\/wp-json\/wp\/v2\/product_tag?post=197607"}],"curies":[{"name":"wp","href":"https:\/\/api.w.org\/{rel}","templated":true}]}}