{"id":197601,"date":"2024-07-23T23:04:35","date_gmt":"2024-07-23T23:04:35","guid":{"rendered":"https:\/\/aldeco.pt\/staging\/product\/almofada-gabrielle-mixed-canvas-45x30-p\/"},"modified":"2024-10-07T09:47:58","modified_gmt":"2024-10-07T09:47:58","slug":"almofada-gabrielle-mixed-canvas-45x30-p","status":"publish","type":"product","link":"https:\/\/staging.aldeco.pt\/pt-pt\/product\/almofada-gabrielle-mixed-canvas-45x30-p\/","title":{"rendered":"ALMOFADA GABRIELLE MIXED CANVAS 45&#215;30 P"},"content":{"rendered":"<p>Almofada decorativa retangular com tecidos de fibras naturais. GABRIELLE \u00e9 um tecido jacquard multicolorido inspirado num ambiente org\u00e2nico e glamoroso \u00e9 f\u00e1cil combinar em infinitas combina\u00e7\u00f5es. Criado a partir de cores brilhantes e vivas, mas tamb\u00e9m de um sentimento de autenticidade particularmente forte composto por infinitas combina\u00e7\u00f5es de cores que real\u00e7am as suas fortes qualidades materiais. Onde a tradi\u00e7\u00e3o se encontra com o grafismo, atrav\u00e9s do bayadere moderno e colorido. Sinta a liberdade, a alegria e a autenticidade desta almofada com vivo em linho Samoa FR. Esta almofada tem fecho oculto e est\u00e1 dispon\u00edvel em diversas combina\u00e7\u00f5es de cores, com ou sem enchimento.<\/p>\n","protected":false},"excerpt":{"rendered":"<p>Almofada decorativa retangular com tecidos de fibras naturais. GABRIELLE \u00e9 um tecido jacquard multicolorido inspirado num ambiente org\u00e2nico e glamoroso \u00e9 f\u00e1cil combinar em infinitas combina\u00e7\u00f5es. Criado a partir de cores brilhantes e vivas, mas tamb\u00e9m de um sentimento de autenticidade particularmente forte composto por infinitas combina\u00e7\u00f5es de cores que real\u00e7am as suas fortes qualidades materiais. Onde a tradi\u00e7\u00e3o se encontra com o grafismo, atrav\u00e9s do bayadere moderno e colorido. Sinta a liberdade, a alegria e a autenticidade desta almofada com vivo em linho Samoa FR. Esta almofada tem fecho oculto e est\u00e1 dispon\u00edvel em diversas combina\u00e7\u00f5es de cores, com ou sem enchimento.<\/p>\n<h2>Almofada GABRIELLE \u00e9 um tecido jacquard multicolorido inspirado num ambiente org\u00e2nico e glamoroso. Criado a partir de cores brilhantes e vivas, mas tamb\u00e9m de um sentimento de autenticidade particularmente forte composto por infinitas combina\u00e7\u00f5es de cores que real\u00e7am as suas fortes qualidades materiais. Onde a tradi\u00e7\u00e3o se encontra com o grafismo, atrav\u00e9s do bayadere moderno e colorido. Sinta a liberdade, a alegria e a autenticidade desta almofada com vivo em linho Samoa FR. Esta almofada tem fecho oculto e est\u00e1 dispon\u00edvel em diversas combina\u00e7\u00f5es de cores, com ou sem enchimento.<\/h2>\n<p><img fetchpriority=\"high\" decoding=\"async\" class=\"alignnone wp-image-195787 size-medium\" src=\"https:\/\/aldeco.pt\/staging\/wp-content\/uploads\/2024\/07\/CUSHION-GABRIELLE-MIXED-CANVAS-45x30-P-300x241.jpg\" alt=\"Almofada Gabrielle Mixed Canvas - Aldeco\" width=\"300\" height=\"241\" \/><\/p>\n<p><a href=\"https:\/\/aldeco.pt\/staging\/product\/cushion-gabrielle-mixed-canvas-45x30-p\/?attribute_pa_aldeco-color=02-mixed-canvas\">https:\/\/aldeco.pt\/staging\/product\/cushion-gabrielle-mixed-canvas-45&#215;30-p\/?attribute_pa_aldeco-color=02-mixed-canvas<\/a><a href=\"https:\/\/www.instagram.com\/aldeco_interiorfabrics\/\">https:\/\/www.instagram.com\/aldeco_interiorfabrics\/<\/a><\/p>\n","protected":false},"featured_media":195788,"template":"","meta":[],"product_brand":[],"product_cat":[6145],"product_tag":[],"class_list":{"0":"post-197601","1":"product","2":"type-product","3":"status-publish","4":"has-post-thumbnail","6":"product_cat-aldeco-2-pt-pt-2","7":"pa_composition-ext-50-co-23-pl-19-vi-6-wo-2-pa-pt-pt","8":"pa_line-almofadas","11":"first","12":"instock","13":"purchasable","14":"product-type-variable"},"acf":[],"_links":{"self":[{"href":"https:\/\/staging.aldeco.pt\/pt-pt\/wp-json\/wp\/v2\/product\/197601","targetHints":{"allow":["GET"]}}],"collection":[{"href":"https:\/\/staging.aldeco.pt\/pt-pt\/wp-json\/wp\/v2\/product"}],"about":[{"href":"https:\/\/staging.aldeco.pt\/pt-pt\/wp-json\/wp\/v2\/types\/product"}],"version-history":[{"count":2,"href":"https:\/\/staging.aldeco.pt\/pt-pt\/wp-json\/wp\/v2\/product\/197601\/revisions"}],"predecessor-version":[{"id":202094,"href":"https:\/\/staging.aldeco.pt\/pt-pt\/wp-json\/wp\/v2\/product\/197601\/revisions\/202094"}],"wp:featuredmedia":[{"embeddable":true,"href":"https:\/\/staging.aldeco.pt\/pt-pt\/wp-json\/wp\/v2\/media\/195788"}],"wp:attachment":[{"href":"https:\/\/staging.aldeco.pt\/pt-pt\/wp-json\/wp\/v2\/media?parent=197601"}],"wp:term":[{"taxonomy":"product_brand","embeddable":true,"href":"https:\/\/staging.aldeco.pt\/pt-pt\/wp-json\/wp\/v2\/product_brand?post=197601"},{"taxonomy":"product_cat","embeddable":true,"href":"https:\/\/staging.aldeco.pt\/pt-pt\/wp-json\/wp\/v2\/product_cat?post=197601"},{"taxonomy":"product_tag","embeddable":true,"href":"https:\/\/staging.aldeco.pt\/pt-pt\/wp-json\/wp\/v2\/product_tag?post=197601"}],"curies":[{"name":"wp","href":"https:\/\/api.w.org\/{rel}","templated":true}]}}