{"id":197597,"date":"2024-07-23T23:02:01","date_gmt":"2024-07-23T23:02:01","guid":{"rendered":"https:\/\/aldeco.pt\/staging\/product\/almofada-digby-velvet-royal-blue-50x50\/"},"modified":"2024-10-01T10:42:34","modified_gmt":"2024-10-01T10:42:34","slug":"almofada-digby-velvet-royal-blue-50x50","status":"publish","type":"product","link":"https:\/\/staging.aldeco.pt\/pt-pt\/product\/almofada-digby-velvet-royal-blue-50x50\/","title":{"rendered":"ALMOFADA DIGBY VELVET ROYAL BLUE 50&#215;50"},"content":{"rendered":"<p>Experimente a pura suavidade nesta almofada decorativa quadrada atrav\u00e9s de luxo contempor\u00e2neo e atmosferas intrigantes. DIGBY VELVET \u00e9 um elegante veludo jacquard com uma identidade arrojada, cria um di\u00e1logo art\u00edstico perfeito entre o padr\u00e3o geom\u00e9trico e elegantes tons de cores. Inspirado na nova vaga de artistas brit\u00e2nicos, alguns deles envolvidos em processos de reinterpreta\u00e7\u00e3o da arte e de um passado glorioso para um presente elegante e distinto. Digby Velvet \u00e9 um elegante e fino veludo jacquard com um motivo geom\u00e9trico que recorda as in\u00fameras facetas dessa \u00e9poca hist\u00f3rica. Revisado e redesenhado com um toque contempor\u00e2neo para se tornar intemporal. Tem um efeito de mat\u00e9ria significativo, cria e real\u00e7a a forte identidade dos veludos jacquard, com pequenos padr\u00f5es geom\u00e9tricos e animalier. Esta almofada tem fecho oculto e est\u00e1 dispon\u00edvel em diversas combina\u00e7\u00f5es de cores, com ou sem enchimento.<\/p>\n","protected":false},"excerpt":{"rendered":"<p>Experimente a pura suavidade nesta almofada decorativa quadrada atrav\u00e9s de luxo contempor\u00e2neo e atmosferas intrigantes. DIGBY VELVET \u00e9 um elegante veludo jacquard com uma identidade arrojada, cria um di\u00e1logo art\u00edstico perfeito entre o padr\u00e3o geom\u00e9trico e elegantes tons de cores. Inspirado na nova vaga de artistas brit\u00e2nicos, alguns deles envolvidos em processos de reinterpreta\u00e7\u00e3o da arte e de um passado glorioso para um presente elegante e distinto. Digby Velvet \u00e9 um elegante e fino veludo jacquard com um motivo geom\u00e9trico que recorda as in\u00fameras facetas dessa \u00e9poca hist\u00f3rica. Revisado e redesenhado com um toque contempor\u00e2neo para se tornar intemporal. Tem um efeito de mat\u00e9ria significativo, cria e real\u00e7a a forte identidade dos veludos jacquard, com pequenos padr\u00f5es geom\u00e9tricos e animalier. Esta almofada tem fecho oculto e est\u00e1 dispon\u00edvel em diversas combina\u00e7\u00f5es de cores, com ou sem enchimento.<\/p>\n<h2>Almofada DIGBY VELVET \u00e9 um elegante veludo jacquard com uma identidade arrojada, cria um di\u00e1logo art\u00edstico perfeito entre o padr\u00e3o geom\u00e9trico e elegantes tons de cores. Inspirado na nova vaga de artistas brit\u00e2nicos, alguns deles envolvidos em processos de reinterpreta\u00e7\u00e3o da arte e de um passado glorioso para um presente elegante e distinto. Digby Velvet \u00e9 um elegante e fino veludo jacquard com um motivo geom\u00e9trico que recorda as in\u00fameras facetas dessa \u00e9poca hist\u00f3rica. Revisado e redesenhado com um toque contempor\u00e2neo para se tornar intemporal. Tem um efeito de mat\u00e9ria significativo, cria e real\u00e7a a forte identidade dos veludos jacquard, com pequenos padr\u00f5es geom\u00e9tricos e animalier. Esta almofada tem fecho oculto e est\u00e1 dispon\u00edvel em diversas combina\u00e7\u00f5es de cores, com ou sem enchimento.<\/h2>\n<p><img fetchpriority=\"high\" decoding=\"async\" class=\"alignnone wp-image-195766 size-medium\" src=\"https:\/\/aldeco.pt\/staging\/wp-content\/uploads\/2024\/07\/CUSHION-DIGBY-VELVET-ROYAL-BLUE-50x50-1-300x241.jpg\" alt=\"Almofada Digby Velvet Royal Blue - Aldeco\" width=\"300\" height=\"241\" \/><\/p>\n<p><a href=\"https:\/\/aldeco.pt\/staging\/product\/cushion-digby-velvet-royal-blue-50x50\/?attribute_pa_aldeco-color=05-royal-blue\">https:\/\/aldeco.pt\/staging\/product\/cushion-digby-velvet-royal-blue-50&#215;50\/?attribute_pa_aldeco-color=05-royal-blue<\/a><a href=\"https:\/\/www.instagram.com\/aldeco_interiorfabrics\/\">https:\/\/www.instagram.com\/aldeco_interiorfabrics\/<\/a><\/p>\n","protected":false},"featured_media":195767,"template":"","meta":[],"product_brand":[],"product_cat":[6145],"product_tag":[],"class_list":{"0":"post-197597","1":"product","2":"type-product","3":"status-publish","4":"has-post-thumbnail","6":"product_cat-aldeco-2-pt-pt-2","7":"pa_composition-ext-39-vi-36-pl-25-co-pt-pt","8":"pa_line-almofadas","9":"pa_range-veludo","12":"first","13":"instock","14":"purchasable","15":"product-type-variable"},"acf":[],"_links":{"self":[{"href":"https:\/\/staging.aldeco.pt\/pt-pt\/wp-json\/wp\/v2\/product\/197597","targetHints":{"allow":["GET"]}}],"collection":[{"href":"https:\/\/staging.aldeco.pt\/pt-pt\/wp-json\/wp\/v2\/product"}],"about":[{"href":"https:\/\/staging.aldeco.pt\/pt-pt\/wp-json\/wp\/v2\/types\/product"}],"version-history":[{"count":2,"href":"https:\/\/staging.aldeco.pt\/pt-pt\/wp-json\/wp\/v2\/product\/197597\/revisions"}],"predecessor-version":[{"id":201223,"href":"https:\/\/staging.aldeco.pt\/pt-pt\/wp-json\/wp\/v2\/product\/197597\/revisions\/201223"}],"wp:featuredmedia":[{"embeddable":true,"href":"https:\/\/staging.aldeco.pt\/pt-pt\/wp-json\/wp\/v2\/media\/195767"}],"wp:attachment":[{"href":"https:\/\/staging.aldeco.pt\/pt-pt\/wp-json\/wp\/v2\/media?parent=197597"}],"wp:term":[{"taxonomy":"product_brand","embeddable":true,"href":"https:\/\/staging.aldeco.pt\/pt-pt\/wp-json\/wp\/v2\/product_brand?post=197597"},{"taxonomy":"product_cat","embeddable":true,"href":"https:\/\/staging.aldeco.pt\/pt-pt\/wp-json\/wp\/v2\/product_cat?post=197597"},{"taxonomy":"product_tag","embeddable":true,"href":"https:\/\/staging.aldeco.pt\/pt-pt\/wp-json\/wp\/v2\/product_tag?post=197597"}],"curies":[{"name":"wp","href":"https:\/\/api.w.org\/{rel}","templated":true}]}}