{"id":197575,"date":"2024-07-23T23:01:02","date_gmt":"2024-07-23T23:01:02","guid":{"rendered":"https:\/\/aldeco.pt\/staging\/product\/almofada-decoupe-velvet-linen-caramel-50x50-p\/"},"modified":"2024-08-06T11:14:08","modified_gmt":"2024-08-06T11:14:08","slug":"almofada-decoupe-velvet-linen-caramel-50x50-p","status":"publish","type":"product","link":"https:\/\/staging.aldeco.pt\/pt-pt\/product\/almofada-decoupe-velvet-linen-caramel-50x50-p\/","title":{"rendered":"ALMOFADA DECOUP\u00c9 VELVET LINEN CARAMEL 50&#215;50 P"},"content":{"rendered":"<p>Almofada quadrada moderna com frente em veludo jacquard DECOUP\u00c9 e tecido Tribe nas costas e vivo. DECOUP\u00c8 VELVET \u00e9 um veludo jacquard adequado para estofo com um fundo de linho elegante e um toque muito natural. O p\u00ealo tem uma apar\u00eancia de impress\u00e3o digital com grandes formas din\u00e2micas l\u00fadicas que evocam tanto as formas abstratas de arte moderna quanto as tradicionais tatuagens mahori que costumavam cobrir o corpo inteiro dos povos ind\u00edgenas nas ilhas da Polin\u00e9sia Francesa. Esta almofada tem fecho oculto e est\u00e1 dispon\u00edvel em diversas combina\u00e7\u00f5es de cores, com ou sem enchimento.<\/p>\n","protected":false},"excerpt":{"rendered":"<p>Almofada quadrada moderna com frente em veludo jacquard DECOUP\u00c9 e tecido Tribe nas costas e vivo. DECOUP\u00c8 VELVET \u00e9 um veludo jacquard adequado para estofo com um fundo de linho elegante e um toque muito natural. O p\u00ealo tem uma apar\u00eancia de impress\u00e3o digital com grandes formas din\u00e2micas l\u00fadicas que evocam tanto as formas abstratas de arte moderna quanto as tradicionais tatuagens mahori que costumavam cobrir o corpo inteiro dos povos ind\u00edgenas nas ilhas da Polin\u00e9sia Francesa. Esta almofada tem fecho oculto e est\u00e1 dispon\u00edvel em diversas combina\u00e7\u00f5es de cores, com ou sem enchimento. <\/p>\n<h2>Almofada DECOUP\u00c8 VELVET \u00e9 um veludo jacquard adequado para estofo com um fundo de linho elegante e um toque muito natural. O p\u00ealo tem uma apar\u00eancia de impress\u00e3o digital com grandes formas din\u00e2micas l\u00fadicas que evocam tanto as formas abstratas de arte moderna quanto as tradicionais tatuagens mahori que costumavam cobrir o corpo inteiro dos povos ind\u00edgenas nas ilhas da Polin\u00e9sia Francesa. Esta almofada tem fecho oculto e est\u00e1 dispon\u00edvel em diversas combina\u00e7\u00f5es de cores, com ou sem enchimento.<\/h2>\n<p><img fetchpriority=\"high\" decoding=\"async\" class=\"alignnone wp-image-195698 size-medium\" src=\"https:\/\/aldeco.pt\/staging\/wp-content\/uploads\/2024\/07\/CUSHION-DECOUPE-VELVET-LINEN-CARAMEL-50x50-P-300x241.jpg\" alt=\"Almofada Decoup\u00e9 Velvet Linen Caramel - Aldeco\" width=\"300\" height=\"241\"><\/p>\n<p><a href=\"https:\/\/aldeco.pt\/staging\/product\/cushion-decoupe-velvet-linen-caramel-50x50-p\/?attribute_pa_aldeco-color=02-linen-caramel\">https:\/\/aldeco.pt\/staging\/product\/cushion-decoupe-velvet-linen-caramel-50&#215;50-p\/?attribute_pa_aldeco-color=02-linen-caramel<\/a><a href=\"https:\/\/www.instagram.com\/aldeco_interiorfabrics\/\">https:\/\/www.instagram.com\/aldeco_interiorfabrics\/<\/a><\/p>\n","protected":false},"featured_media":195699,"template":"","meta":[],"product_brand":[],"product_cat":[6145],"product_tag":[],"class_list":{"0":"post-197575","1":"product","2":"type-product","3":"status-publish","4":"has-post-thumbnail","6":"product_cat-aldeco-2-pt-pt-2","7":"pa_composition-ext-70-vi-16-pl-10-co-4-li-pt-pt","8":"pa_line-almofadas","9":"pa_range-veludo","12":"first","13":"instock","14":"purchasable","15":"product-type-variable"},"acf":[],"_links":{"self":[{"href":"https:\/\/staging.aldeco.pt\/pt-pt\/wp-json\/wp\/v2\/product\/197575","targetHints":{"allow":["GET"]}}],"collection":[{"href":"https:\/\/staging.aldeco.pt\/pt-pt\/wp-json\/wp\/v2\/product"}],"about":[{"href":"https:\/\/staging.aldeco.pt\/pt-pt\/wp-json\/wp\/v2\/types\/product"}],"version-history":[{"count":1,"href":"https:\/\/staging.aldeco.pt\/pt-pt\/wp-json\/wp\/v2\/product\/197575\/revisions"}],"predecessor-version":[{"id":198033,"href":"https:\/\/staging.aldeco.pt\/pt-pt\/wp-json\/wp\/v2\/product\/197575\/revisions\/198033"}],"wp:featuredmedia":[{"embeddable":true,"href":"https:\/\/staging.aldeco.pt\/pt-pt\/wp-json\/wp\/v2\/media\/195699"}],"wp:attachment":[{"href":"https:\/\/staging.aldeco.pt\/pt-pt\/wp-json\/wp\/v2\/media?parent=197575"}],"wp:term":[{"taxonomy":"product_brand","embeddable":true,"href":"https:\/\/staging.aldeco.pt\/pt-pt\/wp-json\/wp\/v2\/product_brand?post=197575"},{"taxonomy":"product_cat","embeddable":true,"href":"https:\/\/staging.aldeco.pt\/pt-pt\/wp-json\/wp\/v2\/product_cat?post=197575"},{"taxonomy":"product_tag","embeddable":true,"href":"https:\/\/staging.aldeco.pt\/pt-pt\/wp-json\/wp\/v2\/product_tag?post=197575"}],"curies":[{"name":"wp","href":"https:\/\/api.w.org\/{rel}","templated":true}]}}