{"id":197559,"date":"2024-07-23T22:55:09","date_gmt":"2024-07-23T22:55:09","guid":{"rendered":"https:\/\/aldeco.pt\/staging\/product\/almofada-belle-terre-blue-dream-45x30\/"},"modified":"2024-10-07T10:53:35","modified_gmt":"2024-10-07T10:53:35","slug":"almofada-belle-terre-blue-dream-45x30","status":"publish","type":"product","link":"https:\/\/staging.aldeco.pt\/pt-pt\/product\/almofada-belle-terre-blue-dream-45x30\/","title":{"rendered":"ALMOFADA BELLE TERRE BLUE DREAM 45&#215;30"},"content":{"rendered":"<p>Descubra esta requintada almofada decorativa BELLE TERRE com franjas, uma passamanaria de edi\u00e7\u00e3o limitada. \u00c9 confecionada a partir de um linho bordado com uma paisagem extravagante \u00c9 um design de meia largura inspirado na flora rica das ilhas da Polin\u00e9sia Francesa. Gaugin e outros pintores simbolistas modernos foram profundamente inspirados pelas cores ousadas dispon\u00edveis na natureza e pelos efeitos de luz que o sol originou nos fundos ex\u00f3ticos. Esta almofada retangular tem fecho oculto e est\u00e1 dispon\u00edvel em diversas combina\u00e7\u00f5es de cores, com ou sem enchimento.<\/p>\n","protected":false},"excerpt":{"rendered":"<p>Descubra esta requintada almofada decorativa BELLE TERRE com franjas, uma passamanaria de edi\u00e7\u00e3o limitada. \u00c9 confecionada a partir de um linho bordado com uma paisagem extravagante \u00c9 um design de meia largura inspirado na flora rica das ilhas da Polin\u00e9sia Francesa. Gaugin e outros pintores simbolistas modernos foram profundamente inspirados pelas cores ousadas dispon\u00edveis na natureza e pelos efeitos de luz que o sol originou nos fundos ex\u00f3ticos. Esta almofada retangular tem fecho oculto e est\u00e1 dispon\u00edvel em diversas combina\u00e7\u00f5es de cores, com ou sem enchimento.<\/p>\n<h2>Almofada BELLE TERRE, \u00e9 confecionada a partir de um linho bordado com uma paisagem extravagante. \u00c9 um design de meia largura inspirado na flora rica das ilhas da Polin\u00e9sia Francesa. Gaugin e outros pintores simbolistas modernos foram profundamente inspirados pelas cores ousadas dispon\u00edveis na natureza e pelos efeitos de luz que o sol originou nos fundos ex\u00f3ticos. Esta almofada retangular tem fecho oculto e est\u00e1 dispon\u00edvel em diversas combina\u00e7\u00f5es de cores, com ou sem enchimento.<\/h2>\n<p>&nbsp;<\/p>\n<p><img fetchpriority=\"high\" decoding=\"async\" class=\"alignnone wp-image-195653 size-medium\" src=\"https:\/\/aldeco.pt\/staging\/wp-content\/uploads\/2024\/07\/CUSHION-BELLE-TERRE-BLUE-DREAM-45x30-1-300x241.jpg\" alt=\"Almofada Belle Terre Blue Dream - Aldeco\" width=\"300\" height=\"241\" \/><\/p>\n<p><a href=\"https:\/\/aldeco.pt\/staging\/product\/cushion-belle-terre-blue-dream-45x30\/?attribute_pa_aldeco-color=04-blue-lac-dannecy\">https:\/\/aldeco.pt\/staging\/product\/cushion-belle-terre-blue-dream-45&#215;30\/?attribute_pa_aldeco-color=04-blue-lac-dannecy<\/a><a href=\"https:\/\/www.instagram.com\/aldeco_interiorfabrics\/\">https:\/\/www.instagram.com\/aldeco_interiorfabrics\/<\/a><\/p>\n","protected":false},"featured_media":195654,"template":"","meta":[],"product_brand":[],"product_cat":[6145],"product_tag":[],"class_list":{"0":"post-197559","1":"product","2":"type-product","3":"status-publish","4":"has-post-thumbnail","6":"product_cat-aldeco-2-pt-pt-2","7":"pa_composition-ext-100-li-pt-pt","8":"pa_line-almofadas","11":"first","12":"instock","13":"purchasable","14":"product-type-variable"},"acf":[],"_links":{"self":[{"href":"https:\/\/staging.aldeco.pt\/pt-pt\/wp-json\/wp\/v2\/product\/197559","targetHints":{"allow":["GET"]}}],"collection":[{"href":"https:\/\/staging.aldeco.pt\/pt-pt\/wp-json\/wp\/v2\/product"}],"about":[{"href":"https:\/\/staging.aldeco.pt\/pt-pt\/wp-json\/wp\/v2\/types\/product"}],"version-history":[{"count":2,"href":"https:\/\/staging.aldeco.pt\/pt-pt\/wp-json\/wp\/v2\/product\/197559\/revisions"}],"predecessor-version":[{"id":202112,"href":"https:\/\/staging.aldeco.pt\/pt-pt\/wp-json\/wp\/v2\/product\/197559\/revisions\/202112"}],"wp:featuredmedia":[{"embeddable":true,"href":"https:\/\/staging.aldeco.pt\/pt-pt\/wp-json\/wp\/v2\/media\/195654"}],"wp:attachment":[{"href":"https:\/\/staging.aldeco.pt\/pt-pt\/wp-json\/wp\/v2\/media?parent=197559"}],"wp:term":[{"taxonomy":"product_brand","embeddable":true,"href":"https:\/\/staging.aldeco.pt\/pt-pt\/wp-json\/wp\/v2\/product_brand?post=197559"},{"taxonomy":"product_cat","embeddable":true,"href":"https:\/\/staging.aldeco.pt\/pt-pt\/wp-json\/wp\/v2\/product_cat?post=197559"},{"taxonomy":"product_tag","embeddable":true,"href":"https:\/\/staging.aldeco.pt\/pt-pt\/wp-json\/wp\/v2\/product_tag?post=197559"}],"curies":[{"name":"wp","href":"https:\/\/api.w.org\/{rel}","templated":true}]}}