{"id":197557,"date":"2024-07-23T22:55:05","date_gmt":"2024-07-23T22:55:05","guid":{"rendered":"https:\/\/aldeco.pt\/staging\/product\/almofada-belle-terre-autumn-dream-50x50-p\/"},"modified":"2024-10-07T10:54:10","modified_gmt":"2024-10-07T10:54:10","slug":"almofada-belle-terre-autumn-dream-50x50-p","status":"publish","type":"product","link":"https:\/\/staging.aldeco.pt\/pt-pt\/product\/almofada-belle-terre-autumn-dream-50x50-p\/","title":{"rendered":"ALMOFADA BELLE TERRE AUTUMN DREAM 50&#215;50 P"},"content":{"rendered":"<p>Descubra esta requintada almofada decorativa BELLE TERRE com debrum de linho Samoa FR. \u00c9 confecionada a partir de um linho bordado com uma paisagem extravagante. \u00c9 um design de meia largura inspirado na flora rica das ilhas da Polin\u00e9sia Francesa. Gaugin e outros pintores simbolistas modernos foram profundamente inspirados pelas cores ousadas dispon\u00edveis na natureza e pelos efeitos de luz que o sol originou nos fundos ex\u00f3ticos. Com fecho oculto est\u00e1 dispon\u00edvel em diversas combina\u00e7\u00f5es de cores, com ou sem enchimento.<\/p>\n","protected":false},"excerpt":{"rendered":"<p>Descubra esta requintada almofada decorativa BELLE TERRE com debrum de linho Samoa FR. \u00c9 confecionada a partir de um linho bordado com uma paisagem extravagante. \u00c9 um design de meia largura inspirado na flora rica das ilhas da Polin\u00e9sia Francesa. Gaugin e outros pintores simbolistas modernos foram profundamente inspirados pelas cores ousadas dispon\u00edveis na natureza e pelos efeitos de luz que o sol originou nos fundos ex\u00f3ticos. Com fecho oculto est\u00e1 dispon\u00edvel em diversas combina\u00e7\u00f5es de cores, com ou sem enchimento.<\/p>\n<h2>Almofada BELLE TERRE, \u00e9 confecionada a partir de um linho bordado com uma paisagem extravagante. \u00c9 um design de meia largura inspirado na flora rica das ilhas da Polin\u00e9sia Francesa. Gaugin e outros pintores simbolistas modernos foram profundamente inspirados pelas cores ousadas dispon\u00edveis na natureza e pelos efeitos de luz que o sol originou nos fundos ex\u00f3ticos. Com fecho oculto est\u00e1 dispon\u00edvel em diversas combina\u00e7\u00f5es de cores, com ou sem enchimento.<\/h2>\n<p><img fetchpriority=\"high\" decoding=\"async\" class=\"alignnone wp-image-195648 size-medium\" src=\"https:\/\/aldeco.pt\/staging\/wp-content\/uploads\/2024\/07\/CUSHION-BELLE-TERRE-AUTUMN-DREAM-50x50-P-300x241.jpg\" alt=\"Almofada Belle Terre Autumn Dream - Aldeco\" width=\"300\" height=\"241\" \/><\/p>\n<p><a href=\"https:\/\/aldeco.pt\/staging\/product\/cushion-belle-terre-autumn-dream-50x50-p\/?attribute_pa_aldeco-color=01-autum-dream\">https:\/\/aldeco.pt\/staging\/product\/cushion-belle-terre-autumn-dream-50&#215;50-p\/?attribute_pa_aldeco-color=01-autum-dream<\/a><a href=\"https:\/\/www.instagram.com\/aldeco_interiorfabrics\/\">https:\/\/www.instagram.com\/aldeco_interiorfabrics\/<\/a><\/p>\n","protected":false},"featured_media":195649,"template":"","meta":[],"product_brand":[],"product_cat":[6145],"product_tag":[],"class_list":{"0":"post-197557","1":"product","2":"type-product","3":"status-publish","4":"has-post-thumbnail","6":"product_cat-aldeco-2-pt-pt-2","7":"pa_composition-ext-100-li-pt-pt","8":"pa_line-almofadas","11":"first","12":"instock","13":"purchasable","14":"product-type-variable"},"acf":[],"_links":{"self":[{"href":"https:\/\/staging.aldeco.pt\/pt-pt\/wp-json\/wp\/v2\/product\/197557","targetHints":{"allow":["GET"]}}],"collection":[{"href":"https:\/\/staging.aldeco.pt\/pt-pt\/wp-json\/wp\/v2\/product"}],"about":[{"href":"https:\/\/staging.aldeco.pt\/pt-pt\/wp-json\/wp\/v2\/types\/product"}],"version-history":[{"count":2,"href":"https:\/\/staging.aldeco.pt\/pt-pt\/wp-json\/wp\/v2\/product\/197557\/revisions"}],"predecessor-version":[{"id":202113,"href":"https:\/\/staging.aldeco.pt\/pt-pt\/wp-json\/wp\/v2\/product\/197557\/revisions\/202113"}],"wp:featuredmedia":[{"embeddable":true,"href":"https:\/\/staging.aldeco.pt\/pt-pt\/wp-json\/wp\/v2\/media\/195649"}],"wp:attachment":[{"href":"https:\/\/staging.aldeco.pt\/pt-pt\/wp-json\/wp\/v2\/media?parent=197557"}],"wp:term":[{"taxonomy":"product_brand","embeddable":true,"href":"https:\/\/staging.aldeco.pt\/pt-pt\/wp-json\/wp\/v2\/product_brand?post=197557"},{"taxonomy":"product_cat","embeddable":true,"href":"https:\/\/staging.aldeco.pt\/pt-pt\/wp-json\/wp\/v2\/product_cat?post=197557"},{"taxonomy":"product_tag","embeddable":true,"href":"https:\/\/staging.aldeco.pt\/pt-pt\/wp-json\/wp\/v2\/product_tag?post=197557"}],"curies":[{"name":"wp","href":"https:\/\/api.w.org\/{rel}","templated":true}]}}