{"id":197550,"date":"2024-07-23T22:54:57","date_gmt":"2024-07-23T22:54:57","guid":{"rendered":"https:\/\/aldeco.pt\/staging\/product\/almofada-arte-water-repellent-la-defense-soleil-50x50\/"},"modified":"2024-10-07T16:15:29","modified_gmt":"2024-10-07T16:15:29","slug":"almofada-arte-water-repellent-la-defense-soleil-50x50","status":"publish","type":"product","link":"https:\/\/staging.aldeco.pt\/pt-pt\/product\/almofada-arte-water-repellent-la-defense-soleil-50x50\/","title":{"rendered":"ALMOFADA ARTE WATER REPELLENT LA D\u00c9FENSE SOLEIL 50&#215;50"},"content":{"rendered":"<p>ARTE \u00e9 uma almofada decorativa confecionada num elegante tecido de microfibra com um toque macio de camur\u00e7a, alta qualidade e resist\u00eancia. Inspirado no efervescente Movimento Modernista e nos seus criativos pintores. Pode sentir cada pincelada e as cores ricas ao longo do tecido, atrav\u00e9s de cada curva e linha que se cruzam de forma livre e din\u00e2mica criando formas vibrantes e irregulares em sintonia com esse discurso art\u00edstico. Um expressionismo abstrato traduzido em pinceladas, tonalidades de cores e formas onduladas baseadas em fascinantes e intrigantes gamas de cores. Esta almofada cria ambientes deslumbrantes, com fecho oculto est\u00e1 dispon\u00edvel em diversas combina\u00e7\u00f5es de cores, com ou sem enchimento.<\/p>\n","protected":false},"excerpt":{"rendered":"<p>ARTE \u00e9 uma almofada decorativa confecionada num elegante tecido de microfibra com um toque macio de camur\u00e7a, alta qualidade e resist\u00eancia. Inspirado no efervescente Movimento Modernista e nos seus criativos pintores. Pode sentir cada pincelada e as cores ricas ao longo do tecido, atrav\u00e9s de cada curva e linha que se cruzam de forma livre e din\u00e2mica criando formas vibrantes e irregulares em sintonia com esse discurso art\u00edstico. Um expressionismo abstrato traduzido em pinceladas, tonalidades de cores e formas onduladas baseadas em fascinantes e intrigantes gamas de cores. Esta almofada cria ambientes deslumbrantes, com fecho oculto est\u00e1 dispon\u00edvel em diversas combina\u00e7\u00f5es de cores, com ou sem enchimento.<\/p>\n<h2>Almofada Arte, inspirado no efervescente Movimento Modernista e nos seus pintores criativos. Pode sentir cada pincelada e as cores ricas ao longo do tecido, atrav\u00e9s de cada curva e linha que se cruzam de forma livre e din\u00e2mica criando formas vibrantes e irregulares em sintonia com esse discurso art\u00edstico. Um expressionismo abstrato traduzido em pinceladas, tonalidades de cores e formas onduladas baseadas em fascinantes e intrigantes gamas de cores. Esta almofada cria ambientes deslumbrantes, com fecho oculto est\u00e1 dispon\u00edvel em diversas combina\u00e7\u00f5es de cores, com ou sem enchimento.<\/h2>\n<p><img fetchpriority=\"high\" decoding=\"async\" class=\"alignnone wp-image-195636 size-medium\" src=\"https:\/\/aldeco.pt\/staging\/wp-content\/uploads\/2024\/07\/CUSHION-ARTE-WATER-REPELLENT-LA-DEFENSE-SOLEIL-50x50-1-300x241.jpg\" alt=\"Almofada Arte Water Repellent - Aldeco\" width=\"300\" height=\"241\" \/><\/p>\n<p><a href=\"https:\/\/aldeco.pt\/staging\/product\/cushion-arte-water-repellent-la-defense-soleil-50x50\/?attribute_pa_aldeco-color=02-la-defense-soleil\">https:\/\/aldeco.pt\/staging\/product\/cushion-arte-water-repellent-la-defense-soleil-50&#215;50\/?attribute_pa_aldeco-color=02-la-defense-soleil<\/a><a href=\"https:\/\/www.instagram.com\/aldeco_interiorfabrics\/\">https:\/\/www.instagram.com\/aldeco_interiorfabrics\/<\/a><\/p>\n","protected":false},"featured_media":195637,"template":"","meta":[],"product_brand":[],"product_cat":[6145],"product_tag":[],"class_list":{"0":"post-197550","1":"product","2":"type-product","3":"status-publish","4":"has-post-thumbnail","6":"product_cat-aldeco-2-pt-pt-2","7":"pa_composition-ext-100-pl-pt-pt","8":"pa_line-almofadas","9":"pa_range-estampado","12":"first","13":"instock","14":"purchasable","15":"product-type-variable"},"acf":[],"_links":{"self":[{"href":"https:\/\/staging.aldeco.pt\/pt-pt\/wp-json\/wp\/v2\/product\/197550","targetHints":{"allow":["GET"]}}],"collection":[{"href":"https:\/\/staging.aldeco.pt\/pt-pt\/wp-json\/wp\/v2\/product"}],"about":[{"href":"https:\/\/staging.aldeco.pt\/pt-pt\/wp-json\/wp\/v2\/types\/product"}],"version-history":[{"count":2,"href":"https:\/\/staging.aldeco.pt\/pt-pt\/wp-json\/wp\/v2\/product\/197550\/revisions"}],"predecessor-version":[{"id":202176,"href":"https:\/\/staging.aldeco.pt\/pt-pt\/wp-json\/wp\/v2\/product\/197550\/revisions\/202176"}],"wp:featuredmedia":[{"embeddable":true,"href":"https:\/\/staging.aldeco.pt\/pt-pt\/wp-json\/wp\/v2\/media\/195637"}],"wp:attachment":[{"href":"https:\/\/staging.aldeco.pt\/pt-pt\/wp-json\/wp\/v2\/media?parent=197550"}],"wp:term":[{"taxonomy":"product_brand","embeddable":true,"href":"https:\/\/staging.aldeco.pt\/pt-pt\/wp-json\/wp\/v2\/product_brand?post=197550"},{"taxonomy":"product_cat","embeddable":true,"href":"https:\/\/staging.aldeco.pt\/pt-pt\/wp-json\/wp\/v2\/product_cat?post=197550"},{"taxonomy":"product_tag","embeddable":true,"href":"https:\/\/staging.aldeco.pt\/pt-pt\/wp-json\/wp\/v2\/product_tag?post=197550"}],"curies":[{"name":"wp","href":"https:\/\/api.w.org\/{rel}","templated":true}]}}