{"id":197543,"date":"2024-07-23T23:21:46","date_gmt":"2024-07-23T23:21:46","guid":{"rendered":"https:\/\/aldeco.pt\/staging\/product\/almofada-tailleur-fr-white-sand-40x40\/"},"modified":"2024-10-02T08:09:49","modified_gmt":"2024-10-02T08:09:49","slug":"almofada-tailleur-fr-white-sand-40x40","status":"publish","type":"product","link":"https:\/\/staging.aldeco.pt\/pt-pt\/product\/almofada-tailleur-fr-white-sand-40x40\/","title":{"rendered":"ALMOFADA TAILLEUR FR WHITE SAND 40&#215;40"},"content":{"rendered":"<p>Almofada decorativa quadrada em TAILLEUR, um jacquard com fios boucl\u00e9 multicoloridos, que lhe confere um aspecto muito elegante e natural como os famosos fatos de tweed do in\u00edcio do s\u00e9culo XX. Esta almofada tem fecho oculto e est\u00e1 dispon\u00edvel em diversas combina\u00e7\u00f5es de cores, com ou sem enchimento.<\/p>\n","protected":false},"excerpt":{"rendered":"<p>Almofada decorativa quadrada em TAILLEUR, um jacquard com fios boucl\u00e9 multicoloridos, que lhe confere um aspecto muito elegante e natural como os famosos fatos de tweed do in\u00edcio do s\u00e9culo XX. Esta almofada tem fecho oculto e est\u00e1 dispon\u00edvel em diversas combina\u00e7\u00f5es de cores, com ou sem enchimento.<\/p>\n<h2>Almofada decorativa quadrada em TAILLEUR, um jacquard com fios boucl\u00e9 multicoloridos, que lhe confere um aspecto muito elegante e natural como os famosos fatos de tweed do in\u00edcio do s\u00e9culo XX. Esta almofada tem fecho oculto e est\u00e1 dispon\u00edvel em diversas combina\u00e7\u00f5es de cores, com ou sem enchimento.<\/h2>\n<p><img fetchpriority=\"high\" decoding=\"async\" class=\"alignnone wp-image-195527 size-medium\" src=\"https:\/\/aldeco.pt\/staging\/wp-content\/uploads\/2024\/07\/CUSHION-TAILLEUR-FR-WHITE-SAND-40x40-1-300x241.jpg\" alt=\"Almofada Tailleur FR White Sand - Aldeco\" width=\"300\" height=\"241\" \/><\/p>\n<p><a href=\"https:\/\/aldeco.pt\/staging\/product\/cushion-tailleur-fr-white-sand-40x40\/?attribute_pa_aldeco-color=01-white-sand\">https:\/\/aldeco.pt\/staging\/product\/cushion-tailleur-fr-white-sand-40&#215;40\/?attribute_pa_aldeco-color=01-white-sand<\/a><a href=\"https:\/\/www.instagram.com\/aldeco_interiorfabrics\/\">https:\/\/www.instagram.com\/aldeco_interiorfabrics\/<\/a><\/p>\n","protected":false},"featured_media":195528,"template":"","meta":[],"product_brand":[],"product_cat":[6145],"product_tag":[],"class_list":{"0":"post-197543","1":"product","2":"type-product","3":"status-publish","4":"has-post-thumbnail","6":"product_cat-aldeco-2-pt-pt-2","7":"pa_composition-ext-44-co-36-pl-11-pc-4-li-2-wo-2-v-i-1-pa-pt-pt","8":"pa_line-almofadas","9":"pa_range-boucle-pt-pt","10":"pa_range-jacquard-pt-pt","13":"first","14":"instock","15":"purchasable","16":"product-type-variable"},"acf":[],"_links":{"self":[{"href":"https:\/\/staging.aldeco.pt\/pt-pt\/wp-json\/wp\/v2\/product\/197543","targetHints":{"allow":["GET"]}}],"collection":[{"href":"https:\/\/staging.aldeco.pt\/pt-pt\/wp-json\/wp\/v2\/product"}],"about":[{"href":"https:\/\/staging.aldeco.pt\/pt-pt\/wp-json\/wp\/v2\/types\/product"}],"version-history":[{"count":2,"href":"https:\/\/staging.aldeco.pt\/pt-pt\/wp-json\/wp\/v2\/product\/197543\/revisions"}],"predecessor-version":[{"id":201757,"href":"https:\/\/staging.aldeco.pt\/pt-pt\/wp-json\/wp\/v2\/product\/197543\/revisions\/201757"}],"wp:featuredmedia":[{"embeddable":true,"href":"https:\/\/staging.aldeco.pt\/pt-pt\/wp-json\/wp\/v2\/media\/195528"}],"wp:attachment":[{"href":"https:\/\/staging.aldeco.pt\/pt-pt\/wp-json\/wp\/v2\/media?parent=197543"}],"wp:term":[{"taxonomy":"product_brand","embeddable":true,"href":"https:\/\/staging.aldeco.pt\/pt-pt\/wp-json\/wp\/v2\/product_brand?post=197543"},{"taxonomy":"product_cat","embeddable":true,"href":"https:\/\/staging.aldeco.pt\/pt-pt\/wp-json\/wp\/v2\/product_cat?post=197543"},{"taxonomy":"product_tag","embeddable":true,"href":"https:\/\/staging.aldeco.pt\/pt-pt\/wp-json\/wp\/v2\/product_tag?post=197543"}],"curies":[{"name":"wp","href":"https:\/\/api.w.org\/{rel}","templated":true}]}}