{"id":197531,"date":"2024-07-23T23:19:48","date_gmt":"2024-07-23T23:19:48","guid":{"rendered":"https:\/\/aldeco.pt\/staging\/product\/almofada-savoir-faire-maxims-dore-50x50\/"},"modified":"2024-09-30T09:20:18","modified_gmt":"2024-09-30T09:20:18","slug":"almofada-savoir-faire-maxims-dore-50x50","status":"publish","type":"product","link":"https:\/\/staging.aldeco.pt\/pt-pt\/product\/almofada-savoir-faire-maxims-dore-50x50\/","title":{"rendered":"ALMOFADA SAVOIR-FAIRE MAXIMS DOR\u00c9 50&#215;50"},"content":{"rendered":"<p>Almofada quadrada decorativa requintada, SAVOIR-FAIRE \u00e9 um luxuoso tecido bordado com um design inspirado na geometria da arte d\u00e9co, adornado com ricos tons atrav\u00e9s de intrincados pontos bordados muito decorativos. Confecionado numa elegante base de tecido de cetim de algod\u00e3o, \u00e9 o ep\u00edtome do luxo, elevando qualquer espa\u00e7o com o seu toque majestoso. Este tecido simboliza o verdadeiro conceito de savoir-faire em todas as esferas da vida glamourosa de Veva. Esta almofada tem fecho oculto, 1 cm de oxford e est\u00e1 dispon\u00edvel em diversas combina\u00e7\u00f5es de cores, com ou sem enchimento.<\/p>\n","protected":false},"excerpt":{"rendered":"<p>Almofada quadrada decorativa requintada, SAVOIR-FAIRE \u00e9 um luxuoso tecido bordado com um design inspirado na geometria da arte d\u00e9co, adornado com ricos tons atrav\u00e9s de intrincados pontos bordados muito decorativos. Confecionado numa elegante base de tecido de cetim de algod\u00e3o, \u00e9 o ep\u00edtome do luxo, elevando qualquer espa\u00e7o com o seu toque majestoso. Este tecido simboliza o verdadeiro conceito de savoir-faire em todas as esferas da vida glamourosa de Veva. Esta almofada tem fecho oculto, 1 cm de oxford e est\u00e1 dispon\u00edvel em diversas combina\u00e7\u00f5es de cores, com ou sem enchimento.<\/p>\n<h2>Almofada SAVOIR-FAIRE \u00e9 um luxuoso tecido bordado com um design inspirado na geometria da arte d\u00e9co, adornado com ricos tons atrav\u00e9s de intrincados pontos bordados muito decorativos. Confecionado numa elegante base de tecido de cetim de algod\u00e3o, \u00e9 o ep\u00edtome do luxo, elevando qualquer espa\u00e7o com o seu toque majestoso. Este tecido simboliza o verdadeiro conceito de savoir-faire em todas as esferas da vida glamourosa de Veva. Esta almofada tem fecho oculto, 1 cm de oxford e est\u00e1 dispon\u00edvel em diversas combina\u00e7\u00f5es de cores, com ou sem enchimento.<\/h2>\n<p><img fetchpriority=\"high\" decoding=\"async\" class=\"alignnone wp-image-195496 size-medium\" src=\"https:\/\/aldeco.pt\/staging\/wp-content\/uploads\/2024\/07\/CUSHION-SAVOIR-FAIRE-MAXIMS-DORE-50x50-1-300x241.jpg\" alt=\"Almofada Savoir-Faire Maxims Dor\u00e9 - Aldeco\" width=\"300\" height=\"241\" \/><\/p>\n<p><a href=\"https:\/\/aldeco.pt\/staging\/product\/cushion-savoir-faire-maxims-dore-50x50\/?attribute_pa_aldeco-color=02-maxims-dore\">https:\/\/aldeco.pt\/staging\/product\/cushion-savoir-faire-maxims-dore-50&#215;50\/?attribute_pa_aldeco-color=02-maxims-dore<\/a><a href=\"https:\/\/www.instagram.com\/aldeco_interiorfabrics\/\">https:\/\/www.instagram.com\/aldeco_interiorfabrics\/<\/a><\/p>\n","protected":false},"featured_media":195497,"template":"","meta":[],"product_brand":[],"product_cat":[6145],"product_tag":[],"class_list":{"0":"post-197531","1":"product","2":"type-product","3":"status-publish","4":"has-post-thumbnail","6":"product_cat-aldeco-2-pt-pt-2","7":"pa_composition-ext-100-co-bordado-80-vi-20-pl","8":"pa_line-almofadas","9":"pa_range-bordado","10":"pa_range-escovado","13":"first","14":"instock","15":"purchasable","16":"product-type-variable"},"acf":[],"_links":{"self":[{"href":"https:\/\/staging.aldeco.pt\/pt-pt\/wp-json\/wp\/v2\/product\/197531","targetHints":{"allow":["GET"]}}],"collection":[{"href":"https:\/\/staging.aldeco.pt\/pt-pt\/wp-json\/wp\/v2\/product"}],"about":[{"href":"https:\/\/staging.aldeco.pt\/pt-pt\/wp-json\/wp\/v2\/types\/product"}],"version-history":[{"count":3,"href":"https:\/\/staging.aldeco.pt\/pt-pt\/wp-json\/wp\/v2\/product\/197531\/revisions"}],"predecessor-version":[{"id":200927,"href":"https:\/\/staging.aldeco.pt\/pt-pt\/wp-json\/wp\/v2\/product\/197531\/revisions\/200927"}],"wp:featuredmedia":[{"embeddable":true,"href":"https:\/\/staging.aldeco.pt\/pt-pt\/wp-json\/wp\/v2\/media\/195497"}],"wp:attachment":[{"href":"https:\/\/staging.aldeco.pt\/pt-pt\/wp-json\/wp\/v2\/media?parent=197531"}],"wp:term":[{"taxonomy":"product_brand","embeddable":true,"href":"https:\/\/staging.aldeco.pt\/pt-pt\/wp-json\/wp\/v2\/product_brand?post=197531"},{"taxonomy":"product_cat","embeddable":true,"href":"https:\/\/staging.aldeco.pt\/pt-pt\/wp-json\/wp\/v2\/product_cat?post=197531"},{"taxonomy":"product_tag","embeddable":true,"href":"https:\/\/staging.aldeco.pt\/pt-pt\/wp-json\/wp\/v2\/product_tag?post=197531"}],"curies":[{"name":"wp","href":"https:\/\/api.w.org\/{rel}","templated":true}]}}