{"id":197524,"date":"2024-07-23T23:12:53","date_gmt":"2024-07-23T23:12:53","guid":{"rendered":"https:\/\/aldeco.pt\/staging\/product\/almofada-mily-fr-greige-ball-30\/"},"modified":"2024-10-10T10:38:12","modified_gmt":"2024-10-10T10:38:12","slug":"almofada-mily-fr-greige-ball-30","status":"publish","type":"product","link":"https:\/\/staging.aldeco.pt\/pt-pt\/product\/almofada-mily-fr-greige-ball-30\/","title":{"rendered":"ALMOFADA MILY FR GREIGE BALL 30"},"content":{"rendered":"<p>Adicione um elemento divertido e igualmente luxuoso ao seu sof\u00e1 ou cama com a almofada decorativa em forma de bola Apresentamos MILY FR, um tecido chenille com encanastrado e alto relevo. Este tecido muito macio e elegante cumpre a norma REACH relativamente \u00e0 sustentabilidade e rastreabilidade de subst\u00e2ncias qu\u00edmicas e \u00e9 OEKO-TEX 100, n\u00e3o cont\u00e9m subst\u00e2ncias nocivas ao ambiente. Esta almofada muito trendy com fecho oculto est\u00e1 dispon\u00edvel em diversas combina\u00e7\u00f5es de cores, com ou sem enchimento.<\/p>\n","protected":false},"excerpt":{"rendered":"<p>Adicione um elemento divertido e igualmente luxuoso ao seu sof\u00e1 ou cama com a almofada decorativa em forma de bola Apresentamos MILY FR, um tecido chenille com encanastrado e alto relevo. Este tecido muito macio e elegante cumpre a norma REACH relativamente \u00e0 sustentabilidade e rastreabilidade de subst\u00e2ncias qu\u00edmicas e \u00e9 OEKO-TEX 100, n\u00e3o cont\u00e9m subst\u00e2ncias nocivas ao ambiente. Esta almofada muito trendy com fecho oculto est\u00e1 dispon\u00edvel em diversas combina\u00e7\u00f5es de cores, com ou sem enchimento.<\/p>\n<h2>Almofada MILY FR, um tecido chenille com encanastrado e alto relevo. Este tecido muito macio e elegante cumpre a norma REACH relativamente \u00e0 sustentabilidade e rastreabilidade de subst\u00e2ncias qu\u00edmicas e \u00e9 OEKO-TEX 100, n\u00e3o cont\u00e9m subst\u00e2ncias nocivas ao ambiente.Cushion MILY FR, a chenille fabric with embossed and high-relief look. This very soft and elegant fabric complies with the REACH standard regarding sustainability and traceability of chemical substances and is OEKO-TEX 100, it does not contain substances harmful to the environment. Esta almofada muito trendy com fecho oculto est\u00e1 dispon\u00edvel em diversas combina\u00e7\u00f5es de cores, com ou sem enchimento.<\/h2>\n<p><img fetchpriority=\"high\" decoding=\"async\" class=\"alignnone wp-image-195615 size-medium\" src=\"https:\/\/aldeco.pt\/staging\/wp-content\/uploads\/2024\/07\/CUSHION-MILY-FR-GREIGE-BALL-30-300x241.jpg\" alt=\"Almofada Mily FR Greige - Aldeco\" width=\"300\" height=\"241\" \/><\/p>\n<p><a href=\"https:\/\/aldeco.pt\/staging\/product\/cushion-mily-fr-greige-ball-30\/?attribute_pa_colour=greige&amp;attribute_pa_aldeco-color=03-greige\">https:\/\/aldeco.pt\/staging\/product\/cushion-mily-fr-greige-ball-30\/?attribute_pa_colour=greigeattribute_pa_aldeco-color=03-greige<\/a><a href=\"https:\/\/www.instagram.com\/aldeco_interiorfabrics\/\">https:\/\/www.instagram.com\/aldeco_interiorfabrics\/<\/a><\/p>\n","protected":false},"featured_media":195616,"template":"","meta":[],"product_brand":[],"product_cat":[6153],"product_tag":[],"class_list":{"0":"post-197524","1":"product","2":"type-product","3":"status-publish","4":"has-post-thumbnail","6":"product_cat-aldeco-smarter-pt-pt","7":"pa_composition-ext-100-pl-pt-pt","8":"pa_line-almofadas","9":"pa_range-liso","12":"first","13":"instock","14":"purchasable","15":"product-type-variable"},"acf":[],"_links":{"self":[{"href":"https:\/\/staging.aldeco.pt\/pt-pt\/wp-json\/wp\/v2\/product\/197524","targetHints":{"allow":["GET"]}}],"collection":[{"href":"https:\/\/staging.aldeco.pt\/pt-pt\/wp-json\/wp\/v2\/product"}],"about":[{"href":"https:\/\/staging.aldeco.pt\/pt-pt\/wp-json\/wp\/v2\/types\/product"}],"version-history":[{"count":2,"href":"https:\/\/staging.aldeco.pt\/pt-pt\/wp-json\/wp\/v2\/product\/197524\/revisions"}],"predecessor-version":[{"id":204936,"href":"https:\/\/staging.aldeco.pt\/pt-pt\/wp-json\/wp\/v2\/product\/197524\/revisions\/204936"}],"wp:featuredmedia":[{"embeddable":true,"href":"https:\/\/staging.aldeco.pt\/pt-pt\/wp-json\/wp\/v2\/media\/195616"}],"wp:attachment":[{"href":"https:\/\/staging.aldeco.pt\/pt-pt\/wp-json\/wp\/v2\/media?parent=197524"}],"wp:term":[{"taxonomy":"product_brand","embeddable":true,"href":"https:\/\/staging.aldeco.pt\/pt-pt\/wp-json\/wp\/v2\/product_brand?post=197524"},{"taxonomy":"product_cat","embeddable":true,"href":"https:\/\/staging.aldeco.pt\/pt-pt\/wp-json\/wp\/v2\/product_cat?post=197524"},{"taxonomy":"product_tag","embeddable":true,"href":"https:\/\/staging.aldeco.pt\/pt-pt\/wp-json\/wp\/v2\/product_tag?post=197524"}],"curies":[{"name":"wp","href":"https:\/\/api.w.org\/{rel}","templated":true}]}}