{"id":197522,"date":"2024-07-23T23:12:48","date_gmt":"2024-07-23T23:12:48","guid":{"rendered":"https:\/\/aldeco.pt\/staging\/product\/almofada-meridienne-fr-taupe-40x40\/"},"modified":"2024-09-27T16:19:45","modified_gmt":"2024-09-27T16:19:45","slug":"almofada-meridienne-fr-taupe-40x40","status":"publish","type":"product","link":"https:\/\/staging.aldeco.pt\/pt-pt\/product\/almofada-meridienne-fr-taupe-40x40\/","title":{"rendered":"ALMOFADA M\u00c9RIDIENNE FR TAUPE 40&#215;40"},"content":{"rendered":"<p>Almofada quadrada decorativa com tecido M\u00e9ridienne, \u00e9 um tecido muito elegante, mas muito natural tingida de chenille. Este tecido possui uma estrutura alinhada muito suave com um look c\u00f4tel\u00e9 intemporal. Esta almofada tem fecho oculto e est\u00e1 dispon\u00edvel em diversas combina\u00e7\u00f5es de cores, com ou sem enchimento.<\/p>\n","protected":false},"excerpt":{"rendered":"<p>Almofada quadrada decorativa com tecido M\u00e9ridienne, \u00e9 um tecido muito elegante, mas muito natural tingida de chenille. Este tecido possui uma estrutura alinhada muito suave com um look c\u00f4tel\u00e9 intemporal. Esta almofada tem fecho oculto e est\u00e1 dispon\u00edvel em diversas combina\u00e7\u00f5es de cores, com ou sem enchimento.<\/p>\n<h2>Almofada M\u00e9ridienne, \u00e9 um tecido muito elegante, mas muito natural tingida de chenille. Este tecido possui uma estrutura alinhada muito suave com um look c\u00f4tel\u00e9 intemporal. Esta almofada tem fecho oculto e est\u00e1 dispon\u00edvel em diversas combina\u00e7\u00f5es de cores, com ou sem enchimento.<\/h2>\n<p><img fetchpriority=\"high\" decoding=\"async\" class=\"alignnone wp-image-195480 size-medium\" src=\"https:\/\/aldeco.pt\/staging\/wp-content\/uploads\/2024\/07\/CUSHION-MERIDIENNE-FR-TAUPE-40x40-1-300x241.jpg\" alt=\"Almofada M\u00e9ridienne FR Taupe - Aldeco\" width=\"300\" height=\"241\" \/><\/p>\n<p><a href=\"https:\/\/aldeco.pt\/staging\/product\/cushion-meridienne-fr-taupe-40x40\/?attribute_pa_aldeco-color=07-taupe\">https:\/\/aldeco.pt\/staging\/product\/cushion-meridienne-fr-taupe-40&#215;40\/?attribute_pa_aldeco-color=07-taupe<\/a><a href=\"https:\/\/www.instagram.com\/aldeco_interiorfabrics\/\">https:\/\/www.instagram.com\/aldeco_interiorfabrics\/<\/a><\/p>\n","protected":false},"featured_media":195481,"template":"","meta":[],"product_brand":[],"product_cat":[6145],"product_tag":[],"class_list":{"0":"post-197522","1":"product","2":"type-product","3":"status-publish","4":"has-post-thumbnail","6":"product_cat-aldeco-2-pt-pt-2","7":"pa_composition-ext-52-vi-42-co-6-li-pt-pt","8":"pa_line-almofadas","9":"pa_range-chenile","10":"pa_range-jacquard-pt-pt","13":"first","14":"instock","15":"purchasable","16":"product-type-variable"},"acf":[],"_links":{"self":[{"href":"https:\/\/staging.aldeco.pt\/pt-pt\/wp-json\/wp\/v2\/product\/197522","targetHints":{"allow":["GET"]}}],"collection":[{"href":"https:\/\/staging.aldeco.pt\/pt-pt\/wp-json\/wp\/v2\/product"}],"about":[{"href":"https:\/\/staging.aldeco.pt\/pt-pt\/wp-json\/wp\/v2\/types\/product"}],"version-history":[{"count":2,"href":"https:\/\/staging.aldeco.pt\/pt-pt\/wp-json\/wp\/v2\/product\/197522\/revisions"}],"predecessor-version":[{"id":200884,"href":"https:\/\/staging.aldeco.pt\/pt-pt\/wp-json\/wp\/v2\/product\/197522\/revisions\/200884"}],"wp:featuredmedia":[{"embeddable":true,"href":"https:\/\/staging.aldeco.pt\/pt-pt\/wp-json\/wp\/v2\/media\/195481"}],"wp:attachment":[{"href":"https:\/\/staging.aldeco.pt\/pt-pt\/wp-json\/wp\/v2\/media?parent=197522"}],"wp:term":[{"taxonomy":"product_brand","embeddable":true,"href":"https:\/\/staging.aldeco.pt\/pt-pt\/wp-json\/wp\/v2\/product_brand?post=197522"},{"taxonomy":"product_cat","embeddable":true,"href":"https:\/\/staging.aldeco.pt\/pt-pt\/wp-json\/wp\/v2\/product_cat?post=197522"},{"taxonomy":"product_tag","embeddable":true,"href":"https:\/\/staging.aldeco.pt\/pt-pt\/wp-json\/wp\/v2\/product_tag?post=197522"}],"curies":[{"name":"wp","href":"https:\/\/api.w.org\/{rel}","templated":true}]}}