{"id":197496,"date":"2024-07-23T23:09:14","date_gmt":"2024-07-23T23:09:14","guid":{"rendered":"https:\/\/aldeco.pt\/staging\/product\/almofada-lesprit-africain-lin-marin-40x40\/"},"modified":"2024-10-10T09:14:18","modified_gmt":"2024-10-10T09:14:18","slug":"almofada-lesprit-africain-lin-marin-40x40","status":"publish","type":"product","link":"https:\/\/staging.aldeco.pt\/pt-pt\/product\/almofada-lesprit-africain-lin-marin-40x40\/","title":{"rendered":"ALMOFADA L&#8217;ESPRIT AFRICAIN LIN MARIN 40&#215;40"},"content":{"rendered":"<p>Almofada quadrada decorativa com riscas \u00e9tnicas. L&#8217;ESPRIT AFRICAIN \u00e9 um tecido jacquard de aspecto muito natural. Trata-se de uma reinterpreta\u00e7\u00e3o de uma risca muito din\u00e2mica inspirada na vista do horizonte das grandes pir\u00e2mides do Egipto resultado das grandes viagens pelo deserto da musa inspiradora desta colec\u00e7\u00e3o. A combina\u00e7\u00e3o de tons naturais resulta numa risca moderna e irresist\u00edvel. Esta almofada tem fecho oculto e est\u00e1 dispon\u00edvel em diversas combina\u00e7\u00f5es de cores, com ou sem enchimento.<\/p>\n","protected":false},"excerpt":{"rendered":"<p>Almofada quadrada decorativa com riscas \u00e9tnicas. L&#8217;ESPRIT AFRICAIN \u00e9 um tecido jacquard de aspecto muito natural. Trata-se de uma reinterpreta\u00e7\u00e3o de uma risca muito din\u00e2mica inspirada na vista do horizonte das grandes pir\u00e2mides do Egipto resultado das grandes viagens pelo deserto da musa inspiradora desta colec\u00e7\u00e3o. A combina\u00e7\u00e3o de tons naturais resulta numa risca moderna e irresist\u00edvel. Esta almofada tem fecho oculto e est\u00e1 dispon\u00edvel em diversas combina\u00e7\u00f5es de cores, com ou sem enchimento.<\/p>\n<h2>Almofada L&#8217;ESPRIT AFRICAIN \u00e9 um tecido jacquard de aspecto muito natural. Trata-se de uma reinterpreta\u00e7\u00e3o de uma risca muito din\u00e2mica inspirada na vista do horizonte das grandes pir\u00e2mides do Egipto resultado das grandes viagens pelo deserto da musa inspiradora desta colec\u00e7\u00e3o. A combina\u00e7\u00e3o de tons naturais resulta numa risca moderna e irresist\u00edvel. Esta almofada tem fecho oculto e est\u00e1 dispon\u00edvel em diversas combina\u00e7\u00f5es de cores, com ou sem enchimento.<\/h2>\n<p><img fetchpriority=\"high\" decoding=\"async\" class=\"alignnone wp-image-195436 size-medium\" src=\"https:\/\/aldeco.pt\/staging\/wp-content\/uploads\/2024\/07\/CUSHION-LESPRIT-AFRICAIN-LIN-MARIN-40x40-2-300x241.jpg\" alt=\"Almofada L'Esprit Africain Lin Marin - Aldeco\" width=\"300\" height=\"241\" \/><\/p>\n<p><a href=\"https:\/\/aldeco.pt\/staging\/product\/cushion-lesprit-africain-lin-marin-40x40\/?attribute_pa_aldeco-color=04-lin-marin\">https:\/\/aldeco.pt\/staging\/product\/cushion-lesprit-africain-lin-marin-40&#215;40\/?attribute_pa_aldeco-color=04-lin-marin<\/a><a href=\"https:\/\/www.instagram.com\/aldeco_interiorfabrics\/\">https:\/\/www.instagram.com\/aldeco_interiorfabrics\/<\/a><\/p>\n","protected":false},"featured_media":195437,"template":"","meta":[],"product_brand":[],"product_cat":[6145],"product_tag":[],"class_list":{"0":"post-197496","1":"product","2":"type-product","3":"status-publish","4":"has-post-thumbnail","6":"product_cat-aldeco-2-pt-pt-2","7":"pa_composition-ext-30-vi-29-co-27-pl-14-li-pt-pt","8":"pa_line-almofadas","9":"pa_range-jacquard-pt-pt","12":"first","13":"instock","14":"purchasable","15":"product-type-variable"},"acf":[],"_links":{"self":[{"href":"https:\/\/staging.aldeco.pt\/pt-pt\/wp-json\/wp\/v2\/product\/197496","targetHints":{"allow":["GET"]}}],"collection":[{"href":"https:\/\/staging.aldeco.pt\/pt-pt\/wp-json\/wp\/v2\/product"}],"about":[{"href":"https:\/\/staging.aldeco.pt\/pt-pt\/wp-json\/wp\/v2\/types\/product"}],"version-history":[{"count":2,"href":"https:\/\/staging.aldeco.pt\/pt-pt\/wp-json\/wp\/v2\/product\/197496\/revisions"}],"predecessor-version":[{"id":204857,"href":"https:\/\/staging.aldeco.pt\/pt-pt\/wp-json\/wp\/v2\/product\/197496\/revisions\/204857"}],"wp:featuredmedia":[{"embeddable":true,"href":"https:\/\/staging.aldeco.pt\/pt-pt\/wp-json\/wp\/v2\/media\/195437"}],"wp:attachment":[{"href":"https:\/\/staging.aldeco.pt\/pt-pt\/wp-json\/wp\/v2\/media?parent=197496"}],"wp:term":[{"taxonomy":"product_brand","embeddable":true,"href":"https:\/\/staging.aldeco.pt\/pt-pt\/wp-json\/wp\/v2\/product_brand?post=197496"},{"taxonomy":"product_cat","embeddable":true,"href":"https:\/\/staging.aldeco.pt\/pt-pt\/wp-json\/wp\/v2\/product_cat?post=197496"},{"taxonomy":"product_tag","embeddable":true,"href":"https:\/\/staging.aldeco.pt\/pt-pt\/wp-json\/wp\/v2\/product_tag?post=197496"}],"curies":[{"name":"wp","href":"https:\/\/api.w.org\/{rel}","templated":true}]}}