{"id":197486,"date":"2024-07-23T23:08:22","date_gmt":"2024-07-23T23:08:22","guid":{"rendered":"https:\/\/aldeco.pt\/staging\/product\/almofada-la-vie-golden-era-50x50-s\/"},"modified":"2024-08-06T11:12:39","modified_gmt":"2024-08-06T11:12:39","slug":"almofada-la-vie-golden-era-50x50-s","status":"publish","type":"product","link":"https:\/\/staging.aldeco.pt\/pt-pt\/product\/almofada-la-vie-golden-era-50x50-s\/","title":{"rendered":"ALMOFADA LA VIE GOLDEN ERA 50&#215;50 S"},"content":{"rendered":"<p>Abrace a excel\u00eancia com esta almofada decorativa quadrada com sirgaria de cord\u00e3o. LA VIE \u00e9 um bordado requintado com um design \u00e9tnico abstrato que ganha vida atrav\u00e9s de formas minimalistas multicoloridas Este tecido \u00e9 inspirado em experi\u00eancias vivenciadas em diferentes viagens e culturas com a combina\u00e7\u00e3o de motivos abstratos resultantes da desconstru\u00e7\u00e3o dos elementos mais queridos para Veva: a Borboleta e o Cisne. As texturas ricas da\u00ed resultantes combinadas com a geometria das formas resultam num desenho elegante simbolizando metamorfose e eleg\u00e2ncia; \u00e9 perfeito para espa\u00e7os interiores modernos e contempor\u00e2neos. Esta almofada tem fecho oculto e est\u00e1 dispon\u00edvel em diversas combina\u00e7\u00f5es de cores, com ou sem enchimento.<\/p>\n","protected":false},"excerpt":{"rendered":"<p>Abrace a excel\u00eancia com esta almofada decorativa quadrada com sirgaria de cord\u00e3o. LA VIE \u00e9 um bordado requintado com um design \u00e9tnico abstrato que ganha vida atrav\u00e9s de formas minimalistas multicoloridas Este tecido \u00e9 inspirado em experi\u00eancias vivenciadas em diferentes viagens e culturas com a combina\u00e7\u00e3o de motivos abstratos resultantes da desconstru\u00e7\u00e3o dos elementos mais queridos para Veva: a Borboleta e o Cisne. As texturas ricas da\u00ed resultantes combinadas com a geometria das formas resultam num desenho elegante simbolizando metamorfose e eleg\u00e2ncia; \u00e9 perfeito para espa\u00e7os interiores modernos e contempor\u00e2neos. Esta almofada tem fecho oculto e est\u00e1 dispon\u00edvel em diversas combina\u00e7\u00f5es de cores, com ou sem enchimento. <\/p>\n<h2>Almofada LA VIE \u00e9 um bordado requintado com um design \u00e9tnico abstrato que ganha vida atrav\u00e9s de formas minimalistas multicoloridas Este tecido \u00e9 inspirado em experi\u00eancias vivenciadas em diferentes viagens e culturas com a combina\u00e7\u00e3o de motivos abstratos resultantes da desconstru\u00e7\u00e3o dos elementos mais queridos para Veva: a Borboleta e o Cisne. As texturas ricas da\u00ed resultantes combinadas com a geometria das formas resultam num desenho elegante simbolizando metamorfose e eleg\u00e2ncia; \u00e9 perfeito para espa\u00e7os interiores modernos e contempor\u00e2neos. Esta almofada tem fecho oculto e est\u00e1 dispon\u00edvel em diversas combina\u00e7\u00f5es de cores, com ou sem enchimento.<\/h2>\n<p><img fetchpriority=\"high\" decoding=\"async\" class=\"alignnone wp-image-195583 size-medium\" src=\"https:\/\/aldeco.pt\/staging\/wp-content\/uploads\/2024\/07\/CUSHION-LA-VIE-GOLDEN-ERA-50x50-S-300x241.jpg\" alt=\"Almofada La Vie Golden Era - Aldeco\" width=\"300\" height=\"241\"><\/p>\n<p><a href=\"https:\/\/aldeco.pt\/staging\/product\/cushion-la-vie-golden-era-50x50-s\/?attribute_pa_aldeco-color=03-golden-era\">https:\/\/aldeco.pt\/staging\/product\/cushion-la-vie-golden-era-50&#215;50-s\/?attribute_pa_aldeco-color=03-golden-era<\/a><a href=\"https:\/\/www.instagram.com\/aldeco_interiorfabrics\/\">https:\/\/www.instagram.com\/aldeco_interiorfabrics\/<\/a><\/p>\n","protected":false},"featured_media":195584,"template":"","meta":[],"product_brand":[],"product_cat":[6145],"product_tag":[],"class_list":{"0":"post-197486","1":"product","2":"type-product","3":"status-publish","4":"has-post-thumbnail","6":"product_cat-aldeco-2-pt-pt-2","7":"pa_composition-ext-100-li-bordado-80-vi-20-pl","8":"pa_line-almofadas","9":"pa_range-bordado","12":"first","13":"instock","14":"purchasable","15":"product-type-variable"},"acf":[],"_links":{"self":[{"href":"https:\/\/staging.aldeco.pt\/pt-pt\/wp-json\/wp\/v2\/product\/197486","targetHints":{"allow":["GET"]}}],"collection":[{"href":"https:\/\/staging.aldeco.pt\/pt-pt\/wp-json\/wp\/v2\/product"}],"about":[{"href":"https:\/\/staging.aldeco.pt\/pt-pt\/wp-json\/wp\/v2\/types\/product"}],"version-history":[{"count":1,"href":"https:\/\/staging.aldeco.pt\/pt-pt\/wp-json\/wp\/v2\/product\/197486\/revisions"}],"predecessor-version":[{"id":197975,"href":"https:\/\/staging.aldeco.pt\/pt-pt\/wp-json\/wp\/v2\/product\/197486\/revisions\/197975"}],"wp:featuredmedia":[{"embeddable":true,"href":"https:\/\/staging.aldeco.pt\/pt-pt\/wp-json\/wp\/v2\/media\/195584"}],"wp:attachment":[{"href":"https:\/\/staging.aldeco.pt\/pt-pt\/wp-json\/wp\/v2\/media?parent=197486"}],"wp:term":[{"taxonomy":"product_brand","embeddable":true,"href":"https:\/\/staging.aldeco.pt\/pt-pt\/wp-json\/wp\/v2\/product_brand?post=197486"},{"taxonomy":"product_cat","embeddable":true,"href":"https:\/\/staging.aldeco.pt\/pt-pt\/wp-json\/wp\/v2\/product_cat?post=197486"},{"taxonomy":"product_tag","embeddable":true,"href":"https:\/\/staging.aldeco.pt\/pt-pt\/wp-json\/wp\/v2\/product_tag?post=197486"}],"curies":[{"name":"wp","href":"https:\/\/api.w.org\/{rel}","templated":true}]}}