{"id":197480,"date":"2024-07-23T23:08:13","date_gmt":"2024-07-23T23:08:13","guid":{"rendered":"https:\/\/aldeco.pt\/staging\/product\/almofada-kelly-fr-terracotta-ball-25\/"},"modified":"2024-10-10T09:16:18","modified_gmt":"2024-10-10T09:16:18","slug":"almofada-kelly-fr-terracotta-ball-25","status":"publish","type":"product","link":"https:\/\/staging.aldeco.pt\/pt-pt\/product\/almofada-kelly-fr-terracotta-ball-25\/","title":{"rendered":"ALMOFADA KELLY FR TERRACOTTA BALL 25"},"content":{"rendered":"<p>Adicione um elemento divertido e igualmente luxuoso ao seu sof\u00e1 ou cama com a almofada decorativa em forma de bola Apresenta-se KELLY FR, um tecido chenille de apar\u00eancia ligeiramente mesclada. Este tecido muito suave e elegante cumpre com a norma REACH relativamente \u00e0 sustentabilidade e \u00e0 rastreabilidade de subst\u00e2ncias qu\u00edmicas e \u00e9 OEKO-TEX 100, n\u00e3o possui subst\u00e2ncias nocivas ao meio ambiente. Esta almofada muito trendy com fecho oculto est\u00e1 dispon\u00edvel em diversas combina\u00e7\u00f5es de cores, com ou sem enchimento.<\/p>\n","protected":false},"excerpt":{"rendered":"<p>Adicione um elemento divertido e igualmente luxuoso ao seu sof\u00e1 ou cama com a almofada decorativa em forma de bola Apresenta-se KELLY FR, um tecido chenille de apar\u00eancia ligeiramente mesclada. Este tecido muito suave e elegante cumpre com a norma REACH relativamente \u00e0 sustentabilidade e \u00e0 rastreabilidade de subst\u00e2ncias qu\u00edmicas e \u00e9 OEKO-TEX 100, n\u00e3o possui subst\u00e2ncias nocivas ao meio ambiente. Esta almofada muito trendy com fecho oculto est\u00e1 dispon\u00edvel em diversas combina\u00e7\u00f5es de cores, com ou sem enchimento.<\/p>\n<h2>Almofada KELLY FR, um tecido chenille de apar\u00eancia ligeiramente mesclada. Este tecido muito suave e elegante cumpre com a norma REACH relativamente \u00e0 sustentabilidade e \u00e0 rastreabilidade de subst\u00e2ncias qu\u00edmicas e \u00e9 OEKO-TEX 100, n\u00e3o possui subst\u00e2ncias nocivas ao meio ambiente. Esta almofada muito trendy com fecho oculto est\u00e1 dispon\u00edvel em diversas combina\u00e7\u00f5es de cores, com ou sem enchimento.<\/h2>\n<p><img fetchpriority=\"high\" decoding=\"async\" class=\"alignnone wp-image-195560 size-medium\" src=\"https:\/\/aldeco.pt\/staging\/wp-content\/uploads\/2024\/07\/CUSHION-KELLY-FR-TERRACOTTA-BALL-25-300x241.jpg\" alt=\"Almofada Kelly FR Terracotta Dust - Aldeco\" width=\"300\" height=\"241\" \/><\/p>\n<p><a href=\"https:\/\/aldeco.pt\/staging\/product\/cushion-kelly-fr-terracotta-ball-25\/?attribute_pa_aldeco-color=16-terracotta\">https:\/\/aldeco.pt\/staging\/product\/cushion-kelly-fr-terracotta-ball-25\/?attribute_pa_aldeco-color=16-terracotta<\/a><a href=\"https:\/\/www.instagram.com\/aldeco_interiorfabrics\/\">https:\/\/www.instagram.com\/aldeco_interiorfabrics\/<\/a><\/p>\n","protected":false},"featured_media":195561,"template":"","meta":[],"product_brand":[],"product_cat":[6145],"product_tag":[],"class_list":{"0":"post-197480","1":"product","2":"type-product","3":"status-publish","4":"has-post-thumbnail","6":"product_cat-aldeco-2-pt-pt-2","7":"pa_composition-ext-100-pl-pt-pt","8":"pa_line-almofadas","9":"pa_range-chenile","10":"pa_range-liso","13":"first","14":"instock","15":"purchasable","16":"product-type-variable"},"acf":[],"_links":{"self":[{"href":"https:\/\/staging.aldeco.pt\/pt-pt\/wp-json\/wp\/v2\/product\/197480","targetHints":{"allow":["GET"]}}],"collection":[{"href":"https:\/\/staging.aldeco.pt\/pt-pt\/wp-json\/wp\/v2\/product"}],"about":[{"href":"https:\/\/staging.aldeco.pt\/pt-pt\/wp-json\/wp\/v2\/types\/product"}],"version-history":[{"count":2,"href":"https:\/\/staging.aldeco.pt\/pt-pt\/wp-json\/wp\/v2\/product\/197480\/revisions"}],"predecessor-version":[{"id":204859,"href":"https:\/\/staging.aldeco.pt\/pt-pt\/wp-json\/wp\/v2\/product\/197480\/revisions\/204859"}],"wp:featuredmedia":[{"embeddable":true,"href":"https:\/\/staging.aldeco.pt\/pt-pt\/wp-json\/wp\/v2\/media\/195561"}],"wp:attachment":[{"href":"https:\/\/staging.aldeco.pt\/pt-pt\/wp-json\/wp\/v2\/media?parent=197480"}],"wp:term":[{"taxonomy":"product_brand","embeddable":true,"href":"https:\/\/staging.aldeco.pt\/pt-pt\/wp-json\/wp\/v2\/product_brand?post=197480"},{"taxonomy":"product_cat","embeddable":true,"href":"https:\/\/staging.aldeco.pt\/pt-pt\/wp-json\/wp\/v2\/product_cat?post=197480"},{"taxonomy":"product_tag","embeddable":true,"href":"https:\/\/staging.aldeco.pt\/pt-pt\/wp-json\/wp\/v2\/product_tag?post=197480"}],"curies":[{"name":"wp","href":"https:\/\/api.w.org\/{rel}","templated":true}]}}