{"id":197476,"date":"2024-07-23T23:07:04","date_gmt":"2024-07-23T23:07:04","guid":{"rendered":"https:\/\/aldeco.pt\/staging\/product\/almofada-indigene-natural-hues-50x50\/"},"modified":"2024-08-06T11:12:50","modified_gmt":"2024-08-06T11:12:50","slug":"almofada-indigene-natural-hues-50x50","status":"publish","type":"product","link":"https:\/\/staging.aldeco.pt\/pt-pt\/product\/almofada-indigene-natural-hues-50x50\/","title":{"rendered":"ALMOFADA INDIG\u00c8NE NATURAL HUES 50&#215;50"},"content":{"rendered":"<p>Almofada decorativa quadrada \u00e9tnica, Indig\u00e9ne \u00e9 um tecido jacquard incr\u00edvel inspirado nas comunidades ind\u00edgenas africanas e no recurso aos padr\u00f5es geom\u00e9tricos simb\u00f3licos em tons terra e quentes. Viaje pelas savanas africanas com este tecido de look natural simplesmente irresist\u00edvel. Esta almofada tem fecho oculto e est\u00e1 dispon\u00edvel em diversas combina\u00e7\u00f5es de cores, com ou sem enchimento.<\/p>\n","protected":false},"excerpt":{"rendered":"<p>Almofada decorativa quadrada \u00e9tnica, Indig\u00e9ne \u00e9 um tecido jacquard incr\u00edvel inspirado nas comunidades ind\u00edgenas africanas e no recurso aos padr\u00f5es geom\u00e9tricos simb\u00f3licos em tons terra e quentes. Viaje pelas savanas africanas com este tecido de look natural simplesmente irresist\u00edvel. Esta almofada tem fecho oculto e est\u00e1 dispon\u00edvel em diversas combina\u00e7\u00f5es de cores, com ou sem enchimento. <\/p>\n<h2>Cushion Indig\u00e9ne \u00e9 um tecido jacquard incr\u00edvel inspirado nas comunidades ind\u00edgenas africanas e no recurso aos padr\u00f5es geom\u00e9tricos simb\u00f3licos em tons terra e quentes. Viaje pelas savanas africanas com este tecido de look natural simplesmente irresist\u00edvel. Esta almofada tem fecho oculto e est\u00e1 dispon\u00edvel em diversas combina\u00e7\u00f5es de cores, com ou sem enchimento.<\/h2>\n<p><img fetchpriority=\"high\" decoding=\"async\" class=\"alignnone wp-image-195414 size-medium\" src=\"https:\/\/aldeco.pt\/staging\/wp-content\/uploads\/2024\/07\/CUSHION-INDIGENE-NATURAL-HUES-50x50-13-300x241.jpg\" alt=\"Almofada Indig\u00e8ne Natural Hues - Aldeco\" width=\"300\" height=\"241\"><\/p>\n<p><a href=\"https:\/\/aldeco.pt\/staging\/product\/cushion-indigene-natural-hues-50x50\/?attribute_pa_aldeco-color=01-natural-hues\">https:\/\/aldeco.pt\/staging\/product\/cushion-indigene-natural-hues-50&#215;50\/?attribute_pa_aldeco-color=01-natural-hues<\/a><a href=\"https:\/\/www.instagram.com\/aldeco_interiorfabrics\/\">https:\/\/www.instagram.com\/aldeco_interiorfabrics\/<\/a><\/p>\n","protected":false},"featured_media":195415,"template":"","meta":[],"product_brand":[],"product_cat":[6145],"product_tag":[],"class_list":{"0":"post-197476","1":"product","2":"type-product","3":"status-publish","4":"has-post-thumbnail","6":"product_cat-aldeco-2-pt-pt-2","7":"pa_composition-ext-48-co-20-pl-15-li-12-vi-2-pc-2-wo-1-pa-pt-pt","8":"pa_line-almofadas","11":"first","12":"instock","13":"purchasable","14":"product-type-variable"},"acf":[],"_links":{"self":[{"href":"https:\/\/staging.aldeco.pt\/pt-pt\/wp-json\/wp\/v2\/product\/197476","targetHints":{"allow":["GET"]}}],"collection":[{"href":"https:\/\/staging.aldeco.pt\/pt-pt\/wp-json\/wp\/v2\/product"}],"about":[{"href":"https:\/\/staging.aldeco.pt\/pt-pt\/wp-json\/wp\/v2\/types\/product"}],"version-history":[{"count":1,"href":"https:\/\/staging.aldeco.pt\/pt-pt\/wp-json\/wp\/v2\/product\/197476\/revisions"}],"predecessor-version":[{"id":197983,"href":"https:\/\/staging.aldeco.pt\/pt-pt\/wp-json\/wp\/v2\/product\/197476\/revisions\/197983"}],"wp:featuredmedia":[{"embeddable":true,"href":"https:\/\/staging.aldeco.pt\/pt-pt\/wp-json\/wp\/v2\/media\/195415"}],"wp:attachment":[{"href":"https:\/\/staging.aldeco.pt\/pt-pt\/wp-json\/wp\/v2\/media?parent=197476"}],"wp:term":[{"taxonomy":"product_brand","embeddable":true,"href":"https:\/\/staging.aldeco.pt\/pt-pt\/wp-json\/wp\/v2\/product_brand?post=197476"},{"taxonomy":"product_cat","embeddable":true,"href":"https:\/\/staging.aldeco.pt\/pt-pt\/wp-json\/wp\/v2\/product_cat?post=197476"},{"taxonomy":"product_tag","embeddable":true,"href":"https:\/\/staging.aldeco.pt\/pt-pt\/wp-json\/wp\/v2\/product_tag?post=197476"}],"curies":[{"name":"wp","href":"https:\/\/api.w.org\/{rel}","templated":true}]}}