{"id":197470,"date":"2024-07-23T23:05:55","date_gmt":"2024-07-23T23:05:55","guid":{"rendered":"https:\/\/aldeco.pt\/staging\/?post_type=product&#038;p=197470"},"modified":"2024-10-02T10:37:37","modified_gmt":"2024-10-02T10:37:37","slug":"almofada-haut-desert-voyageur-chocolate-50x50-p","status":"publish","type":"product","link":"https:\/\/staging.aldeco.pt\/pt-pt\/product\/almofada-haut-desert-voyageur-chocolate-50x50-p\/","title":{"rendered":"ALMOFADA HAUT D\u00c9SERT VOYAGEUR CHOCOLATE 50&#215;50 P"},"content":{"rendered":"<p>Elegante almofada decorativa quadrada com verso no tecido Voyageur. Haut Des\u00e9rt \u00e9 um tecido jacquard acetinado que representa um ritmo din\u00e2mico e harmonioso quase como uma pauta musical. Os seus elementos gr\u00e1ficos geom\u00e9tricos inspirados na repeti\u00e7\u00e3o do tri\u00e2ngulo representam a liga\u00e7\u00e3o \u00e0 terra num momento de cria\u00e7\u00e3o ancestral cont\u00ednua. O motivo piramidal est\u00e1 muito presente neste tecido, evocando as viagens pelo Egipto, contrastando com a eleg\u00e2ncia do cetim como material nobre. Esta almofada tem vivo e fecho oculto e est\u00e1 dispon\u00edvel em diversas combina\u00e7\u00f5es de cores, com ou sem enchimento.<\/p>\n","protected":false},"excerpt":{"rendered":"<p>Elegante almofada decorativa quadrada com verso no tecido Voyageur. Haut Des\u00e9rt \u00e9 um tecido jacquard acetinado que representa um ritmo din\u00e2mico e harmonioso quase como uma pauta musical. Os seus elementos gr\u00e1ficos geom\u00e9tricos inspirados na repeti\u00e7\u00e3o do tri\u00e2ngulo representam a liga\u00e7\u00e3o \u00e0 terra num momento de cria\u00e7\u00e3o ancestral cont\u00ednua. O motivo piramidal est\u00e1 muito presente neste tecido, evocando as viagens pelo Egipto, contrastando com a eleg\u00e2ncia do cetim como material nobre. Esta almofada tem vivo e fecho oculto e est\u00e1 dispon\u00edvel em diversas combina\u00e7\u00f5es de cores, com ou sem enchimento.<\/p>\n<h2>Almofada Haut D\u00e9sert, elegante almofada decorativa quadrada com verso no tecido Voyageur.<\/h2>\n<p><img fetchpriority=\"high\" decoding=\"async\" class=\"alignnone wp-image-199828 size-medium\" src=\"https:\/\/aldeco.pt\/staging\/wp-content\/uploads\/2024\/07\/CUSHION-HAUT-DESERT-VOYAGEUR-CHOCOLATE-50x50-P_Front-1-300x241.jpg\" alt=\"Almofada Haut D\u00e9sert Voyageur Chocolate - Aldeco\" width=\"300\" height=\"241\" \/><\/p>\n<p><a href=\"https:\/\/aldeco.pt\/staging\/product\/cushion-haut-desert-voyageur-chocolate-50x50-p\/?attribute_pa_aldeco-color=04-chocolate-mix\">https:\/\/aldeco.pt\/staging\/product\/cushion-haut-desert-voyageur-chocolate-50&#215;50-p\/?attribute_pa_aldeco-color=04-chocolate-mix<\/a><a href=\"https:\/\/www.instagram.com\/aldeco_interiorfabrics\/\">https:\/\/www.instagram.com\/aldeco_interiorfabrics\/<\/a><\/p>\n<p>&nbsp;<\/p>\n","protected":false},"featured_media":199829,"template":"","meta":[],"product_brand":[],"product_cat":[6145],"product_tag":[],"class_list":{"0":"post-197470","1":"product","2":"type-product","3":"status-publish","4":"has-post-thumbnail","6":"product_cat-aldeco-2-pt-pt-2","7":"pa_composition-ext-62-pl-19-co-13-vi-6-li-pt-pt","8":"pa_line-almofadas","9":"pa_range-jacquard-pt-pt","12":"first","13":"instock","14":"purchasable","15":"product-type-variable"},"acf":[],"_links":{"self":[{"href":"https:\/\/staging.aldeco.pt\/pt-pt\/wp-json\/wp\/v2\/product\/197470","targetHints":{"allow":["GET"]}}],"collection":[{"href":"https:\/\/staging.aldeco.pt\/pt-pt\/wp-json\/wp\/v2\/product"}],"about":[{"href":"https:\/\/staging.aldeco.pt\/pt-pt\/wp-json\/wp\/v2\/types\/product"}],"version-history":[{"count":3,"href":"https:\/\/staging.aldeco.pt\/pt-pt\/wp-json\/wp\/v2\/product\/197470\/revisions"}],"predecessor-version":[{"id":201804,"href":"https:\/\/staging.aldeco.pt\/pt-pt\/wp-json\/wp\/v2\/product\/197470\/revisions\/201804"}],"wp:featuredmedia":[{"embeddable":true,"href":"https:\/\/staging.aldeco.pt\/pt-pt\/wp-json\/wp\/v2\/media\/199829"}],"wp:attachment":[{"href":"https:\/\/staging.aldeco.pt\/pt-pt\/wp-json\/wp\/v2\/media?parent=197470"}],"wp:term":[{"taxonomy":"product_brand","embeddable":true,"href":"https:\/\/staging.aldeco.pt\/pt-pt\/wp-json\/wp\/v2\/product_brand?post=197470"},{"taxonomy":"product_cat","embeddable":true,"href":"https:\/\/staging.aldeco.pt\/pt-pt\/wp-json\/wp\/v2\/product_cat?post=197470"},{"taxonomy":"product_tag","embeddable":true,"href":"https:\/\/staging.aldeco.pt\/pt-pt\/wp-json\/wp\/v2\/product_tag?post=197470"}],"curies":[{"name":"wp","href":"https:\/\/api.w.org\/{rel}","templated":true}]}}