{"id":197462,"date":"2024-07-23T23:05:33","date_gmt":"2024-07-23T23:05:33","guid":{"rendered":"https:\/\/aldeco.pt\/staging\/product\/almofada-haut-desert-greige-50x50-ox\/"},"modified":"2024-08-06T11:12:59","modified_gmt":"2024-08-06T11:12:59","slug":"almofada-haut-desert-greige-50x50-ox","status":"publish","type":"product","link":"https:\/\/staging.aldeco.pt\/pt-pt\/product\/almofada-haut-desert-greige-50x50-ox\/","title":{"rendered":"ALMOFADA HAUT D\u00c9SERT GREIGE 50&#215;50 OX"},"content":{"rendered":"<p>Elegante almofada decorativa quadrada com 1 cm de Oxford a toda a volta. Haut Des\u00e9rt \u00e9 um tecido jacquard acetinado que representa um ritmo din\u00e2mico e harmonioso quase como uma pauta musical. Os seus elementos gr\u00e1ficos geom\u00e9tricos inspirados na repeti\u00e7\u00e3o do tri\u00e2ngulo representam a liga\u00e7\u00e3o \u00e0 terra num momento de cria\u00e7\u00e3o ancestral cont\u00ednua. O motivo piramidal est\u00e1 muito presente neste tecido, evocando as viagens pelo Egipto, contrastando com a eleg\u00e2ncia do cetim como material nobre. Esta almofada tem fecho oculto e est\u00e1 dispon\u00edvel em diversas combina\u00e7\u00f5es de cores, com ou sem enchimento.<\/p>\n","protected":false},"excerpt":{"rendered":"<p>Elegante almofada decorativa quadrada com 1 cm de Oxford a toda a volta. Haut Des\u00e9rt \u00e9 um tecido jacquard acetinado que representa um ritmo din\u00e2mico e harmonioso quase como uma pauta musical. Os seus elementos gr\u00e1ficos geom\u00e9tricos inspirados na repeti\u00e7\u00e3o do tri\u00e2ngulo representam a liga\u00e7\u00e3o \u00e0 terra num momento de cria\u00e7\u00e3o ancestral cont\u00ednua. O motivo piramidal est\u00e1 muito presente neste tecido, evocando as viagens pelo Egipto, contrastando com a eleg\u00e2ncia do cetim como material nobre. Esta almofada tem fecho oculto e est\u00e1 dispon\u00edvel em diversas combina\u00e7\u00f5es de cores, com ou sem enchimento. <\/p>\n<h2>Almofada Haut Des\u00e9rt \u00e9 um tecido jacquard acetinado que representa um ritmo din\u00e2mico e harmonioso quase como uma pauta musical. Os seus elementos gr\u00e1ficos geom\u00e9tricos inspirados na repeti\u00e7\u00e3o do tri\u00e2ngulo representam a liga\u00e7\u00e3o \u00e0 terra num momento de cria\u00e7\u00e3o ancestral cont\u00ednua. O motivo piramidal est\u00e1 muito presente neste tecido, evocando as viagens pelo Egipto, contrastando com a eleg\u00e2ncia do cetim como material nobre. Esta almofada tem fecho oculto e est\u00e1 dispon\u00edvel em diversas combina\u00e7\u00f5es de cores, com ou sem enchimento.<\/h2>\n<p>&nbsp;<\/p>\n<p>&nbsp;<\/p>\n<p><img fetchpriority=\"high\" decoding=\"async\" class=\"alignnone wp-image-195400 size-medium\" src=\"https:\/\/aldeco.pt\/staging\/wp-content\/uploads\/2024\/07\/CUSHION-HAUT-DESERT-GREIGE-50x50-OX-5-300x241.jpg\" alt=\"Almofada Haut D\u00e9sert Greige - Aldeco\" width=\"300\" height=\"241\"><\/p>\n<p><a href=\"https:\/\/aldeco.pt\/staging\/product\/cushion-haut-desert-greige-50x50-ox\/?attribute_pa_aldeco-color=02-greige\">https:\/\/aldeco.pt\/staging\/product\/cushion-haut-desert-greige-50&#215;50-ox\/?attribute_pa_aldeco-color=02-greige<\/a><a href=\"https:\/\/www.instagram.com\/aldeco_interiorfabrics\/\">https:\/\/www.instagram.com\/aldeco_interiorfabrics\/<\/a><\/p>\n","protected":false},"featured_media":195401,"template":"","meta":[],"product_brand":[],"product_cat":[6145],"product_tag":[],"class_list":{"0":"post-197462","1":"product","2":"type-product","3":"status-publish","4":"has-post-thumbnail","6":"product_cat-aldeco-2-pt-pt-2","7":"pa_composition-ext-62-pl-19-co-13-vi-6-li-pt-pt","8":"pa_line-almofadas","9":"pa_range-jacquard-pt-pt","12":"first","13":"instock","14":"purchasable","15":"product-type-variable"},"acf":[],"_links":{"self":[{"href":"https:\/\/staging.aldeco.pt\/pt-pt\/wp-json\/wp\/v2\/product\/197462","targetHints":{"allow":["GET"]}}],"collection":[{"href":"https:\/\/staging.aldeco.pt\/pt-pt\/wp-json\/wp\/v2\/product"}],"about":[{"href":"https:\/\/staging.aldeco.pt\/pt-pt\/wp-json\/wp\/v2\/types\/product"}],"version-history":[{"count":1,"href":"https:\/\/staging.aldeco.pt\/pt-pt\/wp-json\/wp\/v2\/product\/197462\/revisions"}],"predecessor-version":[{"id":198001,"href":"https:\/\/staging.aldeco.pt\/pt-pt\/wp-json\/wp\/v2\/product\/197462\/revisions\/198001"}],"wp:featuredmedia":[{"embeddable":true,"href":"https:\/\/staging.aldeco.pt\/pt-pt\/wp-json\/wp\/v2\/media\/195401"}],"wp:attachment":[{"href":"https:\/\/staging.aldeco.pt\/pt-pt\/wp-json\/wp\/v2\/media?parent=197462"}],"wp:term":[{"taxonomy":"product_brand","embeddable":true,"href":"https:\/\/staging.aldeco.pt\/pt-pt\/wp-json\/wp\/v2\/product_brand?post=197462"},{"taxonomy":"product_cat","embeddable":true,"href":"https:\/\/staging.aldeco.pt\/pt-pt\/wp-json\/wp\/v2\/product_cat?post=197462"},{"taxonomy":"product_tag","embeddable":true,"href":"https:\/\/staging.aldeco.pt\/pt-pt\/wp-json\/wp\/v2\/product_tag?post=197462"}],"curies":[{"name":"wp","href":"https:\/\/api.w.org\/{rel}","templated":true}]}}