{"id":197458,"date":"2024-07-23T23:05:06","date_gmt":"2024-07-23T23:05:06","guid":{"rendered":"https:\/\/aldeco.pt\/staging\/product\/almofada-grace-water-repellent-fr-terracotta-dust-ball-30\/"},"modified":"2024-08-07T09:59:53","modified_gmt":"2024-08-07T09:59:53","slug":"almofada-grace-water-repellent-fr-terracotta-dust-ball-30","status":"publish","type":"product","link":"https:\/\/staging.aldeco.pt\/pt-pt\/product\/almofada-grace-water-repellent-fr-terracotta-dust-ball-30\/","title":{"rendered":"ALMOFADA GRACE WATER REPELLENT FR TERRACOTTA DUST BALL 30"},"content":{"rendered":"<p>Adicione um elemento divertido e igualmente luxuoso ao seu sof\u00e1 ou cama com a almofada decorativa em forma de bola Apresentamos Grace Water Repellent FR, um tecido chenille com tratamento hidrorrepelente para maior desempenho e f\u00e1cil manuten\u00e7\u00e3o. Est\u00e1 em conformidade com a norma REACH relativa \u00e0 sustentabilidade e rastreabilidade de subst\u00e2ncias qu\u00edmicas Esta almofada muito trendy com fecho oculto est\u00e1 dispon\u00edvel em diversas combina\u00e7\u00f5es de cores, com ou sem enchimento.<\/p>\n","protected":false},"excerpt":{"rendered":"<p>Adicione um elemento divertido e igualmente luxuoso ao seu sof\u00e1 ou cama com a almofada decorativa em forma de bola Apresentamos Grace Water Repellent FR, um tecido chenille com tratamento hidrorrepelente para maior desempenho e f\u00e1cil manuten\u00e7\u00e3o. Est\u00e1 em conformidade com a norma REACH relativa \u00e0 sustentabilidade e rastreabilidade de subst\u00e2ncias qu\u00edmicas Esta almofada muito trendy com fecho oculto est\u00e1 dispon\u00edvel em diversas combina\u00e7\u00f5es de cores, com ou sem enchimento. <\/p>\n<h2>Almofada Grace Water Repellent FR, um tecido chenille com tratamento hidrorrepelente para maior desempenho e f\u00e1cil manuten\u00e7\u00e3o. Est\u00e1 em conformidade com a norma REACH relativa \u00e0 sustentabilidade e rastreabilidade de subst\u00e2ncias qu\u00edmicas Esta almofada muito trendy com fecho oculto est\u00e1 dispon\u00edvel em diversas combina\u00e7\u00f5es de cores, com ou sem enchimento.<\/h2>\n<p><img fetchpriority=\"high\" decoding=\"async\" class=\"alignnone wp-image-195549 size-medium\" src=\"https:\/\/aldeco.pt\/staging\/wp-content\/uploads\/2024\/07\/CUSHION-GRACE-WATER-REPELLENT-FR-TERRACOTTA-DUST-BALL-30-1-300x241.jpg\" alt=\"Almofada Grace Water Repellent FR Terracottta Dust - Aldeco\" width=\"300\" height=\"241\"><\/p>\n<p><a href=\"https:\/\/aldeco.pt\/staging\/product\/cushion-grace-water-repellent-fr-terracotta-dust-ball-30\/?attribute_pa_aldeco-color=14-terracotta-dust\">https:\/\/aldeco.pt\/staging\/product\/cushion-grace-water-repellent-fr-terracotta-dust-ball-30\/?attribute_pa_aldeco-color=14-terracotta-dust<\/a><a href=\"https:\/\/www.instagram.com\/aldeco_interiorfabrics\/\">https:\/\/www.instagram.com\/aldeco_interiorfabrics\/<\/a><\/p>\n","protected":false},"featured_media":195550,"template":"","meta":[],"product_brand":[],"product_cat":[6145],"product_tag":[],"class_list":{"0":"post-197458","1":"product","2":"type-product","3":"status-publish","4":"has-post-thumbnail","6":"product_cat-aldeco-2-pt-pt-2","7":"pa_composition-ext-100-pl-pt-pt","8":"pa_line-almofadas","9":"pa_range-chenile","10":"pa_range-liso","13":"first","14":"instock","15":"purchasable","16":"product-type-variable"},"acf":[],"_links":{"self":[{"href":"https:\/\/staging.aldeco.pt\/pt-pt\/wp-json\/wp\/v2\/product\/197458","targetHints":{"allow":["GET"]}}],"collection":[{"href":"https:\/\/staging.aldeco.pt\/pt-pt\/wp-json\/wp\/v2\/product"}],"about":[{"href":"https:\/\/staging.aldeco.pt\/pt-pt\/wp-json\/wp\/v2\/types\/product"}],"version-history":[{"count":1,"href":"https:\/\/staging.aldeco.pt\/pt-pt\/wp-json\/wp\/v2\/product\/197458\/revisions"}],"predecessor-version":[{"id":198007,"href":"https:\/\/staging.aldeco.pt\/pt-pt\/wp-json\/wp\/v2\/product\/197458\/revisions\/198007"}],"wp:featuredmedia":[{"embeddable":true,"href":"https:\/\/staging.aldeco.pt\/pt-pt\/wp-json\/wp\/v2\/media\/195550"}],"wp:attachment":[{"href":"https:\/\/staging.aldeco.pt\/pt-pt\/wp-json\/wp\/v2\/media?parent=197458"}],"wp:term":[{"taxonomy":"product_brand","embeddable":true,"href":"https:\/\/staging.aldeco.pt\/pt-pt\/wp-json\/wp\/v2\/product_brand?post=197458"},{"taxonomy":"product_cat","embeddable":true,"href":"https:\/\/staging.aldeco.pt\/pt-pt\/wp-json\/wp\/v2\/product_cat?post=197458"},{"taxonomy":"product_tag","embeddable":true,"href":"https:\/\/staging.aldeco.pt\/pt-pt\/wp-json\/wp\/v2\/product_tag?post=197458"}],"curies":[{"name":"wp","href":"https:\/\/api.w.org\/{rel}","templated":true}]}}