{"id":197456,"date":"2024-07-23T23:02:57","date_gmt":"2024-07-23T23:02:57","guid":{"rendered":"https:\/\/aldeco.pt\/staging\/product\/almofada-fantaisie-retro-light-50x50-s\/"},"modified":"2024-10-03T10:21:12","modified_gmt":"2024-10-03T10:21:12","slug":"almofada-fantaisie-retro-light-50x50-s","status":"publish","type":"product","link":"https:\/\/staging.aldeco.pt\/pt-pt\/product\/almofada-fantaisie-retro-light-50x50-s\/","title":{"rendered":"ALMOFADA FANTAISIE RETRO LIGHT 50&#215;50 S"},"content":{"rendered":"<p>Almofada decorativa quadrada sumptuosa com sirgaria de edi\u00e7\u00e3o limitada. FANTAISIE \u00e9 um tecido cetim de algod\u00e3o com um twist contempor\u00e2neo no elemento gr\u00e1fico do damasco. Este luxuoso tecido de algod\u00e3o bordado aposta numa harmoniosa mistura de tradi\u00e7\u00e3o e modernidade, pois possui uma est\u00e9tica moderna exaltando de forma subtil e metaf\u00f3rica o feminino e a intemporalidade. Esta almofada tem fecho oculto e est\u00e1 dispon\u00edvel em diversas combina\u00e7\u00f5es de cores, com ou sem enchimento.<\/p>\n","protected":false},"excerpt":{"rendered":"<p>Almofada decorativa quadrada sumptuosa com sirgaria de edi\u00e7\u00e3o limitada. FANTAISIE \u00e9 um tecido cetim de algod\u00e3o com um twist contempor\u00e2neo no elemento gr\u00e1fico do damasco. Este luxuoso tecido de algod\u00e3o bordado aposta numa harmoniosa mistura de tradi\u00e7\u00e3o e modernidade, pois possui uma est\u00e9tica moderna exaltando de forma subtil e metaf\u00f3rica o feminino e a intemporalidade. Esta almofada tem fecho oculto e est\u00e1 dispon\u00edvel em diversas combina\u00e7\u00f5es de cores, com ou sem enchimento.<\/p>\n<h2>Almofada FANTAISIE \u00e9 um tecido cetim de algod\u00e3o com um twist contempor\u00e2neo no elemento gr\u00e1fico do damasco. Este luxuoso tecido de algod\u00e3o bordado aposta numa harmoniosa mistura de tradi\u00e7\u00e3o e modernidade, pois possui uma est\u00e9tica moderna exaltando de forma subtil e metaf\u00f3rica o feminino e a intemporalidade. Esta almofada tem fecho oculto e est\u00e1 dispon\u00edvel em diversas combina\u00e7\u00f5es de cores, com ou sem enchimento.<\/h2>\n<p><img fetchpriority=\"high\" decoding=\"async\" class=\"alignnone wp-image-195572 size-medium\" src=\"https:\/\/aldeco.pt\/staging\/wp-content\/uploads\/2024\/07\/CUSHION-FANTAISIE-RETRO-LIGHT-50x50-S-300x241.jpg\" alt=\"Almofada Fantaisie Retro Light - Aldeco\" width=\"300\" height=\"241\" \/><\/p>\n<p><a href=\"https:\/\/aldeco.pt\/staging\/product\/cushion-fantaisie-retro-light-50x50-s\/?attribute_pa_aldeco-color=01-retro-light\">https:\/\/aldeco.pt\/staging\/product\/cushion-fantaisie-retro-light-50&#215;50-s\/?attribute_pa_aldeco-color=01-retro-light<\/a><a href=\"https:\/\/www.instagram.com\/aldeco_interiorfabrics\/\">https:\/\/www.instagram.com\/aldeco_interiorfabrics\/<\/a><\/p>\n","protected":false},"featured_media":195573,"template":"","meta":[],"product_brand":[],"product_cat":[6145],"product_tag":[],"class_list":{"0":"post-197456","1":"product","2":"type-product","3":"status-publish","4":"has-post-thumbnail","6":"product_cat-aldeco-2-pt-pt-2","7":"pa_composition-ext-100-co-bordado-80-vi-20-pl","8":"pa_line-almofadas","9":"pa_range-bordado","12":"first","13":"instock","14":"purchasable","15":"product-type-variable"},"acf":[],"_links":{"self":[{"href":"https:\/\/staging.aldeco.pt\/pt-pt\/wp-json\/wp\/v2\/product\/197456","targetHints":{"allow":["GET"]}}],"collection":[{"href":"https:\/\/staging.aldeco.pt\/pt-pt\/wp-json\/wp\/v2\/product"}],"about":[{"href":"https:\/\/staging.aldeco.pt\/pt-pt\/wp-json\/wp\/v2\/types\/product"}],"version-history":[{"count":2,"href":"https:\/\/staging.aldeco.pt\/pt-pt\/wp-json\/wp\/v2\/product\/197456\/revisions"}],"predecessor-version":[{"id":201947,"href":"https:\/\/staging.aldeco.pt\/pt-pt\/wp-json\/wp\/v2\/product\/197456\/revisions\/201947"}],"wp:featuredmedia":[{"embeddable":true,"href":"https:\/\/staging.aldeco.pt\/pt-pt\/wp-json\/wp\/v2\/media\/195573"}],"wp:attachment":[{"href":"https:\/\/staging.aldeco.pt\/pt-pt\/wp-json\/wp\/v2\/media?parent=197456"}],"wp:term":[{"taxonomy":"product_brand","embeddable":true,"href":"https:\/\/staging.aldeco.pt\/pt-pt\/wp-json\/wp\/v2\/product_brand?post=197456"},{"taxonomy":"product_cat","embeddable":true,"href":"https:\/\/staging.aldeco.pt\/pt-pt\/wp-json\/wp\/v2\/product_cat?post=197456"},{"taxonomy":"product_tag","embeddable":true,"href":"https:\/\/staging.aldeco.pt\/pt-pt\/wp-json\/wp\/v2\/product_tag?post=197456"}],"curies":[{"name":"wp","href":"https:\/\/api.w.org\/{rel}","templated":true}]}}