{"id":197037,"date":"2024-07-23T23:00:11","date_gmt":"2024-07-23T23:00:11","guid":{"rendered":"https:\/\/aldeco.pt\/staging\/product\/almofada-decorativa-chroniques-de-voyage-river-reflections-50x50-s\/"},"modified":"2024-10-02T14:35:36","modified_gmt":"2024-10-02T14:35:36","slug":"almofada-decorativa-chroniques-de-voyage-river-reflections-50x50-s","status":"publish","type":"product","link":"https:\/\/staging.aldeco.pt\/pt-pt\/product\/almofada-decorativa-chroniques-de-voyage-river-reflections-50x50-s\/","title":{"rendered":"ALMOFADA CHRONIQUES DE VOYAGE RIVER REFLECTIONS 50&#215;50 S"},"content":{"rendered":"<p>Descubra esta requintada almofada quadrada com uma exuberante passamanaria. CHRONIQUES DE VOYAGE \u00e9 um lindo e estilizado tecido bordado com folhagens que celebra a forma e a cor. Este tecido especial de algod\u00e3o tem pontos volumosos tornando a superf\u00edcie deste design impressionante com um toque artesanal. Inspirado nas cr\u00f4nicas de viagem aventureiras de Veva por campos buc\u00f3licos com vegeta\u00e7\u00e3o em tons quentes e naturais. Esta almofada tem fecho oculto e est\u00e1 dispon\u00edvel em diversas combina\u00e7\u00f5es de cores, com ou sem enchimento.<\/p>\n","protected":false},"excerpt":{"rendered":"<p>Descubra esta requintada almofada quadrada com uma exuberante passamanaria. CHRONIQUES DE VOYAGE \u00e9 um lindo e estilizado tecido bordado com folhagens que celebra a forma e a cor. Este tecido especial de algod\u00e3o tem pontos volumosos tornando a superf\u00edcie deste design impressionante com um toque artesanal. Inspirado nas cr\u00f4nicas de viagem aventureiras de Veva por campos buc\u00f3licos com vegeta\u00e7\u00e3o em tons quentes e naturais. Esta almofada tem fecho oculto e est\u00e1 dispon\u00edvel em diversas combina\u00e7\u00f5es de cores, com ou sem enchimento.<\/p>\n<h2>Almofada CHRONIQUES DE VOYAGE \u00e9 um lindo e estilizado tecido bordado com folhagens que celebra a forma e a cor. Este tecido especial de algod\u00e3o tem pontos volumosos tornando a superf\u00edcie deste design impressionante com um toque artesanal. Inspirado nas cr\u00f4nicas de viagem aventureiras de Veva por campos buc\u00f3licos com vegeta\u00e7\u00e3o em tons quentes e naturais. Esta almofada tem fecho oculto e est\u00e1 dispon\u00edvel em diversas combina\u00e7\u00f5es de cores, com ou sem enchimento.<\/h2>\n<p><img fetchpriority=\"high\" decoding=\"async\" class=\"alignnone wp-image-195390 size-medium\" src=\"https:\/\/aldeco.pt\/staging\/wp-content\/uploads\/2024\/07\/CUSHION-CHRONIQUES-DE-VOYAGE-RIVER-REFLECTIONS-50x50-S-3-300x241.jpg\" alt=\"Almofada Chroniques de Voyage River Reflections - Aldeco\" width=\"300\" height=\"241\" \/><\/p>\n<p><a href=\"https:\/\/www.instagram.com\/aldeco_interiorfabrics\/\">https:\/\/www.instagram.com\/aldeco_interiorfabrics\/<\/a><a href=\"https:\/\/aldeco.pt\/staging\/product\/cushion-chroniques-de-voyage-river-reflections-50x50-s\/?attribute_pa_aldeco-color=03-river-reflections\">https:\/\/aldeco.pt\/staging\/product\/cushion-chroniques-de-voyage-river-reflections-50&#215;50-s\/?attribute_pa_aldeco-color=03-river-reflections<\/a><\/p>\n","protected":false},"featured_media":195391,"template":"","meta":[],"product_brand":[],"product_cat":[6145],"product_tag":[],"class_list":{"0":"post-197037","1":"product","2":"type-product","3":"status-publish","4":"has-post-thumbnail","6":"product_cat-aldeco-2-pt-pt-2","7":"pa_composition-ext-100-co-bordado-100-pl","8":"pa_line-almofadas","9":"pa_range-bordado","10":"pa_range-escovado","13":"first","14":"instock","15":"purchasable","16":"product-type-variable"},"acf":[],"_links":{"self":[{"href":"https:\/\/staging.aldeco.pt\/pt-pt\/wp-json\/wp\/v2\/product\/197037","targetHints":{"allow":["GET"]}}],"collection":[{"href":"https:\/\/staging.aldeco.pt\/pt-pt\/wp-json\/wp\/v2\/product"}],"about":[{"href":"https:\/\/staging.aldeco.pt\/pt-pt\/wp-json\/wp\/v2\/types\/product"}],"version-history":[{"count":4,"href":"https:\/\/staging.aldeco.pt\/pt-pt\/wp-json\/wp\/v2\/product\/197037\/revisions"}],"predecessor-version":[{"id":201865,"href":"https:\/\/staging.aldeco.pt\/pt-pt\/wp-json\/wp\/v2\/product\/197037\/revisions\/201865"}],"wp:featuredmedia":[{"embeddable":true,"href":"https:\/\/staging.aldeco.pt\/pt-pt\/wp-json\/wp\/v2\/media\/195391"}],"wp:attachment":[{"href":"https:\/\/staging.aldeco.pt\/pt-pt\/wp-json\/wp\/v2\/media?parent=197037"}],"wp:term":[{"taxonomy":"product_brand","embeddable":true,"href":"https:\/\/staging.aldeco.pt\/pt-pt\/wp-json\/wp\/v2\/product_brand?post=197037"},{"taxonomy":"product_cat","embeddable":true,"href":"https:\/\/staging.aldeco.pt\/pt-pt\/wp-json\/wp\/v2\/product_cat?post=197037"},{"taxonomy":"product_tag","embeddable":true,"href":"https:\/\/staging.aldeco.pt\/pt-pt\/wp-json\/wp\/v2\/product_tag?post=197037"}],"curies":[{"name":"wp","href":"https:\/\/api.w.org\/{rel}","templated":true}]}}