{"id":197035,"date":"2024-07-23T22:59:59","date_gmt":"2024-07-23T22:59:59","guid":{"rendered":"https:\/\/aldeco.pt\/staging\/product\/almofada-decorativa-chroniques-de-voyage-autumn-dream-50x50-ox\/"},"modified":"2024-10-02T14:38:39","modified_gmt":"2024-10-02T14:38:39","slug":"almofada-decorativa-chroniques-de-voyage-autumn-dream-50x50-ox","status":"publish","type":"product","link":"https:\/\/staging.aldeco.pt\/pt-pt\/product\/almofada-decorativa-chroniques-de-voyage-autumn-dream-50x50-ox\/","title":{"rendered":"ALMOFADA CHRONIQUES DE VOYAGE AUTUMN DREAM 50&#215;50 OX"},"content":{"rendered":"<p>Descubra esta requintada almofada quadrada com oxford de 1 cm a toda a volta. CHRONIQUES DE VOYAGE \u00e9 um lindo e estilizado tecido bordado com folhagens que celebra a forma e a cor. Este tecido especial de algod\u00e3o tem pontos volumosos tornando a superf\u00edcie deste design impressionante com um toque artesanal. Inspirado nas cr\u00f4nicas de viagem aventureiras de Veva por campos buc\u00f3licos com vegeta\u00e7\u00e3o em tons quentes e naturais. Esta almofada tem fecho oculto e est\u00e1 dispon\u00edvel em diversas combina\u00e7\u00f5es de cores, com ou sem enchimento.<\/p>\n","protected":false},"excerpt":{"rendered":"<p>Descubra esta requintada almofada quadrada com oxford de 1 cm a toda a volta. CHRONIQUES DE VOYAGE \u00e9 um lindo e estilizado tecido bordado com folhagens que celebra a forma e a cor. Este tecido especial de algod\u00e3o tem pontos volumosos tornando a superf\u00edcie deste design impressionante com um toque artesanal. Inspirado nas cr\u00f4nicas de viagem aventureiras de Veva por campos buc\u00f3licos com vegeta\u00e7\u00e3o em tons quentes e naturais. Esta almofada tem fecho oculto e est\u00e1 dispon\u00edvel em diversas combina\u00e7\u00f5es de cores, com ou sem enchimento.<\/p>\n<h2>Almofada CHRONIQUES DE VOYAGE \u00e9 um lindo e estilizado tecido bordado com folhagens que celebra a forma e a cor. Este tecido especial de algod\u00e3o tem pontos volumosos tornando a superf\u00edcie deste design impressionante com um toque artesanal. Inspirado nas cr\u00f4nicas de viagem aventureiras de Veva por campos buc\u00f3licos com vegeta\u00e7\u00e3o em tons quentes e naturais. Esta almofada tem fecho oculto e est\u00e1 dispon\u00edvel em diversas combina\u00e7\u00f5es de cores, com ou sem enchimento.<\/h2>\n<p><img fetchpriority=\"high\" decoding=\"async\" class=\"alignnone wp-image-195386 size-medium\" src=\"https:\/\/aldeco.pt\/staging\/wp-content\/uploads\/2024\/07\/CUSHION-CHRONIQUES-DE-VOYAGE-AUTUMN-DREAM-50x50-OX-3-300x241.jpg\" alt=\"Almofada Chroniques de Voyage Autumn Dream - Aldeco\" width=\"300\" height=\"241\" \/><\/p>\n<p><a href=\"https:\/\/aldeco.pt\/staging\/product\/cushion-chroniques-de-voyage-autumn-dream-50x50-ox\/?attribute_pa_aldeco-color=01-autumn-dream\">https:\/\/aldeco.pt\/staging\/product\/cushion-chroniques-de-voyage-autumn-dream-50&#215;50-ox\/?attribute_pa_aldeco-color=01-autumn-dream<\/a><a href=\"https:\/\/www.instagram.com\/aldeco_interiorfabrics\/\">https:\/\/www.instagram.com\/aldeco_interiorfabrics\/<\/a><\/p>\n","protected":false},"featured_media":195387,"template":"","meta":[],"product_brand":[],"product_cat":[6145],"product_tag":[],"class_list":{"0":"post-197035","1":"product","2":"type-product","3":"status-publish","4":"has-post-thumbnail","6":"product_cat-aldeco-2-pt-pt-2","7":"pa_composition-ext-100-co-bordado-100-pl","8":"pa_line-almofadas","9":"pa_range-bordado","10":"pa_range-escovado","13":"first","14":"instock","15":"purchasable","16":"product-type-variable"},"acf":[],"_links":{"self":[{"href":"https:\/\/staging.aldeco.pt\/pt-pt\/wp-json\/wp\/v2\/product\/197035","targetHints":{"allow":["GET"]}}],"collection":[{"href":"https:\/\/staging.aldeco.pt\/pt-pt\/wp-json\/wp\/v2\/product"}],"about":[{"href":"https:\/\/staging.aldeco.pt\/pt-pt\/wp-json\/wp\/v2\/types\/product"}],"version-history":[{"count":5,"href":"https:\/\/staging.aldeco.pt\/pt-pt\/wp-json\/wp\/v2\/product\/197035\/revisions"}],"predecessor-version":[{"id":200807,"href":"https:\/\/staging.aldeco.pt\/pt-pt\/wp-json\/wp\/v2\/product\/197035\/revisions\/200807"}],"wp:featuredmedia":[{"embeddable":true,"href":"https:\/\/staging.aldeco.pt\/pt-pt\/wp-json\/wp\/v2\/media\/195387"}],"wp:attachment":[{"href":"https:\/\/staging.aldeco.pt\/pt-pt\/wp-json\/wp\/v2\/media?parent=197035"}],"wp:term":[{"taxonomy":"product_brand","embeddable":true,"href":"https:\/\/staging.aldeco.pt\/pt-pt\/wp-json\/wp\/v2\/product_brand?post=197035"},{"taxonomy":"product_cat","embeddable":true,"href":"https:\/\/staging.aldeco.pt\/pt-pt\/wp-json\/wp\/v2\/product_cat?post=197035"},{"taxonomy":"product_tag","embeddable":true,"href":"https:\/\/staging.aldeco.pt\/pt-pt\/wp-json\/wp\/v2\/product_tag?post=197035"}],"curies":[{"name":"wp","href":"https:\/\/api.w.org\/{rel}","templated":true}]}}