{"id":197033,"date":"2024-07-23T22:59:55","date_gmt":"2024-07-23T22:59:55","guid":{"rendered":"https:\/\/aldeco.pt\/staging\/product\/almofada-decorativa-chiado-fr-autumn-mix-ball-35\/"},"modified":"2024-10-10T10:39:20","modified_gmt":"2024-10-10T10:39:20","slug":"almofada-decorativa-chiado-fr-autumn-mix-ball-35","status":"publish","type":"product","link":"https:\/\/staging.aldeco.pt\/pt-pt\/product\/almofada-decorativa-chiado-fr-autumn-mix-ball-35\/","title":{"rendered":"ALMOFADA CHIADO FR AUTUMN MIX BALL 35"},"content":{"rendered":"<p>Adicione um elemento divertido e igualmente luxuoso ao seu sof\u00e1 ou cama com a almofada decorativa em forma de bola Apresentamos CHIADO FR, um tecido misto com alta resist\u00eancia \u00e0 abras\u00e3o. Este tecido altamente texturado e com aspeto tridimensional cumpre a norma REACH relativa \u00e0 sustentabilidade e rastreabilidade de subst\u00e2ncias qu\u00edmicas. Esta almofada muito trendy com fecho oculto est\u00e1 dispon\u00edvel em diversas combina\u00e7\u00f5es de cores, com ou sem enchimento.<\/p>\n","protected":false},"excerpt":{"rendered":"<p>Adicione um elemento divertido e igualmente luxuoso ao seu sof\u00e1 ou cama com a almofada decorativa em forma de bola. Apresentamos CHIADO FR, um tecido misto com alta resist\u00eancia \u00e0 abras\u00e3o. Este tecido altamente texturado e com aspeto tridimensional cumpre a norma REACH relativa \u00e0 sustentabilidade e rastreabilidade de subst\u00e2ncias qu\u00edmicas. Esta almofada muito trendy com fecho oculto est\u00e1 dispon\u00edvel em diversas combina\u00e7\u00f5es de cores, com ou sem enchimento.<\/p>\n<h2>Almofada CHIADO FR, um tecido misto com alta resist\u00eancia \u00e0 abras\u00e3o. Este tecido altamente texturado e com aspeto tridimensional cumpre a norma REACH relativa \u00e0 sustentabilidade e rastreabilidade de subst\u00e2ncias qu\u00edmicas. Esta almofada muito trendy com fecho oculto est\u00e1 dispon\u00edvel em diversas combina\u00e7\u00f5es de cores, com ou sem enchimento.<\/h2>\n<p><img fetchpriority=\"high\" decoding=\"async\" class=\"alignnone wp-image-195542 size-medium\" src=\"https:\/\/aldeco.pt\/staging\/wp-content\/uploads\/2024\/07\/CUSHION-CHIADO-FR-AUTUMN-MIX-BALL-35-1-300x241.jpg\" alt=\"Almofada Chiado FR Autumn Mix - Aldeco\" width=\"300\" height=\"241\" \/><\/p>\n<p>&nbsp;<\/p>\n<p><a href=\"https:\/\/aldeco.pt\/staging\/product\/cushion-chiado-fr-autumn-mix-ball-35\/?attribute_pa_colour=multicolour&amp;attribute_pa_aldeco-color=13-autumn-mix\">https:\/\/aldeco.pt\/staging\/product\/cushion-chiado-fr-autumn-mix-ball-35\/?attribute_pa_colour=multicolourattribute_pa_aldeco-color=13-autumn-mix<\/a><a href=\"https:\/\/www.instagram.com\/aldeco_interiorfabrics\/\">https:\/\/www.instagram.com\/aldeco_interiorfabrics\/<\/a><\/p>\n","protected":false},"featured_media":195543,"template":"","meta":[],"product_brand":[],"product_cat":[6145],"product_tag":[],"class_list":{"0":"post-197033","1":"product","2":"type-product","3":"status-publish","4":"has-post-thumbnail","6":"product_cat-aldeco-2-pt-pt-2","7":"pa_composition-ext-100-pl-pt-pt","8":"pa_line-almofadas","9":"pa_range-jacquard-pt-pt","12":"first","13":"instock","14":"purchasable","15":"product-type-variable"},"acf":[],"_links":{"self":[{"href":"https:\/\/staging.aldeco.pt\/pt-pt\/wp-json\/wp\/v2\/product\/197033","targetHints":{"allow":["GET"]}}],"collection":[{"href":"https:\/\/staging.aldeco.pt\/pt-pt\/wp-json\/wp\/v2\/product"}],"about":[{"href":"https:\/\/staging.aldeco.pt\/pt-pt\/wp-json\/wp\/v2\/types\/product"}],"version-history":[{"count":4,"href":"https:\/\/staging.aldeco.pt\/pt-pt\/wp-json\/wp\/v2\/product\/197033\/revisions"}],"predecessor-version":[{"id":204937,"href":"https:\/\/staging.aldeco.pt\/pt-pt\/wp-json\/wp\/v2\/product\/197033\/revisions\/204937"}],"wp:featuredmedia":[{"embeddable":true,"href":"https:\/\/staging.aldeco.pt\/pt-pt\/wp-json\/wp\/v2\/media\/195543"}],"wp:attachment":[{"href":"https:\/\/staging.aldeco.pt\/pt-pt\/wp-json\/wp\/v2\/media?parent=197033"}],"wp:term":[{"taxonomy":"product_brand","embeddable":true,"href":"https:\/\/staging.aldeco.pt\/pt-pt\/wp-json\/wp\/v2\/product_brand?post=197033"},{"taxonomy":"product_cat","embeddable":true,"href":"https:\/\/staging.aldeco.pt\/pt-pt\/wp-json\/wp\/v2\/product_cat?post=197033"},{"taxonomy":"product_tag","embeddable":true,"href":"https:\/\/staging.aldeco.pt\/pt-pt\/wp-json\/wp\/v2\/product_tag?post=197033"}],"curies":[{"name":"wp","href":"https:\/\/api.w.org\/{rel}","templated":true}]}}