{"id":193691,"date":"2024-05-12T19:40:37","date_gmt":"2024-05-12T19:40:37","guid":{"rendered":"https:\/\/aldeco.pt\/staging\/product\/volupte-de-la-vie\/"},"modified":"2024-08-06T11:15:31","modified_gmt":"2024-08-06T11:15:31","slug":"volupte-de-la-vie","status":"publish","type":"product","link":"https:\/\/staging.aldeco.pt\/pt-pt\/product\/volupte-de-la-vie\/","title":{"rendered":"VOLUPT\u00c9 DE LA VIE"},"content":{"rendered":"<p>VOLUPT\u00c9 DE LA VIE \u00e9 uma transpar\u00eancia delicada com look de linho e um desenho all over de flores estilizadas finamente bordadas. Este tecido leve e transparente tem um caimento maravilhoso para cortinas. O visual elegante \u00e9 real\u00e7ado pelo brilho suave dos delicados motivos florais bordados em grande escala. Este rico tecido bordado \u00e9 uma exalta\u00e7\u00e3o do feminino de forma intensa e refinada criando sensa\u00e7\u00f5es extremamente agrad\u00e1veis.<\/p>\n","protected":false},"excerpt":{"rendered":"<p>VOLUPT\u00c9 DE LA VIE \u00e9 uma transpar\u00eancia delicada com look de linho e um desenho all over de flores estilizadas finamente bordadas. Este tecido leve e transparente tem um caimento maravilhoso para cortinas. O visual elegante \u00e9 real\u00e7ado pelo brilho suave dos delicados motivos florais bordados em grande escala. Este rico tecido bordado \u00e9 uma exalta\u00e7\u00e3o do feminino de forma intensa e refinada criando sensa\u00e7\u00f5es extremamente agrad\u00e1veis.<\/p>\n<h2>VOLUPT\u00c9 DE LA VIE \u00e9 uma transpar\u00eancia delicada com look de linho e um desenho all over de flores estilizadas finamente bordadas. Este tecido leve e transparente tem um caimento maravilhoso para cortinas. O visual elegante \u00e9 real\u00e7ado pelo brilho suave dos delicados motivos florais bordados em grande escala. Este rico tecido bordado \u00e9 uma exalta\u00e7\u00e3o do feminino de forma intensa e refinada criando sensa\u00e7\u00f5es extremamente agrad\u00e1veis.<\/h2>\n<p><img fetchpriority=\"high\" decoding=\"async\" class=\"alignnone wp-image-177112 size-medium\" src=\"https:\/\/aldeco.pt\/staging\/wp-content\/uploads\/2024\/01\/T192940001-3-300x200.jpg\" alt=\"Volupt\u00e9 de la Vie - Aldeco\" width=\"300\" height=\"200\"><\/p>\n<p><a href=\"https:\/\/aldeco.pt\/staging\/product\/volupte-de-la-vie\/?attribute_pa_aldeco-color=01-natural-white\">https:\/\/aldeco.pt\/staging\/product\/volupte-de-la-vie\/?attribute_pa_aldeco-color=01-natural-white<\/a><\/p>\n<p><a href=\"https:\/\/www.instagram.com\/aldeco_interiorfabrics\/\">https:\/\/www.instagram.com\/aldeco_interiorfabrics\/<\/a><\/p>\n","protected":false},"featured_media":161026,"template":"","meta":[],"product_brand":[],"product_cat":[6145],"product_tag":[],"class_list":{"0":"post-193691","1":"product","2":"type-product","3":"status-publish","4":"has-post-thumbnail","6":"product_cat-aldeco-2-pt-pt-2","7":"pa_cleanability-8282","8":"pa_composition-ext-63-co-37-pl-bordado-100-pc","9":"pa_interior-fabrics-1-pt-pt","10":"pa_line-tecidos","11":"pa_lithfastness-4-pt-pt","12":"pa_outdoor-0-pt-pt","13":"pa_range-bordado","14":"pa_range-transparente","15":"pa_rapport-horizontal-72-pt-pt","16":"pa_rapport-vertical-79-pt-pt","17":"pa_sustainable-fabrics-1-pt-pt","20":"first","21":"instock","22":"purchasable","23":"product-type-variable"},"acf":[],"_links":{"self":[{"href":"https:\/\/staging.aldeco.pt\/pt-pt\/wp-json\/wp\/v2\/product\/193691","targetHints":{"allow":["GET"]}}],"collection":[{"href":"https:\/\/staging.aldeco.pt\/pt-pt\/wp-json\/wp\/v2\/product"}],"about":[{"href":"https:\/\/staging.aldeco.pt\/pt-pt\/wp-json\/wp\/v2\/types\/product"}],"version-history":[{"count":1,"href":"https:\/\/staging.aldeco.pt\/pt-pt\/wp-json\/wp\/v2\/product\/193691\/revisions"}],"predecessor-version":[{"id":193700,"href":"https:\/\/staging.aldeco.pt\/pt-pt\/wp-json\/wp\/v2\/product\/193691\/revisions\/193700"}],"wp:featuredmedia":[{"embeddable":true,"href":"https:\/\/staging.aldeco.pt\/pt-pt\/wp-json\/wp\/v2\/media\/161026"}],"wp:attachment":[{"href":"https:\/\/staging.aldeco.pt\/pt-pt\/wp-json\/wp\/v2\/media?parent=193691"}],"wp:term":[{"taxonomy":"product_brand","embeddable":true,"href":"https:\/\/staging.aldeco.pt\/pt-pt\/wp-json\/wp\/v2\/product_brand?post=193691"},{"taxonomy":"product_cat","embeddable":true,"href":"https:\/\/staging.aldeco.pt\/pt-pt\/wp-json\/wp\/v2\/product_cat?post=193691"},{"taxonomy":"product_tag","embeddable":true,"href":"https:\/\/staging.aldeco.pt\/pt-pt\/wp-json\/wp\/v2\/product_tag?post=193691"}],"curies":[{"name":"wp","href":"https:\/\/api.w.org\/{rel}","templated":true}]}}