{"id":193671,"date":"2024-05-09T21:21:12","date_gmt":"2024-05-09T21:21:12","guid":{"rendered":"https:\/\/aldeco.pt\/staging\/product\/pitch-fr\/"},"modified":"2024-08-06T11:21:32","modified_gmt":"2024-08-06T11:21:32","slug":"pitch-fr","status":"publish","type":"product","link":"https:\/\/staging.aldeco.pt\/pt-pt\/product\/pitch-fr\/","title":{"rendered":"PITCH FR"},"content":{"rendered":"<p>Este tecido altamente vers\u00e1til tem um design com um ritmo din\u00e2mico. O Pitch FR \u00e9 adequado para estofos e \u00e9 tamb\u00e9m retardante de fogo.<\/p>\n","protected":false},"excerpt":{"rendered":"<p>Este tecido altamente vers\u00e1til tem um design com um ritmo din\u00e2mico. Este tecido \u00e9 adequado para estofo e tamb\u00e9m \u00e9 retardante de fogo<\/p>\n<h2>Pitch FR, este tecido altamente vers\u00e1til tem um design com um ritmo din\u00e2mico. Este tecido \u00e9 adequado para estofo e tamb\u00e9m \u00e9 retardante de fogo<\/h2>\n<p><img fetchpriority=\"high\" decoding=\"async\" class=\"alignnone wp-image-188194 size-medium\" src=\"https:\/\/aldeco.pt\/staging\/wp-content\/uploads\/2024\/01\/T190770001-3-300x200.jpg\" alt=\"Pitch FR - Aldeco\" width=\"300\" height=\"200\"><\/p>\n<p><a href=\"https:\/\/www.instagram.com\/aldeco_interiorfabrics\/\">https:\/\/www.instagram.com\/aldeco_interiorfabrics\/<\/a><\/p>\n<p><a href=\"https:\/\/aldeco.pt\/staging\/product\/pitch-fr\/?attribute_pa_aldeco-color=01-deep-greige\">https:\/\/aldeco.pt\/staging\/product\/pitch-fr\/?attribute_pa_aldeco-color=01-deep-greige<\/a><\/p>\n","protected":false},"featured_media":156381,"template":"","meta":[],"product_brand":[],"product_cat":[6145],"product_tag":[],"class_list":{"0":"post-193671","1":"product","2":"type-product","3":"status-publish","4":"has-post-thumbnail","6":"product_cat-aldeco-2-pt-pt-2","7":"pa_cleanability-8282","8":"pa_composition-ext-46-vi-28-co-15-li-11-pl-pt-pt","9":"pa_contract-fabrics-1-pt-pt","10":"pa_interior-fabrics-1-pt-pt","11":"pa_line-tecidos","12":"pa_lithfastness-4-pt-pt","13":"pa_outdoor-0-pt-pt","14":"pa_range-jacquard-pt-pt","15":"pa_rapport-horizontal-7-2-pt-pt","16":"pa_rapport-vertical-2-5-pt-pt","17":"pa_special-treatments-fabrics-1-pt-pt","20":"first","21":"instock","22":"purchasable","23":"product-type-variable"},"acf":[],"_links":{"self":[{"href":"https:\/\/staging.aldeco.pt\/pt-pt\/wp-json\/wp\/v2\/product\/193671","targetHints":{"allow":["GET"]}}],"collection":[{"href":"https:\/\/staging.aldeco.pt\/pt-pt\/wp-json\/wp\/v2\/product"}],"about":[{"href":"https:\/\/staging.aldeco.pt\/pt-pt\/wp-json\/wp\/v2\/types\/product"}],"version-history":[{"count":1,"href":"https:\/\/staging.aldeco.pt\/pt-pt\/wp-json\/wp\/v2\/product\/193671\/revisions"}],"predecessor-version":[{"id":193720,"href":"https:\/\/staging.aldeco.pt\/pt-pt\/wp-json\/wp\/v2\/product\/193671\/revisions\/193720"}],"wp:featuredmedia":[{"embeddable":true,"href":"https:\/\/staging.aldeco.pt\/pt-pt\/wp-json\/wp\/v2\/media\/156381"}],"wp:attachment":[{"href":"https:\/\/staging.aldeco.pt\/pt-pt\/wp-json\/wp\/v2\/media?parent=193671"}],"wp:term":[{"taxonomy":"product_brand","embeddable":true,"href":"https:\/\/staging.aldeco.pt\/pt-pt\/wp-json\/wp\/v2\/product_brand?post=193671"},{"taxonomy":"product_cat","embeddable":true,"href":"https:\/\/staging.aldeco.pt\/pt-pt\/wp-json\/wp\/v2\/product_cat?post=193671"},{"taxonomy":"product_tag","embeddable":true,"href":"https:\/\/staging.aldeco.pt\/pt-pt\/wp-json\/wp\/v2\/product_tag?post=193671"}],"curies":[{"name":"wp","href":"https:\/\/api.w.org\/{rel}","templated":true}]}}