{"id":193632,"date":"2024-05-09T21:05:08","date_gmt":"2024-05-09T21:05:08","guid":{"rendered":"https:\/\/aldeco.pt\/staging\/product\/midnight\/"},"modified":"2024-09-23T13:11:21","modified_gmt":"2024-09-23T13:11:21","slug":"midnight","status":"publish","type":"product","link":"https:\/\/staging.aldeco.pt\/pt-pt\/product\/midnight\/","title":{"rendered":"MIDNIGHT"},"content":{"rendered":"<p>Tecido Dim Out (obscurante) com elevada opacidade para cortinas. Alta resist\u00eancia \u00e0 radia\u00e7\u00e3o solar e de uma qualidade not\u00e1vel com um look elegante. Boa capacidade de absor\u00e7\u00e3o sonora (tecido com certifica\u00e7\u00e3o ac\u00fastica). Este tecido tamb\u00e9m \u00e9 certificado como retardante de chama e possui certifica\u00e7\u00e3o OEKO-TEX Standard 100.<\/p>\n","protected":false},"excerpt":{"rendered":"<p>Tecido Dim Out (obscurante) com elevada opacidade para cortinas. Alta resist\u00eancia \u00e0 radia\u00e7\u00e3o solar e de uma qualidade not\u00e1vel com um look elegante. Boa capacidade de absor\u00e7\u00e3o sonora (tecido com certifica\u00e7\u00e3o ac\u00fastica). Este tecido tamb\u00e9m \u00e9 certificado como retardante de chama e possui certifica\u00e7\u00e3o OEKO-TEX Standard 100.<\/p>\n<h2>Midnight \u00e9 um tecido Dim Out (obscurante) com elevada opacidade para cortinas. Alta resist\u00eancia \u00e0 radia\u00e7\u00e3o solar e de uma qualidade not\u00e1vel com um look elegante. Boa capacidade de absor\u00e7\u00e3o sonora (tecido com certifica\u00e7\u00e3o ac\u00fastica). Este tecido tamb\u00e9m \u00e9 certificado como retardante de chama e possui certifica\u00e7\u00e3o OEKO-TEX Standard 100.<\/h2>\n<p><img fetchpriority=\"high\" decoding=\"async\" class=\"alignnone wp-image-180379 size-medium\" src=\"https:\/\/aldeco.pt\/staging\/wp-content\/uploads\/2024\/05\/T017528001-300x200.jpg\" alt=\"Midnight - Aldeco\" width=\"300\" height=\"200\" \/><\/p>\n<p><a href=\"https:\/\/www.instagram.com\/aldeco_interiorfabrics\/\">https:\/\/www.instagram.com\/aldeco_interiorfabrics\/<\/a><\/p>\n<p><a href=\"https:\/\/aldeco.pt\/staging\/product\/midnight\/?attribute_pa_aldeco-color=1\">https:\/\/aldeco.pt\/staging\/product\/midnight\/?attribute_pa_aldeco-color=1<\/a><\/p>\n","protected":false},"featured_media":180316,"template":"","meta":[],"product_brand":[],"product_cat":[6145],"product_tag":[],"class_list":{"0":"post-193632","1":"product","2":"type-product","3":"status-publish","4":"has-post-thumbnail","6":"product_cat-aldeco-2-pt-pt-2","7":"pa_cleanability-8282","8":"pa_composition-ext-100-pl-fr-pt-pt","9":"pa_interior-fabrics-1-pt-pt","10":"pa_line-tecidos","11":"pa_lithfastness-5-6-pt-pt","12":"pa_outdoor-0-pt-pt","13":"pa_range-dimout-pt-pt","14":"pa_range-liso","15":"pa_rapport-vertical-11009","18":"first","19":"instock","20":"purchasable","21":"product-type-variable"},"acf":[],"_links":{"self":[{"href":"https:\/\/staging.aldeco.pt\/pt-pt\/wp-json\/wp\/v2\/product\/193632","targetHints":{"allow":["GET"]}}],"collection":[{"href":"https:\/\/staging.aldeco.pt\/pt-pt\/wp-json\/wp\/v2\/product"}],"about":[{"href":"https:\/\/staging.aldeco.pt\/pt-pt\/wp-json\/wp\/v2\/types\/product"}],"version-history":[{"count":3,"href":"https:\/\/staging.aldeco.pt\/pt-pt\/wp-json\/wp\/v2\/product\/193632\/revisions"}],"predecessor-version":[{"id":200747,"href":"https:\/\/staging.aldeco.pt\/pt-pt\/wp-json\/wp\/v2\/product\/193632\/revisions\/200747"}],"wp:featuredmedia":[{"embeddable":true,"href":"https:\/\/staging.aldeco.pt\/pt-pt\/wp-json\/wp\/v2\/media\/180316"}],"wp:attachment":[{"href":"https:\/\/staging.aldeco.pt\/pt-pt\/wp-json\/wp\/v2\/media?parent=193632"}],"wp:term":[{"taxonomy":"product_brand","embeddable":true,"href":"https:\/\/staging.aldeco.pt\/pt-pt\/wp-json\/wp\/v2\/product_brand?post=193632"},{"taxonomy":"product_cat","embeddable":true,"href":"https:\/\/staging.aldeco.pt\/pt-pt\/wp-json\/wp\/v2\/product_cat?post=193632"},{"taxonomy":"product_tag","embeddable":true,"href":"https:\/\/staging.aldeco.pt\/pt-pt\/wp-json\/wp\/v2\/product_tag?post=193632"}],"curies":[{"name":"wp","href":"https:\/\/api.w.org\/{rel}","templated":true}]}}