{"id":193613,"date":"2024-05-09T21:03:23","date_gmt":"2024-05-09T21:03:23","guid":{"rendered":"https:\/\/aldeco.pt\/staging\/product\/meridienne-fr\/"},"modified":"2025-03-20T10:30:08","modified_gmt":"2025-03-20T10:30:08","slug":"meridienne-fr","status":"publish","type":"product","link":"https:\/\/staging.aldeco.pt\/pt-pt\/product\/meridienne-fr\/","title":{"rendered":"M\u00c9RIDIENNE FR"},"content":{"rendered":"<p>M\u00c9RIDIENNE \u00e9 um chenille tinto em pe\u00e7a muito elegante, mas muito natural. Este tecido possui uma estrutura alinhada muito suave com um look c\u00f4tel\u00e9 intemporal e encontra-se dispon\u00edvel e 12 cores requintadas.<\/p>\n","protected":false},"excerpt":{"rendered":"<p>M\u00c9RIDIENNE \u00e9 um chenille tinto em pe\u00e7a muito elegante, mas muito natural. Este tecido possui uma estrutura alinhada muito suave com um look c\u00f4tel\u00e9 intemporal e encontra-se dispon\u00edvel e 12 cores requintadas.<\/p>\n<h2>M\u00c9RIDIENNE \u00e9 um chenille tinto em pe\u00e7a muito elegante, mas muito natural. Este tecido possui uma estrutura alinhada muito suave com um look c\u00f4tel\u00e9 intemporal e encontra-se dispon\u00edvel e 12 cores requintadas.<\/h2>\n<p><img fetchpriority=\"high\" decoding=\"async\" class=\"alignnone wp-image-218683 size-medium\" src=\"https:\/\/aldeco.pt\/staging\/wp-content\/uploads\/2024\/05\/T192840005-300x220.jpg\" alt=\"M\u00e9ridienne FR - Aldeco\" width=\"300\" height=\"220\"><\/p>\n<p><a href=\"https:\/\/www.instagram.com\/aldeco_interiorfabrics\/\">https:\/\/www.instagram.com\/aldeco_interiorfabrics\/<\/a><\/p>\n<p><a href=\"https:\/\/aldeco.pt\/staging\/product\/meridienne-fr\/?attribute_pa_aldeco-color=01-natural-white\">https:\/\/aldeco.pt\/staging\/product\/meridienne-fr\/?attribute_pa_aldeco-color=01-natural-white<\/a><\/p>\n","protected":false},"featured_media":218684,"template":"","meta":[],"product_brand":[],"product_cat":[6145,6151],"product_tag":[],"class_list":{"0":"post-193613","1":"product","2":"type-product","3":"status-publish","4":"has-post-thumbnail","6":"product_cat-aldeco-2-pt-pt-2","7":"product_cat-contract-pt-pt","8":"pa_cleanability-8282","9":"pa_composition-ext-52-vi-42-co-6-li-pt-pt","10":"pa_contract-fabrics-1-pt-pt","11":"pa_interior-fabrics-1-pt-pt","12":"pa_line-tecidos","13":"pa_lithfastness-4-5-pt-pt","14":"pa_outdoor-0-pt-pt","15":"pa_range-chenile","16":"pa_range-jacquard-pt-pt","17":"pa_rapport-vertical-11009","18":"pa_special-treatments-fabrics-1-pt-pt","21":"first","22":"instock","23":"purchasable","24":"product-type-variable"},"acf":[],"_links":{"self":[{"href":"https:\/\/staging.aldeco.pt\/pt-pt\/wp-json\/wp\/v2\/product\/193613","targetHints":{"allow":["GET"]}}],"collection":[{"href":"https:\/\/staging.aldeco.pt\/pt-pt\/wp-json\/wp\/v2\/product"}],"about":[{"href":"https:\/\/staging.aldeco.pt\/pt-pt\/wp-json\/wp\/v2\/types\/product"}],"version-history":[{"count":4,"href":"https:\/\/staging.aldeco.pt\/pt-pt\/wp-json\/wp\/v2\/product\/193613\/revisions"}],"predecessor-version":[{"id":218688,"href":"https:\/\/staging.aldeco.pt\/pt-pt\/wp-json\/wp\/v2\/product\/193613\/revisions\/218688"}],"wp:featuredmedia":[{"embeddable":true,"href":"https:\/\/staging.aldeco.pt\/pt-pt\/wp-json\/wp\/v2\/media\/218684"}],"wp:attachment":[{"href":"https:\/\/staging.aldeco.pt\/pt-pt\/wp-json\/wp\/v2\/media?parent=193613"}],"wp:term":[{"taxonomy":"product_brand","embeddable":true,"href":"https:\/\/staging.aldeco.pt\/pt-pt\/wp-json\/wp\/v2\/product_brand?post=193613"},{"taxonomy":"product_cat","embeddable":true,"href":"https:\/\/staging.aldeco.pt\/pt-pt\/wp-json\/wp\/v2\/product_cat?post=193613"},{"taxonomy":"product_tag","embeddable":true,"href":"https:\/\/staging.aldeco.pt\/pt-pt\/wp-json\/wp\/v2\/product_tag?post=193613"}],"curies":[{"name":"wp","href":"https:\/\/api.w.org\/{rel}","templated":true}]}}