{"id":193569,"date":"2024-05-09T21:01:05","date_gmt":"2024-05-09T21:01:05","guid":{"rendered":"https:\/\/aldeco.pt\/staging\/product\/martinique-embroidery\/"},"modified":"2024-10-08T15:56:36","modified_gmt":"2024-10-08T15:56:36","slug":"martinique-embroidery","status":"publish","type":"product","link":"https:\/\/staging.aldeco.pt\/pt-pt\/product\/martinique-embroidery\/","title":{"rendered":"MARTINIQUE EMBROIDERY"},"content":{"rendered":"<p>Cor \u00fanica num desenho bordado a toda a volta e multicolor. Tecido 100% algod\u00e3o de alta qualidade com um design gr\u00e1fico e geom\u00e9trico.<\/p>\n","protected":false},"excerpt":{"rendered":"<p>Cor \u00fanica num desenho bordado a toda a volta e multicolor. Tecido 100% algod\u00e3o de alta qualidade com um design gr\u00e1fico e geom\u00e9trico.<\/p>\n<h2>Martinique Embroidery \u00e9 uma cor \u00fanica num desenho bordado a toda a volta e multicolor. Tecido 100% algod\u00e3o de alta qualidade com um design gr\u00e1fico e geom\u00e9trico.<\/h2>\n<p><img fetchpriority=\"high\" decoding=\"async\" class=\"alignnone wp-image-187647 size-medium\" src=\"https:\/\/aldeco.pt\/staging\/wp-content\/uploads\/2024\/05\/T019230001-300x240.jpg\" alt=\"Martinique Embroidery - Aldeco\" width=\"300\" height=\"240\" \/><\/p>\n<p><a href=\"https:\/\/www.instagram.com\/aldeco_interiorfabrics\/\">https:\/\/www.instagram.com\/aldeco_interiorfabrics\/<\/a><\/p>\n<p><a href=\"https:\/\/aldeco.pt\/staging\/product\/martinique-embroidery\/?attribute_pa_aldeco-color=01-colourfulness\">https:\/\/aldeco.pt\/staging\/product\/martinique-embroidery\/?attribute_pa_aldeco-color=01-colourfulness<\/a><\/p>\n<p>&nbsp;<\/p>\n","protected":false},"featured_media":159503,"template":"","meta":[],"product_brand":[],"product_cat":[6145],"product_tag":[],"class_list":{"0":"post-193569","1":"product","2":"type-product","3":"status-publish","4":"has-post-thumbnail","6":"product_cat-aldeco-2-pt-pt-2","7":"pa_cleanability-8282","8":"pa_composition-ext-100-co-bordado-100vi-pt-pt","9":"pa_interior-fabrics-1-pt-pt","10":"pa_line-tecidos","11":"pa_lithfastness-4-pt-pt","12":"pa_outdoor-0-pt-pt","13":"pa_range-bordado","14":"pa_rapport-horizontal-21-8-pt-pt","15":"pa_rapport-vertical-32-3-pt-pt","18":"first","19":"instock","20":"purchasable","21":"product-type-variable"},"acf":[],"_links":{"self":[{"href":"https:\/\/staging.aldeco.pt\/pt-pt\/wp-json\/wp\/v2\/product\/193569","targetHints":{"allow":["GET"]}}],"collection":[{"href":"https:\/\/staging.aldeco.pt\/pt-pt\/wp-json\/wp\/v2\/product"}],"about":[{"href":"https:\/\/staging.aldeco.pt\/pt-pt\/wp-json\/wp\/v2\/types\/product"}],"version-history":[{"count":2,"href":"https:\/\/staging.aldeco.pt\/pt-pt\/wp-json\/wp\/v2\/product\/193569\/revisions"}],"predecessor-version":[{"id":202239,"href":"https:\/\/staging.aldeco.pt\/pt-pt\/wp-json\/wp\/v2\/product\/193569\/revisions\/202239"}],"wp:featuredmedia":[{"embeddable":true,"href":"https:\/\/staging.aldeco.pt\/pt-pt\/wp-json\/wp\/v2\/media\/159503"}],"wp:attachment":[{"href":"https:\/\/staging.aldeco.pt\/pt-pt\/wp-json\/wp\/v2\/media?parent=193569"}],"wp:term":[{"taxonomy":"product_brand","embeddable":true,"href":"https:\/\/staging.aldeco.pt\/pt-pt\/wp-json\/wp\/v2\/product_brand?post=193569"},{"taxonomy":"product_cat","embeddable":true,"href":"https:\/\/staging.aldeco.pt\/pt-pt\/wp-json\/wp\/v2\/product_cat?post=193569"},{"taxonomy":"product_tag","embeddable":true,"href":"https:\/\/staging.aldeco.pt\/pt-pt\/wp-json\/wp\/v2\/product_tag?post=193569"}],"curies":[{"name":"wp","href":"https:\/\/api.w.org\/{rel}","templated":true}]}}