{"id":193503,"date":"2024-05-09T21:57:07","date_gmt":"2024-05-09T21:57:07","guid":{"rendered":"https:\/\/aldeco.pt\/staging\/product\/savoir-faire\/"},"modified":"2024-09-27T16:41:58","modified_gmt":"2024-09-27T16:41:58","slug":"savoir-faire","status":"publish","type":"product","link":"https:\/\/staging.aldeco.pt\/pt-pt\/product\/savoir-faire\/","title":{"rendered":"SAVOIR-FAIRE"},"content":{"rendered":"<p>SAVOIR-FAIRE \u00e9 um luxuoso tecido bordado com um design inspirado na geometria da arte d\u00e9co, adornado com ricos tons atrav\u00e9s de intrincados pontos bordados muito decorativos. Confecionado numa elegante base de tecido de cetim de algod\u00e3o, \u00e9 o ep\u00edtome do luxo, elevando qualquer espa\u00e7o com o seu toque majestoso. Este tecido simboliza o verdadeiro conceito de savoir-faire em todas as esferas da vida glamourosa de Veva.<\/p>\n","protected":false},"excerpt":{"rendered":"<p>SAVOIR-FAIRE \u00e9 um luxuoso tecido bordado com um design inspirado na geometria da arte d\u00e9co, adornado com ricos tons atrav\u00e9s de intrincados pontos bordados muito decorativos. Confecionado numa elegante base de tecido de cetim de algod\u00e3o, \u00e9 o ep\u00edtome do luxo, elevando qualquer espa\u00e7o com o seu toque majestoso. Este tecido simboliza o verdadeiro conceito de savoir-faire em todas as esferas da vida glamourosa de Veva.<\/p>\n<h2>SAVOIR-FAIRE \u00e9 um luxuoso tecido bordado com um design inspirado na geometria da arte d\u00e9co, adornado com ricos tons atrav\u00e9s de intrincados pontos bordados muito decorativos. Confecionado numa elegante base de tecido de cetim de algod\u00e3o, \u00e9 o ep\u00edtome do luxo, elevando qualquer espa\u00e7o com o seu toque majestoso. Este tecido simboliza o verdadeiro conceito de savoir-faire em todas as esferas da vida glamourosa de Veva.<\/h2>\n<p><img fetchpriority=\"high\" decoding=\"async\" class=\"alignnone wp-image-179906 size-medium\" src=\"https:\/\/aldeco.pt\/staging\/wp-content\/uploads\/2024\/01\/T192900001-5-300x200.jpg\" alt=\"Savoir-Faire - Aldeco\" width=\"300\" height=\"200\" \/><\/p>\n<p><a href=\"https:\/\/www.instagram.com\/aldeco_interiorfabrics\/\">https:\/\/www.instagram.com\/aldeco_interiorfabrics\/<\/a><\/p>\n<p><a href=\"https:\/\/aldeco.pt\/staging\/product\/savoir-faire\/?attribute_pa_aldeco-color=01-retro-light\">https:\/\/aldeco.pt\/staging\/product\/savoir-faire\/?attribute_pa_aldeco-color=01-retro-light<\/a><\/p>\n","protected":false},"featured_media":156861,"template":"","meta":[],"product_brand":[],"product_cat":[6145],"product_tag":[],"class_list":{"0":"post-193503","1":"product","2":"type-product","3":"status-publish","4":"has-post-thumbnail","6":"product_cat-aldeco-2-pt-pt-2","7":"pa_cleanability-8282","8":"pa_composition-ext-100-co-bordado-80-vi-20-pl","9":"pa_interior-fabrics-1-pt-pt","10":"pa_line-tecidos","11":"pa_lithfastness-4-pt-pt","12":"pa_outdoor-0-pt-pt","13":"pa_range-bordado","14":"pa_range-escovado","15":"pa_rapport-horizontal-33-5-pt-pt","16":"pa_rapport-vertical-19-5-pt-pt","17":"pa_sustainable-fabrics-1-pt-pt","20":"first","21":"instock","22":"purchasable","23":"product-type-variable"},"acf":[],"_links":{"self":[{"href":"https:\/\/staging.aldeco.pt\/pt-pt\/wp-json\/wp\/v2\/product\/193503","targetHints":{"allow":["GET"]}}],"collection":[{"href":"https:\/\/staging.aldeco.pt\/pt-pt\/wp-json\/wp\/v2\/product"}],"about":[{"href":"https:\/\/staging.aldeco.pt\/pt-pt\/wp-json\/wp\/v2\/types\/product"}],"version-history":[{"count":2,"href":"https:\/\/staging.aldeco.pt\/pt-pt\/wp-json\/wp\/v2\/product\/193503\/revisions"}],"predecessor-version":[{"id":200902,"href":"https:\/\/staging.aldeco.pt\/pt-pt\/wp-json\/wp\/v2\/product\/193503\/revisions\/200902"}],"wp:featuredmedia":[{"embeddable":true,"href":"https:\/\/staging.aldeco.pt\/pt-pt\/wp-json\/wp\/v2\/media\/156861"}],"wp:attachment":[{"href":"https:\/\/staging.aldeco.pt\/pt-pt\/wp-json\/wp\/v2\/media?parent=193503"}],"wp:term":[{"taxonomy":"product_brand","embeddable":true,"href":"https:\/\/staging.aldeco.pt\/pt-pt\/wp-json\/wp\/v2\/product_brand?post=193503"},{"taxonomy":"product_cat","embeddable":true,"href":"https:\/\/staging.aldeco.pt\/pt-pt\/wp-json\/wp\/v2\/product_cat?post=193503"},{"taxonomy":"product_tag","embeddable":true,"href":"https:\/\/staging.aldeco.pt\/pt-pt\/wp-json\/wp\/v2\/product_tag?post=193503"}],"curies":[{"name":"wp","href":"https:\/\/api.w.org\/{rel}","templated":true}]}}