{"id":193492,"date":"2024-05-09T20:56:38","date_gmt":"2024-05-09T20:56:38","guid":{"rendered":"https:\/\/aldeco.pt\/staging\/product\/lulu-wlb\/"},"modified":"2024-10-07T10:39:56","modified_gmt":"2024-10-07T10:39:56","slug":"lulu-wlb","status":"publish","type":"product","link":"https:\/\/staging.aldeco.pt\/pt-pt\/product\/lulu-wlb\/","title":{"rendered":"LULU WLB"},"content":{"rendered":"<p>LULU WLB \u00e9 um tecido de cortina semitransparente com 300 cm de largura suave ao toque e elegante.<br \/>\nEste tecido leve de apar\u00eancia natural apresenta-se numa paleta de 5 tons neutros simplesmente irresist\u00edvel, tem fio de chumbo para uma ca\u00edda perfeita e delicada.<\/p>\n","protected":false},"excerpt":{"rendered":"<p>LULU WLB \u00e9 um tecido de cortina semitransparente com 300 cm de largura suave ao toque e elegante.<br \/>\nEste tecido leve de apar\u00eancia natural apresenta-se numa paleta de 5 tons neutros simplesmente irresist\u00edvel, tem fio de chumbo para uma ca\u00edda perfeita e delicada.<\/p>\n<h2>LULU WLB \u00e9 um tecido de cortina semitransparente com 300 cm de largura suave ao toque e elegante.<br \/>\nEste tecido leve de apar\u00eancia natural apresenta-se numa paleta de 5 tons neutros simplesmente irresist\u00edvel, tem fio de chumbo para uma ca\u00edda perfeita e delicada.<\/h2>\n<p><img fetchpriority=\"high\" decoding=\"async\" class=\"alignnone wp-image-179746 size-medium\" src=\"https:\/\/aldeco.pt\/staging\/wp-content\/uploads\/2024\/01\/T192990001-5-300x200.jpg\" alt=\"Lulu Wlb - Aldeco\" width=\"300\" height=\"200\" \/><\/p>\n<p><a href=\"https:\/\/aldeco.pt\/staging\/product\/lulu-wlb\/?attribute_pa_aldeco-color=01-pure-white\">https:\/\/aldeco.pt\/staging\/product\/lulu-wlb\/?attribute_pa_aldeco-color=01-pure-white<\/a><\/p>\n<p><a href=\"https:\/\/www.instagram.com\/aldeco_interiorfabrics\/\">https:\/\/www.instagram.com\/aldeco_interiorfabrics\/<\/a><\/p>\n<p>&nbsp;<\/p>\n","protected":false},"featured_media":140512,"template":"","meta":[],"product_brand":[],"product_cat":[6145,6153],"product_tag":[],"class_list":{"0":"post-193492","1":"product","2":"type-product","3":"status-publish","4":"has-post-thumbnail","6":"product_cat-aldeco-2-pt-pt-2","7":"product_cat-aldeco-smarter-pt-pt","8":"pa_cleanability-8282","9":"pa_composition-ext-100-pl-pt-pt","10":"pa_interior-fabrics-1-pt-pt","11":"pa_line-tecidos","12":"pa_lithfastness-4-pt-pt","13":"pa_outdoor-0-pt-pt","14":"pa_range-jacquard-pt-pt","15":"pa_range-transparente","16":"pa_rapport-vertical-11009","19":"first","20":"instock","21":"purchasable","22":"product-type-variable"},"acf":[],"_links":{"self":[{"href":"https:\/\/staging.aldeco.pt\/pt-pt\/wp-json\/wp\/v2\/product\/193492","targetHints":{"allow":["GET"]}}],"collection":[{"href":"https:\/\/staging.aldeco.pt\/pt-pt\/wp-json\/wp\/v2\/product"}],"about":[{"href":"https:\/\/staging.aldeco.pt\/pt-pt\/wp-json\/wp\/v2\/types\/product"}],"version-history":[{"count":2,"href":"https:\/\/staging.aldeco.pt\/pt-pt\/wp-json\/wp\/v2\/product\/193492\/revisions"}],"predecessor-version":[{"id":202104,"href":"https:\/\/staging.aldeco.pt\/pt-pt\/wp-json\/wp\/v2\/product\/193492\/revisions\/202104"}],"wp:featuredmedia":[{"embeddable":true,"href":"https:\/\/staging.aldeco.pt\/pt-pt\/wp-json\/wp\/v2\/media\/140512"}],"wp:attachment":[{"href":"https:\/\/staging.aldeco.pt\/pt-pt\/wp-json\/wp\/v2\/media?parent=193492"}],"wp:term":[{"taxonomy":"product_brand","embeddable":true,"href":"https:\/\/staging.aldeco.pt\/pt-pt\/wp-json\/wp\/v2\/product_brand?post=193492"},{"taxonomy":"product_cat","embeddable":true,"href":"https:\/\/staging.aldeco.pt\/pt-pt\/wp-json\/wp\/v2\/product_cat?post=193492"},{"taxonomy":"product_tag","embeddable":true,"href":"https:\/\/staging.aldeco.pt\/pt-pt\/wp-json\/wp\/v2\/product_tag?post=193492"}],"curies":[{"name":"wp","href":"https:\/\/api.w.org\/{rel}","templated":true}]}}