{"id":193425,"date":"2024-05-09T20:54:07","date_gmt":"2024-05-09T20:54:07","guid":{"rendered":"https:\/\/aldeco.pt\/staging\/product\/logical-easy-clean-fr\/"},"modified":"2024-10-03T11:27:40","modified_gmt":"2024-10-03T11:27:40","slug":"logical-easy-clean-fr","status":"publish","type":"product","link":"https:\/\/staging.aldeco.pt\/pt-pt\/product\/logical-easy-clean-fr\/","title":{"rendered":"LOGICAL EASY CLEAN FR"},"content":{"rendered":"<p>LOGICAL EASY CLEAN FR \u00e9 um tecido de robusto e bem estruturado, com toque macio e excelente durabilidade. Apar\u00eancia ligeiramente brilhante este tecido de estofo \u00e9 a combina\u00e7\u00e3o definitiva entre eleg\u00e2ncia, conforto e desempenho. Tons mesclados numa paleta rica proporcionam uma apar\u00eancia sofisticada e familiar.<br \/>\nEste tecido \u00e9 f\u00e1cil de limpar e dur\u00e1vel, com certifica\u00e7\u00e3o OEKO-TEX Standard 100, n\u00e3o possui subst\u00e2ncias nocivas para o meio ambiente. Possui diversas certifica\u00e7\u00f5es ign\u00edfugas e \u00e9 parcialmente composto por fibras recicladas de garrafas pl\u00e1sticas e res\u00edduos de produ\u00e7\u00e3o. LOGICAL EASY CLEAN FR \u00e9 um tecido muito especial dispon\u00edvel em 17 cores.<\/p>\n","protected":false},"excerpt":{"rendered":"<p>LOGICAL EASY CLEAN FR \u00e9 um tecido de robusto e bem estruturado, com toque macio e excelente durabilidade. Apar\u00eancia ligeiramente brilhante este tecido de estofo \u00e9 a combina\u00e7\u00e3o definitiva entre eleg\u00e2ncia, conforto e desempenho. Tons mesclados numa paleta rica proporcionam uma apar\u00eancia sofisticada e familiar.<br \/>\nEste tecido \u00e9 f\u00e1cil de limpar e dur\u00e1vel, com certifica\u00e7\u00e3o OEKO-TEX Standard 100, n\u00e3o possui subst\u00e2ncias nocivas para o meio ambiente. Possui diversas certifica\u00e7\u00f5es ign\u00edfugas e \u00e9 parcialmente composto por fibras recicladas de garrafas pl\u00e1sticas e res\u00edduos de produ\u00e7\u00e3o. LOGICAL EASY CLEAN FR \u00e9 um tecido muito especial dispon\u00edvel em 17 cores.<\/p>\n<h2>LOGICAL EASY CLEAN FR \u00e9 um tecido de robusto e bem estruturado, com toque macio e excelente durabilidade. Apar\u00eancia ligeiramente brilhante este tecido de estofo \u00e9 a combina\u00e7\u00e3o definitiva entre eleg\u00e2ncia, conforto e desempenho. Tons mesclados numa paleta rica proporcionam uma apar\u00eancia sofisticada e familiar.<\/h2>\n<h2><img fetchpriority=\"high\" decoding=\"async\" class=\"alignnone wp-image-161147 size-medium\" src=\"https:\/\/aldeco.pt\/staging\/wp-content\/uploads\/2024\/05\/T017620013-300x200.jpg\" alt=\"Logical Easy Clean FR - Aldeco\" width=\"300\" height=\"200\" \/><\/h2>\n<p><a href=\"https:\/\/www.instagram.com\/aldeco_interiorfabrics\/\">https:\/\/www.instagram.com\/aldeco_interiorfabrics\/<\/a><\/p>\n<p><a href=\"https:\/\/aldeco.pt\/staging\/product\/logical-easy-clean-fr\/?attribute_pa_aldeco-color=01-major-white\">https:\/\/aldeco.pt\/staging\/product\/logical-easy-clean-fr\/?attribute_pa_aldeco-color=01-major-white<\/a><\/p>\n<p>&nbsp;<\/p>\n","protected":false},"featured_media":177869,"template":"","meta":[],"product_brand":[],"product_cat":[6145],"product_tag":[],"class_list":{"0":"post-193425","1":"product","2":"type-product","3":"status-publish","4":"has-post-thumbnail","6":"product_cat-aldeco-2-pt-pt-2","7":"pa_cleanability-4-pt-pt","8":"pa_composition-ext-49-pp-47-pl-4-co-pt-pt","9":"pa_contract-fabrics-1-pt-pt","10":"pa_interior-fabrics-1-pt-pt","11":"pa_line-tecidos","12":"pa_lithfastness-5-6-pt-pt","13":"pa_outdoor-0-pt-pt","14":"pa_range-liso","15":"pa_rapport-vertical-11009","16":"pa_special-treatments-fabrics-1-pt-pt","17":"pa_sustainable-fabrics-1-pt-pt","20":"first","21":"instock","22":"purchasable","23":"product-type-variable"},"acf":[],"_links":{"self":[{"href":"https:\/\/staging.aldeco.pt\/pt-pt\/wp-json\/wp\/v2\/product\/193425","targetHints":{"allow":["GET"]}}],"collection":[{"href":"https:\/\/staging.aldeco.pt\/pt-pt\/wp-json\/wp\/v2\/product"}],"about":[{"href":"https:\/\/staging.aldeco.pt\/pt-pt\/wp-json\/wp\/v2\/types\/product"}],"version-history":[{"count":2,"href":"https:\/\/staging.aldeco.pt\/pt-pt\/wp-json\/wp\/v2\/product\/193425\/revisions"}],"predecessor-version":[{"id":201961,"href":"https:\/\/staging.aldeco.pt\/pt-pt\/wp-json\/wp\/v2\/product\/193425\/revisions\/201961"}],"wp:featuredmedia":[{"embeddable":true,"href":"https:\/\/staging.aldeco.pt\/pt-pt\/wp-json\/wp\/v2\/media\/177869"}],"wp:attachment":[{"href":"https:\/\/staging.aldeco.pt\/pt-pt\/wp-json\/wp\/v2\/media?parent=193425"}],"wp:term":[{"taxonomy":"product_brand","embeddable":true,"href":"https:\/\/staging.aldeco.pt\/pt-pt\/wp-json\/wp\/v2\/product_brand?post=193425"},{"taxonomy":"product_cat","embeddable":true,"href":"https:\/\/staging.aldeco.pt\/pt-pt\/wp-json\/wp\/v2\/product_cat?post=193425"},{"taxonomy":"product_tag","embeddable":true,"href":"https:\/\/staging.aldeco.pt\/pt-pt\/wp-json\/wp\/v2\/product_tag?post=193425"}],"curies":[{"name":"wp","href":"https:\/\/api.w.org\/{rel}","templated":true}]}}