{"id":193394,"date":"2024-05-28T16:14:48","date_gmt":"2024-05-28T16:14:48","guid":{"rendered":"https:\/\/aldeco.pt\/staging\/product\/linus\/"},"modified":"2024-10-01T13:46:32","modified_gmt":"2024-10-01T13:46:32","slug":"linus","status":"publish","type":"product","link":"https:\/\/staging.aldeco.pt\/pt-pt\/product\/linus\/","title":{"rendered":"LINUS"},"content":{"rendered":"<p>Tecido texturado e opaco de apar\u00eancia fabulosa e com 300 cm de largura. 100% Polyester e disponivel em 25 cores. Apresentamos tamb\u00e9m este tecido numa vers\u00e3o \u00e0 prova de fogo com certifica\u00e7\u00e3o equivalente a M1\/B1\/BS\/AO7 CREW \/ IMO.<\/p>\n","protected":false},"excerpt":{"rendered":"<p>Tecido texturado e opaco de apar\u00eancia fabulosa e com 300 cm de largura. 100% Polyester e disponivel em 25 cores. Apresentamos tamb\u00e9m este tecido numa vers\u00e3o \u00e0 prova de fogo com certifica\u00e7\u00e3o equivalente a M1\/B1\/BS\/AO7 CREW \/ IMO.<\/p>\n<h2>Linus \u00e9 um tecido texturado e opaco de apar\u00eancia fabulosa e com 300 cm de largura. 100% Polyester e disponivel em 25 cores. Apresentamos tamb\u00e9m este tecido numa vers\u00e3o \u00e0 prova de fogo com certifica\u00e7\u00e3o equivalente a M1\/B1\/BS\/AO7 CREW \/ IMO.<\/h2>\n<p><a href=\"https:\/\/aldeco.pt\/staging\/product\/linus\/?attribute_pa_aldeco-color=01-snow-white\">https:\/\/aldeco.pt\/staging\/product\/linus\/?attribute_pa_aldeco-color=01-snow-white<\/a><\/p>\n<p><a href=\"https:\/\/www.instagram.com\/aldeco_interiorfabrics\/\">https:\/\/www.instagram.com\/aldeco_interiorfabrics\/<\/a><\/p>\n<p><a href=\"https:\/\/www.facebook.com\/aldecointeriorfabrics\/\">https:\/\/www.facebook.com\/aldecointeriorfabrics\/<\/a><\/p>\n<p><a href=\"https:\/\/www.linkedin.com\/company\/aldeco-interior-fabrics\/\">https:\/\/www.linkedin.com\/company\/aldeco-interior-fabrics\/<\/a><\/p>\n<p><a href=\"https:\/\/pt.pinterest.com\/aldecointeriorf\/\">https:\/\/pt.pinterest.com\/aldecointeriorf\/<\/a><\/p>\n<p><a href=\"https:\/\/twitter.com\/Aldecoifabrics\">https:\/\/twitter.com\/Aldecoifabrics<\/a><\/p>\n<p><a href=\"https:\/\/www.tiktok.com\/@aldeco.interiorfabrics\">https:\/\/www.tiktok.com\/@aldeco.interiorfabrics<\/a><\/p>\n<p><a href=\"https:\/\/issuu.com\/aldecointeriorfabrics\">https:\/\/issuu.com\/aldecointeriorfabrics<\/a><\/p>\n<p><img fetchpriority=\"high\" decoding=\"async\" class=\"alignnone wp-image-162278 size-medium\" src=\"https:\/\/aldeco.pt\/staging\/wp-content\/uploads\/2024\/05\/T019900016-300x240.jpg\" alt=\"Linus - Aldeco\" width=\"300\" height=\"240\" \/><\/p>\n<p>&nbsp;<\/p>\n","protected":false},"featured_media":162252,"template":"","meta":[],"product_brand":[],"product_cat":[6145],"product_tag":[],"class_list":{"0":"post-193394","1":"product","2":"type-product","3":"status-publish","4":"has-post-thumbnail","6":"product_cat-aldeco-2-pt-pt-2","7":"pa_cleanability-8282","8":"pa_composition-ext-100-pl-pt-pt","9":"pa_interior-fabrics-1-pt-pt","10":"pa_line-tecidos","11":"pa_lithfastness-4-5-pt-pt-2","12":"pa_range-liso","15":"first","16":"instock","17":"shipping-taxable","18":"purchasable","19":"product-type-variable"},"acf":[],"_links":{"self":[{"href":"https:\/\/staging.aldeco.pt\/pt-pt\/wp-json\/wp\/v2\/product\/193394","targetHints":{"allow":["GET"]}}],"collection":[{"href":"https:\/\/staging.aldeco.pt\/pt-pt\/wp-json\/wp\/v2\/product"}],"about":[{"href":"https:\/\/staging.aldeco.pt\/pt-pt\/wp-json\/wp\/v2\/types\/product"}],"version-history":[{"count":2,"href":"https:\/\/staging.aldeco.pt\/pt-pt\/wp-json\/wp\/v2\/product\/193394\/revisions"}],"predecessor-version":[{"id":201639,"href":"https:\/\/staging.aldeco.pt\/pt-pt\/wp-json\/wp\/v2\/product\/193394\/revisions\/201639"}],"wp:featuredmedia":[{"embeddable":true,"href":"https:\/\/staging.aldeco.pt\/pt-pt\/wp-json\/wp\/v2\/media\/162252"}],"wp:attachment":[{"href":"https:\/\/staging.aldeco.pt\/pt-pt\/wp-json\/wp\/v2\/media?parent=193394"}],"wp:term":[{"taxonomy":"product_brand","embeddable":true,"href":"https:\/\/staging.aldeco.pt\/pt-pt\/wp-json\/wp\/v2\/product_brand?post=193394"},{"taxonomy":"product_cat","embeddable":true,"href":"https:\/\/staging.aldeco.pt\/pt-pt\/wp-json\/wp\/v2\/product_cat?post=193394"},{"taxonomy":"product_tag","embeddable":true,"href":"https:\/\/staging.aldeco.pt\/pt-pt\/wp-json\/wp\/v2\/product_tag?post=193394"}],"curies":[{"name":"wp","href":"https:\/\/api.w.org\/{rel}","templated":true}]}}