{"id":193379,"date":"2024-05-24T10:02:44","date_gmt":"2024-05-24T10:02:44","guid":{"rendered":"https:\/\/aldeco.pt\/staging\/product\/lima-wlb\/"},"modified":"2024-08-06T11:15:29","modified_gmt":"2024-08-06T11:15:29","slug":"lima-wlb","status":"publish","type":"product","link":"https:\/\/staging.aldeco.pt\/pt-pt\/product\/lima-wlb\/","title":{"rendered":"LIMA WLB"},"content":{"rendered":"<p>LIMA WLB \u00e9 um tecido jacquard de cortina com 320 cm de largura. Este tecido muito largo \u00e9 ideal para tetos particularmente altos e apresenta uma textura discreta de apar\u00eancia natural em 3 tons neutros simplesmente irresist\u00edvel. Encontra-se dispon\u00edvel j\u00e1 com fio de chumbo para uma ca\u00edda perfeita.<\/p>\n","protected":false},"excerpt":{"rendered":"<p>LIMA WLB \u00e9 um tecido jacquard de cortina com 320 cm de largura. Este tecido muito largo \u00e9 ideal para tetos particularmente altos e apresenta uma textura discreta de apar\u00eancia natural em 3 tons neutros simplesmente irresist\u00edvel. Encontra-se dispon\u00edvel j\u00e1 com fio de chumbo para uma ca\u00edda perfeita.<\/p>\n<h2>LIMA WLB \u00e9 um tecido jacquard de cortina com 320 cm de largura. Este tecido muito largo \u00e9 ideal para tetos particularmente altos e apresenta uma textura discreta de apar\u00eancia natural em 3 tons neutros simplesmente irresist\u00edvel. Encontra-se dispon\u00edvel j\u00e1 com fio de chumbo para uma ca\u00edda perfeita.<\/h2>\n<p><img fetchpriority=\"high\" decoding=\"async\" class=\"alignnone wp-image-161801 size-medium\" src=\"https:\/\/aldeco.pt\/staging\/wp-content\/uploads\/2024\/05\/T192980001-300x200.jpg\" alt=\"Lima Wlb - Aldeco\" width=\"300\" height=\"200\"><\/p>\n<p><a href=\"https:\/\/www.instagram.com\/aldeco_interiorfabrics\/\">https:\/\/www.instagram.com\/aldeco_interiorfabrics\/<\/a><\/p>\n<p><a href=\"https:\/\/aldeco.pt\/staging\/product\/lima-wlb\/?attribute_pa_aldeco-color=01-natural-white\">https:\/\/aldeco.pt\/staging\/product\/lima-wlb\/?attribute_pa_aldeco-color=01-natural-white<\/a><\/p>\n","protected":false},"featured_media":161802,"template":"","meta":[],"product_brand":[],"product_cat":[6145,6153],"product_tag":[],"class_list":{"0":"post-193379","1":"product","2":"type-product","3":"status-publish","4":"has-post-thumbnail","6":"product_cat-aldeco-2-pt-pt-2","7":"product_cat-aldeco-smarter-pt-pt","8":"pa_cleanability-8282","9":"pa_composition-ext-100-pl-pt-pt","10":"pa_interior-fabrics-1-pt-pt","11":"pa_line-tecidos","12":"pa_lithfastness-4-pt-pt","13":"pa_range-liso","14":"pa_range-transparente","17":"first","18":"instock","19":"shipping-taxable","20":"purchasable","21":"product-type-variable"},"acf":[],"_links":{"self":[{"href":"https:\/\/staging.aldeco.pt\/pt-pt\/wp-json\/wp\/v2\/product\/193379","targetHints":{"allow":["GET"]}}],"collection":[{"href":"https:\/\/staging.aldeco.pt\/pt-pt\/wp-json\/wp\/v2\/product"}],"about":[{"href":"https:\/\/staging.aldeco.pt\/pt-pt\/wp-json\/wp\/v2\/types\/product"}],"version-history":[{"count":1,"href":"https:\/\/staging.aldeco.pt\/pt-pt\/wp-json\/wp\/v2\/product\/193379\/revisions"}],"predecessor-version":[{"id":193699,"href":"https:\/\/staging.aldeco.pt\/pt-pt\/wp-json\/wp\/v2\/product\/193379\/revisions\/193699"}],"wp:featuredmedia":[{"embeddable":true,"href":"https:\/\/staging.aldeco.pt\/pt-pt\/wp-json\/wp\/v2\/media\/161802"}],"wp:attachment":[{"href":"https:\/\/staging.aldeco.pt\/pt-pt\/wp-json\/wp\/v2\/media?parent=193379"}],"wp:term":[{"taxonomy":"product_brand","embeddable":true,"href":"https:\/\/staging.aldeco.pt\/pt-pt\/wp-json\/wp\/v2\/product_brand?post=193379"},{"taxonomy":"product_cat","embeddable":true,"href":"https:\/\/staging.aldeco.pt\/pt-pt\/wp-json\/wp\/v2\/product_cat?post=193379"},{"taxonomy":"product_tag","embeddable":true,"href":"https:\/\/staging.aldeco.pt\/pt-pt\/wp-json\/wp\/v2\/product_tag?post=193379"}],"curies":[{"name":"wp","href":"https:\/\/api.w.org\/{rel}","templated":true}]}}